{"id":1260,"date":"2025-10-28T14:42:51","date_gmt":"2025-10-28T14:42:51","guid":{"rendered":"https:\/\/vetaustral.com.ar\/?post_type=product&#038;p=1260"},"modified":"2026-01-29T11:29:26","modified_gmt":"2026-01-29T11:29:26","slug":"griseofulvina-x-30-comp-elmer","status":"publish","type":"product","link":"https:\/\/vetaustral.com.ar\/?product=griseofulvina-x-30-comp-elmer","title":{"rendered":"Griseofulvina x 30 comp &#8211; Elmer"},"content":{"rendered":"<p>Contiene 3 bl\u00edsters de 10 comprimidos.<\/p>\n<ul>\n<li>Fungist\u00e1tico<\/li>\n<li>Para <strong>caninos<\/strong>, <strong>felinos<\/strong>, <strong>pil\u00edferos <\/strong><\/li>\n<\/ul>\n<p><strong>Formula:<\/strong><br \/>\nCada comprimido contiene Griseofulvina micro cristalina 250<br \/>\nmg.<\/p>\n<p><strong>Acci\u00f3n:<\/strong><br \/>\nUna vez absorbida, la griseofulvina pasa a sangre para<br \/>\ndepositarse en las c\u00e9lulas basales de la epidermis en<br \/>\nformaci\u00f3n, que al queratinizarse, retienen suficiente cantidad<br \/>\ncomo para detener el crecimiento del dermatofito. El f\u00e1rmaco<br \/>\ntiene una vida media plasm\u00e1tica de alrededor de un d\u00eda y se<br \/>\nadministra una vez al d\u00eda. Despu\u00e9s de la absorci\u00f3n intestinal,<br \/>\nel f\u00e1rmaco se deposita selectivamente en el estrato c\u00f3rneo en<br \/>\nel t\u00e9rmino de 4 a 8 horas. Se alcanza el nivel plasm\u00e1tico de 1<br \/>\nmcg\/ml en alrededor de 4 horas despu\u00e9s de la administraci\u00f3n<br \/>\noral.<br \/>\nInterfiere en la s\u00edntesis de las prote\u00ednas y los \u00e1cidos nucleicos<br \/>\nde la pared celular de los hongos en crecimiento activo. Afecta<br \/>\nel sistema microtubular, altera la estructura del huso mit\u00f3tico y<br \/>\ndetiene, en consecuencia, el ciclo de la c\u00e9lula en la fase M.<br \/>\nInhibe el crecimiento de algunos dermatofitos (Microsporum,<br \/>\nTrichophyton y Epidermophyton).<br \/>\nSe une a c\u00e9lulas precursoras de la queratina de cabello, piel y<br \/>\nu\u00f1as, preferencialmente por las c\u00e9lulas infectadas, lo que<br \/>\npermite que el f\u00e1rmaco altere las c\u00e9lulas mic\u00f3ticas ya<br \/>\npresentes y genere un medio desfavorable para el crecimiento<br \/>\ndel hongo.<br \/>\n<strong>Espectro antif\u00fangico:<\/strong><br \/>\nTodos los dermatofitos son sensibles a la griseofulvina.<br \/>\nEmpero, los que m\u00e1s interesan en los perros, gatos, conejos,<br \/>\nchinchillas, cobayos son el Microsporum canis, Microsporum<br \/>\ngypseum, y Tricophython mentagrophytes. No act\u00faa contra<br \/>\nCandida albicans.<br \/>\n<strong>Indicaciones:<\/strong><br \/>\nIndicado para micosis cut\u00e1neas en perros, gatos y pil\u00edferos<br \/>\ncausadas por Microsporum Canis, Microsporum gypseum,<br \/>\nMicrosporum spp., Trichophyton spp., y Epidermophyton spp.<\/p>\n<p>Elmer<\/p>\n","protected":false},"excerpt":{"rendered":"<p>Contiene 3 bl\u00edsters de 10 comprimidos. Fungist\u00e1tico Para caninos, felinos, pil\u00edferos Formula: Cada comprimido contiene Griseofulvina micro cristalina 250 mg. Acci\u00f3n: Una vez absorbida, la griseofulvina pasa a sangre para depositarse en las c\u00e9lulas basales de la epidermis en formaci\u00f3n, que al queratinizarse, retienen suficiente cantidad como para detener el crecimiento del dermatofito. El f\u00e1rmaco &#8230; <a title=\"Griseofulvina x 30 comp &#8211; Elmer\" class=\"read-more\" href=\"https:\/\/vetaustral.com.ar\/?product=griseofulvina-x-30-comp-elmer\" aria-label=\"Leer m\u00e1s sobre Griseofulvina x 30 comp &#8211; Elmer\">Leer m\u00e1s<\/a><\/p>\n","protected":false},"featured_media":1261,"comment_status":"open","ping_status":"closed","template":"","meta":[],"product_brand":[145],"product_cat":[36,32],"product_tag":[73],"class_list":{"0":"post-1260","1":"product","2":"type-product","3":"status-publish","4":"has-post-thumbnail","6":"product_brand-elmer","7":"product_cat-animales-de-compania","8":"product_cat-farmacia","9":"product_tag-antimicotico","10":"sales-flash-overlay","11":"woocommerce-text-align-center","12":"woocommerce-image-align-center","13":"do-quantity-buttons","15":"first","16":"instock","17":"taxable","18":"shipping-taxable","19":"purchasable","20":"product-type-simple"},"jetpack_sharing_enabled":true,"_links":{"self":[{"href":"https:\/\/vetaustral.com.ar\/index.php?rest_route=\/wp\/v2\/product\/1260","targetHints":{"allow":["GET"]}}],"collection":[{"href":"https:\/\/vetaustral.com.ar\/index.php?rest_route=\/wp\/v2\/product"}],"about":[{"href":"https:\/\/vetaustral.com.ar\/index.php?rest_route=\/wp\/v2\/types\/product"}],"replies":[{"embeddable":true,"href":"https:\/\/vetaustral.com.ar\/index.php?rest_route=%2Fwp%2Fv2%2Fcomments&post=1260"}],"wp:featuredmedia":[{"embeddable":true,"href":"https:\/\/vetaustral.com.ar\/index.php?rest_route=\/wp\/v2\/media\/1261"}],"wp:attachment":[{"href":"https:\/\/vetaustral.com.ar\/index.php?rest_route=%2Fwp%2Fv2%2Fmedia&parent=1260"}],"wp:term":[{"taxonomy":"product_brand","embeddable":true,"href":"https:\/\/vetaustral.com.ar\/index.php?rest_route=%2Fwp%2Fv2%2Fproduct_brand&post=1260"},{"taxonomy":"product_cat","embeddable":true,"href":"https:\/\/vetaustral.com.ar\/index.php?rest_route=%2Fwp%2Fv2%2Fproduct_cat&post=1260"},{"taxonomy":"product_tag","embeddable":true,"href":"https:\/\/vetaustral.com.ar\/index.php?rest_route=%2Fwp%2Fv2%2Fproduct_tag&post=1260"}],"curies":[{"name":"wp","href":"https:\/\/api.w.org\/{rel}","templated":true}]}}