{"id":1256,"date":"2025-10-28T14:13:39","date_gmt":"2025-10-28T14:13:39","guid":{"rendered":"https:\/\/vetaustral.com.ar\/?post_type=product&#038;p=1256"},"modified":"2026-01-29T11:28:18","modified_gmt":"2026-01-29T11:28:18","slug":"prednisolona-10-mg-x-10-comp-elmer","status":"publish","type":"product","link":"https:\/\/vetaustral.com.ar\/?product=prednisolona-10-mg-x-10-comp-elmer","title":{"rendered":"Prednisolona 10 mg x 10 comp &#8211; Elmer"},"content":{"rendered":"<p>Contiene 1 bl\u00edster de 10 comprimidos.<\/p>\n<ul>\n<li>Antiinflamatorio<\/li>\n<li>Antial\u00e9rgico<\/li>\n<li>Para <strong>perros<\/strong> y <strong>gatos<\/strong><\/li>\n<\/ul>\n<p><strong>F\u00f3rmula:<\/strong><br \/>\nCada comprimido contiene Prednisolona 10mg., excipientes<br \/>\ncsp.<\/p>\n<p><strong>Acci\u00f3n:<\/strong><br \/>\n<strong>PREDNISOLONA ELMER<\/strong> es un corticoesteroide sint\u00e9tico de<br \/>\nacci\u00f3n intermedia por su efectividad en muchos procesos<br \/>\nantiinflamatorios, al\u00e9rgicos, autoinmunes y, a\u00fan en cierto tipo<br \/>\nde neoplasias.<br \/>\nSu presentaci\u00f3n en comprimidos permite el uso por v\u00eda oral,<br \/>\nque es de elecci\u00f3n en un plan de suministro en d\u00edas<br \/>\nalternados, ajust\u00e1ndose al ritmo circulatorio ( o Circadiano)<br \/>\nnormal de cada especie sin inhibici\u00f3n del eje hipot\u00e1lamo<br \/>\nhipofisario.<br \/>\n<strong>Indicaciones:<\/strong><br \/>\n<strong>PREDNISOLONA ELMER<\/strong> est\u00e1 indicada para la terapia de<br \/>\nreemplazo, como tratamiento de procesos inflamatorios y<br \/>\nalergias al suprimir los mecanismos inmunol\u00f3gicos. Controla<br \/>\nlas enfermedades autoinmunes, como el complejo p\u00e9nfigo,<br \/>\nintegrado por el p\u00e9nfigo vulgar y su variante p\u00e9nfigo vegetante,<br \/>\nas\u00ed como el p\u00e9nfigo foli\u00e1ceo, la forma m\u00e1s com\u00fan en el perro y<br \/>\nen el gato y su forma benigna el p\u00e9nfigo eritematoso.<\/p>\n<p>Elmer<\/p>\n","protected":false},"excerpt":{"rendered":"<p>Contiene 1 bl\u00edster de 10 comprimidos. Antiinflamatorio Antial\u00e9rgico Para perros y gatos F\u00f3rmula: Cada comprimido contiene Prednisolona 10mg., excipientes csp. Acci\u00f3n: PREDNISOLONA ELMER es un corticoesteroide sint\u00e9tico de acci\u00f3n intermedia por su efectividad en muchos procesos antiinflamatorios, al\u00e9rgicos, autoinmunes y, a\u00fan en cierto tipo de neoplasias. Su presentaci\u00f3n en comprimidos permite el uso por v\u00eda &#8230; <a title=\"Prednisolona 10 mg x 10 comp &#8211; Elmer\" class=\"read-more\" href=\"https:\/\/vetaustral.com.ar\/?product=prednisolona-10-mg-x-10-comp-elmer\" aria-label=\"Leer m\u00e1s sobre Prednisolona 10 mg x 10 comp &#8211; Elmer\">Leer m\u00e1s<\/a><\/p>\n","protected":false},"featured_media":1257,"comment_status":"open","ping_status":"closed","template":"","meta":[],"product_brand":[145],"product_cat":[36,32],"product_tag":[44,48],"class_list":{"0":"post-1256","1":"product","2":"type-product","3":"status-publish","4":"has-post-thumbnail","6":"product_brand-elmer","7":"product_cat-animales-de-compania","8":"product_cat-farmacia","9":"product_tag-antiinflamatorio","10":"product_tag-esteroide","11":"sales-flash-overlay","12":"woocommerce-text-align-center","13":"woocommerce-image-align-center","14":"do-quantity-buttons","16":"first","17":"instock","18":"taxable","19":"shipping-taxable","20":"purchasable","21":"product-type-simple"},"jetpack_sharing_enabled":true,"_links":{"self":[{"href":"https:\/\/vetaustral.com.ar\/index.php?rest_route=\/wp\/v2\/product\/1256","targetHints":{"allow":["GET"]}}],"collection":[{"href":"https:\/\/vetaustral.com.ar\/index.php?rest_route=\/wp\/v2\/product"}],"about":[{"href":"https:\/\/vetaustral.com.ar\/index.php?rest_route=\/wp\/v2\/types\/product"}],"replies":[{"embeddable":true,"href":"https:\/\/vetaustral.com.ar\/index.php?rest_route=%2Fwp%2Fv2%2Fcomments&post=1256"}],"wp:featuredmedia":[{"embeddable":true,"href":"https:\/\/vetaustral.com.ar\/index.php?rest_route=\/wp\/v2\/media\/1257"}],"wp:attachment":[{"href":"https:\/\/vetaustral.com.ar\/index.php?rest_route=%2Fwp%2Fv2%2Fmedia&parent=1256"}],"wp:term":[{"taxonomy":"product_brand","embeddable":true,"href":"https:\/\/vetaustral.com.ar\/index.php?rest_route=%2Fwp%2Fv2%2Fproduct_brand&post=1256"},{"taxonomy":"product_cat","embeddable":true,"href":"https:\/\/vetaustral.com.ar\/index.php?rest_route=%2Fwp%2Fv2%2Fproduct_cat&post=1256"},{"taxonomy":"product_tag","embeddable":true,"href":"https:\/\/vetaustral.com.ar\/index.php?rest_route=%2Fwp%2Fv2%2Fproduct_tag&post=1256"}],"curies":[{"name":"wp","href":"https:\/\/api.w.org\/{rel}","templated":true}]}}