{"id":1252,"date":"2025-10-28T13:54:37","date_gmt":"2025-10-28T13:54:37","guid":{"rendered":"https:\/\/vetaustral.com.ar\/?post_type=product&#038;p=1252"},"modified":"2026-01-29T11:26:00","modified_gmt":"2026-01-29T11:26:00","slug":"tetraelmer-x-10-caps-elmer","status":"publish","type":"product","link":"https:\/\/vetaustral.com.ar\/?product=tetraelmer-x-10-caps-elmer","title":{"rendered":"Tetraelmer x 10 caps &#8211; Elmer"},"content":{"rendered":"<p>Contiene 1 blister con 10 capsulas.<\/p>\n<ul>\n<li>Antibi\u00f3tico<\/li>\n<li>Para <strong>felinos<\/strong>, <strong>caninos<\/strong>, <strong>bovinos<\/strong>, <strong>equinos<\/strong>, <strong>aves<\/strong>,<br \/>\n<strong>piliferos<\/strong>, <strong>ovinos<\/strong>, y <strong>porcinos.\u00a0<\/strong><\/li>\n<\/ul>\n<p><strong>F\u00f3rmula:<\/strong><br \/>\nCada capsula contiene Clorhidrato de tetraciclina 250mg.,<br \/>\nAscorbato de sodio 200mg.<\/p>\n<p>El clorhidrato de tetraciclina es un antibi\u00f3tico de amplio<br \/>\nespectro, de acci\u00f3n bacteriost\u00e1tica, que una vez absorbido se<br \/>\ndistribuye uniformemente por todo el organismo. En cuanto a<br \/>\nla Vitamina C, adem\u00e1s de prolongar los de por si elevados<br \/>\nniveles plasm\u00e1ticos de la Tetraciclina, coadyuva mejorando la<br \/>\nresistencia capilar, disminuida cuando participan toxinas en el<br \/>\ncuerpo de las enfermedades infecciosas<br \/>\n<strong>Indicaciones:<\/strong><br \/>\nEl producto est\u00e1 indicado en el tratamiento de enfermedades<br \/>\ninfecciosas bacterianas causadas por g\u00e9rmenes sensibles a la<br \/>\ntetraciclina.<br \/>\n<strong>Terneros , corderos, lechones y potrillos:<\/strong> Colibacilosis,<br \/>\nsalmonelosis, pasteurelosis, neumon\u00edas, neunoenteritis,<br \/>\nleptospirosis, diarreas bacterianas inespecificas, infecciones<br \/>\numbilicales , shigelosis,estreptococcias, estafilococcias,<br \/>\ninfecciones gastrointestinales y genitourinarias.<br \/>\n<strong>Piliferos (conejos, nutrias y visones) :<\/strong> Neumonias,<br \/>\npleuroneumonias, enteritis infecciosas y pasteurelosis.<br \/>\n<strong>Aves:<\/strong> E.R.C., colibacilosis, colera, tifus, paratifus, coriza,<br \/>\nsinovitis, pullorosis, complicaciones bacterianas de<br \/>\nenfermedades virales.<br \/>\n<strong>Perros y gatos:<\/strong> Bronquitis, neumonias, enteritis, infecciones<br \/>\nbacterianas en gral .<\/p>\n<p>Elmer<\/p>\n","protected":false},"excerpt":{"rendered":"<p>Contiene 1 blister con 10 capsulas. Antibi\u00f3tico Para felinos, caninos, bovinos, equinos, aves, piliferos, ovinos, y porcinos.\u00a0 F\u00f3rmula: Cada capsula contiene Clorhidrato de tetraciclina 250mg., Ascorbato de sodio 200mg. El clorhidrato de tetraciclina es un antibi\u00f3tico de amplio espectro, de acci\u00f3n bacteriost\u00e1tica, que una vez absorbido se distribuye uniformemente por todo el organismo. En cuanto &#8230; <a title=\"Tetraelmer x 10 caps &#8211; Elmer\" class=\"read-more\" href=\"https:\/\/vetaustral.com.ar\/?product=tetraelmer-x-10-caps-elmer\" aria-label=\"Leer m\u00e1s sobre Tetraelmer x 10 caps &#8211; Elmer\">Leer m\u00e1s<\/a><\/p>\n","protected":false},"featured_media":1253,"comment_status":"open","ping_status":"closed","template":"","meta":[],"product_brand":[145],"product_cat":[36,33,32,52],"product_tag":[53,160],"class_list":{"0":"post-1252","1":"product","2":"type-product","3":"status-publish","4":"has-post-thumbnail","6":"product_brand-elmer","7":"product_cat-animales-de-compania","8":"product_cat-equinos","9":"product_cat-farmacia","10":"product_cat-grandes-animales","11":"product_tag-antibiotico","12":"product_tag-capsulas","13":"sales-flash-overlay","14":"woocommerce-text-align-center","15":"woocommerce-image-align-center","16":"do-quantity-buttons","18":"first","19":"instock","20":"taxable","21":"shipping-taxable","22":"purchasable","23":"product-type-simple"},"jetpack_sharing_enabled":true,"_links":{"self":[{"href":"https:\/\/vetaustral.com.ar\/index.php?rest_route=\/wp\/v2\/product\/1252","targetHints":{"allow":["GET"]}}],"collection":[{"href":"https:\/\/vetaustral.com.ar\/index.php?rest_route=\/wp\/v2\/product"}],"about":[{"href":"https:\/\/vetaustral.com.ar\/index.php?rest_route=\/wp\/v2\/types\/product"}],"replies":[{"embeddable":true,"href":"https:\/\/vetaustral.com.ar\/index.php?rest_route=%2Fwp%2Fv2%2Fcomments&post=1252"}],"wp:featuredmedia":[{"embeddable":true,"href":"https:\/\/vetaustral.com.ar\/index.php?rest_route=\/wp\/v2\/media\/1253"}],"wp:attachment":[{"href":"https:\/\/vetaustral.com.ar\/index.php?rest_route=%2Fwp%2Fv2%2Fmedia&parent=1252"}],"wp:term":[{"taxonomy":"product_brand","embeddable":true,"href":"https:\/\/vetaustral.com.ar\/index.php?rest_route=%2Fwp%2Fv2%2Fproduct_brand&post=1252"},{"taxonomy":"product_cat","embeddable":true,"href":"https:\/\/vetaustral.com.ar\/index.php?rest_route=%2Fwp%2Fv2%2Fproduct_cat&post=1252"},{"taxonomy":"product_tag","embeddable":true,"href":"https:\/\/vetaustral.com.ar\/index.php?rest_route=%2Fwp%2Fv2%2Fproduct_tag&post=1252"}],"curies":[{"name":"wp","href":"https:\/\/api.w.org\/{rel}","templated":true}]}}