{"id":1244,"date":"2025-10-28T13:16:47","date_gmt":"2025-10-28T13:16:47","guid":{"rendered":"https:\/\/vetaustral.com.ar\/?post_type=product&#038;p=1244"},"modified":"2026-01-29T11:19:27","modified_gmt":"2026-01-29T11:19:27","slug":"shampoo-cachorros-x-250-ml-elmer","status":"publish","type":"product","link":"https:\/\/vetaustral.com.ar\/?product=shampoo-cachorros-x-250-ml-elmer","title":{"rendered":"Shampoo cachorros x 250 ml &#8211; Elmer"},"content":{"rendered":"<p>Contiene 1 frasco de 250 ml.<\/p>\n<ul>\n<li>Ph neutro<\/li>\n<li>Higieniza<\/li>\n<\/ul>\n<p><strong>FORMULA<\/strong>:<\/p>\n<p>Cada 100 ml contiene:<\/p>\n<p>Lauril etoxi sulfato de sodio\u2026\u2026\u2026..15 g.<\/p>\n<p>Excipientes c.s.p\u2026\u2026\u2026\u2026\u2026\u2026\u2026\u2026\u2026.100 mL<\/p>\n<p><strong>INDICACIONES<\/strong>:<\/p>\n<p>Shampoo para el lavado higiene de la piel y el pelo de <strong>Caninos<\/strong> y <strong>Felinos<\/strong>. Especialmente indicado por su suavidad para animales j\u00f3venes.<\/p>\n<p><strong>MODO DE USO:<\/strong><\/p>\n<p>Mojar perfectamente y dispersar el shampoo con las manos sobre el lomo y luego en el resto del cuerpo. Se considera que tres cucharadas soperas son suficientes para un perro adulto, ajustar la cantidad seg\u00fan tama\u00f1o. Repetir el ba\u00f1o una vez por semana o cuando es necesario.<\/p>\n<p>Elmer<\/p>\n","protected":false},"excerpt":{"rendered":"<p>Contiene 1 frasco de 250 ml. Ph neutro Higieniza FORMULA: Cada 100 ml contiene: Lauril etoxi sulfato de sodio\u2026\u2026\u2026..15 g. Excipientes c.s.p\u2026\u2026\u2026\u2026\u2026\u2026\u2026\u2026\u2026.100 mL INDICACIONES: Shampoo para el lavado higiene de la piel y el pelo de Caninos y Felinos. Especialmente indicado por su suavidad para animales j\u00f3venes. MODO DE USO: Mojar perfectamente y dispersar el &#8230; <a title=\"Shampoo cachorros x 250 ml &#8211; Elmer\" class=\"read-more\" href=\"https:\/\/vetaustral.com.ar\/?product=shampoo-cachorros-x-250-ml-elmer\" aria-label=\"Leer m\u00e1s sobre Shampoo cachorros x 250 ml &#8211; Elmer\">Leer m\u00e1s<\/a><\/p>\n","protected":false},"featured_media":1245,"comment_status":"open","ping_status":"closed","template":"","meta":[],"product_brand":[145],"product_cat":[36,32],"product_tag":[156,151],"class_list":{"0":"post-1244","1":"product","2":"type-product","3":"status-publish","4":"has-post-thumbnail","6":"product_brand-elmer","7":"product_cat-animales-de-compania","8":"product_cat-farmacia","9":"product_tag-cachorros","10":"product_tag-shampoo","11":"sales-flash-overlay","12":"woocommerce-text-align-center","13":"woocommerce-image-align-center","14":"do-quantity-buttons","16":"first","17":"instock","18":"taxable","19":"shipping-taxable","20":"purchasable","21":"product-type-simple"},"jetpack_sharing_enabled":true,"_links":{"self":[{"href":"https:\/\/vetaustral.com.ar\/index.php?rest_route=\/wp\/v2\/product\/1244","targetHints":{"allow":["GET"]}}],"collection":[{"href":"https:\/\/vetaustral.com.ar\/index.php?rest_route=\/wp\/v2\/product"}],"about":[{"href":"https:\/\/vetaustral.com.ar\/index.php?rest_route=\/wp\/v2\/types\/product"}],"replies":[{"embeddable":true,"href":"https:\/\/vetaustral.com.ar\/index.php?rest_route=%2Fwp%2Fv2%2Fcomments&post=1244"}],"wp:featuredmedia":[{"embeddable":true,"href":"https:\/\/vetaustral.com.ar\/index.php?rest_route=\/wp\/v2\/media\/1245"}],"wp:attachment":[{"href":"https:\/\/vetaustral.com.ar\/index.php?rest_route=%2Fwp%2Fv2%2Fmedia&parent=1244"}],"wp:term":[{"taxonomy":"product_brand","embeddable":true,"href":"https:\/\/vetaustral.com.ar\/index.php?rest_route=%2Fwp%2Fv2%2Fproduct_brand&post=1244"},{"taxonomy":"product_cat","embeddable":true,"href":"https:\/\/vetaustral.com.ar\/index.php?rest_route=%2Fwp%2Fv2%2Fproduct_cat&post=1244"},{"taxonomy":"product_tag","embeddable":true,"href":"https:\/\/vetaustral.com.ar\/index.php?rest_route=%2Fwp%2Fv2%2Fproduct_tag&post=1244"}],"curies":[{"name":"wp","href":"https:\/\/api.w.org\/{rel}","templated":true}]}}