{"id":1242,"date":"2025-10-28T13:02:13","date_gmt":"2025-10-28T13:02:13","guid":{"rendered":"https:\/\/vetaustral.com.ar\/?post_type=product&#038;p=1242"},"modified":"2026-01-29T11:18:23","modified_gmt":"2026-01-29T11:18:23","slug":"shampoo-pg-x-250-ml-elmer","status":"publish","type":"product","link":"https:\/\/vetaustral.com.ar\/?product=shampoo-pg-x-250-ml-elmer","title":{"rendered":"Shampoo P&#038;G x 250 ml &#8211; Elmer"},"content":{"rendered":"<p>Contiene 1 frasco de 250 ml.<\/p>\n<ul>\n<li>Pulguicida y garrapaticida<\/li>\n<li>Higieniza<\/li>\n<\/ul>\n<p><strong>F\u00f3rmula<\/strong><br \/>\nCada 100 ml contiene: Carbaryl 0,187 g (1-NAFTIL N-METILCARBAMATO), Piretrinas 0,100 g,<br \/>\nExcipientes c.s.p. 100 ml<\/p>\n<p><strong>Indicaciones<\/strong><br \/>\nPara la prevenci\u00f3n y tratamiento de las pulgas (Ctenocephalidescanis y felis) y garrapatas<br \/>\n(Amblyomamaculatum y Riphicephalussanguineus).<\/p>\n<p><strong>Modo de Uso<\/strong><br \/>\nMojar perfectamente el animal y dispensar el shampo sobre su cuerpo. Friccionar suavemente para<br \/>\ngenerar abundante espuma y dejar actuar durante unos minutos. Enjuagar bien. Se considera que tres<br \/>\ncucharadas soperas son suficientes para ba\u00f1ar un perro de tama\u00f1o mediano. Ba\u00f1ar una vez por<br \/>\nsemana o, de acuerdo al criterio del m\u00e9dico veterinario.<\/p>\n<p>Elmer<\/p>\n","protected":false},"excerpt":{"rendered":"<p>Contiene 1 frasco de 250 ml. Pulguicida y garrapaticida Higieniza F\u00f3rmula Cada 100 ml contiene: Carbaryl 0,187 g (1-NAFTIL N-METILCARBAMATO), Piretrinas 0,100 g, Excipientes c.s.p. 100 ml Indicaciones Para la prevenci\u00f3n y tratamiento de las pulgas (Ctenocephalidescanis y felis) y garrapatas (Amblyomamaculatum y Riphicephalussanguineus). Modo de Uso Mojar perfectamente el animal y dispensar el shampo &#8230; <a title=\"Shampoo P&#038;G x 250 ml &#8211; Elmer\" class=\"read-more\" href=\"https:\/\/vetaustral.com.ar\/?product=shampoo-pg-x-250-ml-elmer\" aria-label=\"Leer m\u00e1s sobre Shampoo P&#038;G x 250 ml &#8211; Elmer\">Leer m\u00e1s<\/a><\/p>\n","protected":false},"featured_media":1243,"comment_status":"open","ping_status":"closed","template":"","meta":[],"product_brand":[145],"product_cat":[36,32],"product_tag":[65,70,69,151],"class_list":{"0":"post-1242","1":"product","2":"type-product","3":"status-publish","4":"has-post-thumbnail","6":"product_brand-elmer","7":"product_cat-animales-de-compania","8":"product_cat-farmacia","9":"product_tag-antiparasitario-externo","10":"product_tag-garrapaticida","11":"product_tag-pulguicida","12":"product_tag-shampoo","13":"sales-flash-overlay","14":"woocommerce-text-align-center","15":"woocommerce-image-align-center","16":"do-quantity-buttons","18":"first","19":"instock","20":"taxable","21":"shipping-taxable","22":"purchasable","23":"product-type-simple"},"jetpack_sharing_enabled":true,"_links":{"self":[{"href":"https:\/\/vetaustral.com.ar\/index.php?rest_route=\/wp\/v2\/product\/1242","targetHints":{"allow":["GET"]}}],"collection":[{"href":"https:\/\/vetaustral.com.ar\/index.php?rest_route=\/wp\/v2\/product"}],"about":[{"href":"https:\/\/vetaustral.com.ar\/index.php?rest_route=\/wp\/v2\/types\/product"}],"replies":[{"embeddable":true,"href":"https:\/\/vetaustral.com.ar\/index.php?rest_route=%2Fwp%2Fv2%2Fcomments&post=1242"}],"wp:featuredmedia":[{"embeddable":true,"href":"https:\/\/vetaustral.com.ar\/index.php?rest_route=\/wp\/v2\/media\/1243"}],"wp:attachment":[{"href":"https:\/\/vetaustral.com.ar\/index.php?rest_route=%2Fwp%2Fv2%2Fmedia&parent=1242"}],"wp:term":[{"taxonomy":"product_brand","embeddable":true,"href":"https:\/\/vetaustral.com.ar\/index.php?rest_route=%2Fwp%2Fv2%2Fproduct_brand&post=1242"},{"taxonomy":"product_cat","embeddable":true,"href":"https:\/\/vetaustral.com.ar\/index.php?rest_route=%2Fwp%2Fv2%2Fproduct_cat&post=1242"},{"taxonomy":"product_tag","embeddable":true,"href":"https:\/\/vetaustral.com.ar\/index.php?rest_route=%2Fwp%2Fv2%2Fproduct_tag&post=1242"}],"curies":[{"name":"wp","href":"https:\/\/api.w.org\/{rel}","templated":true}]}}