{"id":1217,"date":"2025-10-27T20:10:47","date_gmt":"2025-10-27T20:10:47","guid":{"rendered":"https:\/\/vetaustral.com.ar\/?post_type=product&#038;p=1217"},"modified":"2026-02-27T20:53:08","modified_gmt":"2026-02-27T20:53:08","slug":"colirio-c-dexa-x-5-ml-elmer","status":"publish","type":"product","link":"https:\/\/vetaustral.com.ar\/?product=colirio-c-dexa-x-5-ml-elmer","title":{"rendered":"Colirio c\/ corticoide x 5 ml &#8211; Elmer"},"content":{"rendered":"<p>Contiene 1 frasco gotero de 5 ml.<\/p>\n<ul>\n<li>Gotas oftalmicas para caninos y felinos.<\/li>\n<li>Con antibi\u00f3tico.<\/li>\n<li>Con dexametasosa.<\/li>\n<\/ul>\n<p><strong>F\u00f3rmula:<\/strong><br \/>\nCada 100 mL contiene<br \/>\nCloranfenicol lev\u00f3giro 1 g, Tirotricina 0..1g, Dexametasona<br \/>\n0..1g, Borato de sodio 0..29g, Ac borico 1.110g, Cloruro de Na<br \/>\n0.22g, Polisorbato 20 5g, Timerosal 0.010g, Alcohol et\u00edlico<br \/>\n0.200 ml, Agua destilad esteril csp 100ml.<\/p>\n<p><strong>Acci\u00f3n terap\u00e9utica:<\/strong><br \/>\n<strong>Colirio Elmer<\/strong> es una formulaci\u00f3n destinada a peque\u00f1os<br \/>\nanimales. Contiene dos antibi\u00f3ticos, la tirotricina y el<br \/>\ncloranfenicol de reconocido efecto sobre los g\u00e9rmenes<br \/>\npat\u00f3genos que provocan o complican las oftalmopat\u00edas. Este<br \/>\nproducto contiene adem\u00e1s Dexametasona, antiinflamatorio<br \/>\nesteroide que controla la reacci\u00f3n conjuntival evitando<br \/>\ncongestiones y secreciones excesivas. Su presencia favorece<br \/>\nla acci\u00f3n de los antibi\u00f3ticos.<br \/>\n<strong>Colirio ELMER<\/strong> contiene tambi\u00e9n borato de sodio y acido<br \/>\nborico , antis\u00e9pticos que refuerzan la acci\u00f3n antibacteriana en<br \/>\nun solvente acuoso de ph oftalmol\u00f3gico e isot\u00f3nico que<br \/>\nfavorece la difusi\u00f3n de los activos sin provocar reacciones de<br \/>\ndolor en el sujeto<br \/>\n<strong>Indicaciones de Uso:<\/strong><br \/>\nInfecciones severas de las estructuras externas del ojo y sus<br \/>\nanexos , generado por g\u00e9rmenes sensibles: conjuntivitis y<br \/>\nqueratoconjuntivitis bacteriana, al\u00e9rgica, ulceras y abscesos de<br \/>\nla c\u00f3rnea , queratitis bacterianas, blefaritis y<br \/>\nblefaroconjuntivitis, traumatismos.<\/p>\n<p>Elmer<\/p>\n","protected":false},"excerpt":{"rendered":"<p>Contiene 1 frasco gotero de 5 ml. Gotas oftalmicas para caninos y felinos. Con antibi\u00f3tico. Con dexametasosa. F\u00f3rmula: Cada 100 mL contiene Cloranfenicol lev\u00f3giro 1 g, Tirotricina 0..1g, Dexametasona 0..1g, Borato de sodio 0..29g, Ac borico 1.110g, Cloruro de Na 0.22g, Polisorbato 20 5g, Timerosal 0.010g, Alcohol et\u00edlico 0.200 ml, Agua destilad esteril csp 100ml. &#8230; <a title=\"Colirio c\/ corticoide x 5 ml &#8211; Elmer\" class=\"read-more\" href=\"https:\/\/vetaustral.com.ar\/?product=colirio-c-dexa-x-5-ml-elmer\" aria-label=\"Leer m\u00e1s sobre Colirio c\/ corticoide x 5 ml &#8211; Elmer\">Leer m\u00e1s<\/a><\/p>\n","protected":false},"featured_media":1218,"comment_status":"open","ping_status":"closed","template":"","meta":[],"product_brand":[145],"product_cat":[36,32],"product_tag":[53,44,81,48],"class_list":{"0":"post-1217","1":"product","2":"type-product","3":"status-publish","4":"has-post-thumbnail","6":"product_brand-elmer","7":"product_cat-animales-de-compania","8":"product_cat-farmacia","9":"product_tag-antibiotico","10":"product_tag-antiinflamatorio","11":"product_tag-colirio","12":"product_tag-esteroide","13":"sales-flash-overlay","14":"woocommerce-text-align-center","15":"woocommerce-image-align-center","16":"do-quantity-buttons","18":"first","19":"outofstock","20":"taxable","21":"shipping-taxable","22":"purchasable","23":"product-type-simple"},"jetpack_sharing_enabled":true,"_links":{"self":[{"href":"https:\/\/vetaustral.com.ar\/index.php?rest_route=\/wp\/v2\/product\/1217","targetHints":{"allow":["GET"]}}],"collection":[{"href":"https:\/\/vetaustral.com.ar\/index.php?rest_route=\/wp\/v2\/product"}],"about":[{"href":"https:\/\/vetaustral.com.ar\/index.php?rest_route=\/wp\/v2\/types\/product"}],"replies":[{"embeddable":true,"href":"https:\/\/vetaustral.com.ar\/index.php?rest_route=%2Fwp%2Fv2%2Fcomments&post=1217"}],"wp:featuredmedia":[{"embeddable":true,"href":"https:\/\/vetaustral.com.ar\/index.php?rest_route=\/wp\/v2\/media\/1218"}],"wp:attachment":[{"href":"https:\/\/vetaustral.com.ar\/index.php?rest_route=%2Fwp%2Fv2%2Fmedia&parent=1217"}],"wp:term":[{"taxonomy":"product_brand","embeddable":true,"href":"https:\/\/vetaustral.com.ar\/index.php?rest_route=%2Fwp%2Fv2%2Fproduct_brand&post=1217"},{"taxonomy":"product_cat","embeddable":true,"href":"https:\/\/vetaustral.com.ar\/index.php?rest_route=%2Fwp%2Fv2%2Fproduct_cat&post=1217"},{"taxonomy":"product_tag","embeddable":true,"href":"https:\/\/vetaustral.com.ar\/index.php?rest_route=%2Fwp%2Fv2%2Fproduct_tag&post=1217"}],"curies":[{"name":"wp","href":"https:\/\/api.w.org\/{rel}","templated":true}]}}