{"id":1210,"date":"2025-10-27T19:42:14","date_gmt":"2025-10-27T19:42:14","guid":{"rendered":"https:\/\/vetaustral.com.ar\/?post_type=product&#038;p=1210"},"modified":"2026-01-28T20:41:42","modified_gmt":"2026-01-28T20:41:42","slug":"mv-granulado-x-500-gr-chinfield","status":"publish","type":"product","link":"https:\/\/vetaustral.com.ar\/?product=mv-granulado-x-500-gr-chinfield","title":{"rendered":"MV granulado x 500 gr &#8211; Chinfield"},"content":{"rendered":"<p>1 envase con 500 gr.<\/p>\n<ul>\n<li>Estimulante cardiorrespiratorio<\/li>\n<li>Defatigante<\/li>\n<li>Broncodilatador<\/li>\n<\/ul>\n<h3 class=\"wp-block-heading\">F\u00f3rmula:<\/h3>\n<p>Anh\u00eddrido Succ\u00ednico \u2026\u2026\u2026\u2026\u2026\u2026\u2026\u2026\u2026\u2026\u2026\u2026\u2026\u2026 10 g<br \/>\nUTP \u2026\u2026\u2026\u2026\u2026\u2026\u2026\u2026\u2026\u2026\u2026\u2026\u2026\u2026\u2026\u2026\u2026\u2026\u2026\u2026\u2026.. 200 mg<br \/>\nClenbuterol \u2026\u2026\u2026\u2026\u2026\u2026\u2026\u2026\u2026\u2026\u2026\u2026\u2026\u2026\u2026\u2026\u2026\u2026. 2 mg<br \/>\nAgentes de formulaci\u00f3n c.s.p. \u2026\u2026\u2026\u2026\u2026\u2026\u2026 100 g<\/p>\n<h3 class=\"wp-block-heading\">Beneficios:<\/h3>\n<p><strong>MV GRANULADO<\/strong>, est\u00e1 constituido por la asociaci\u00f3n de un estimulante respiratorio y un corrector espec\u00edfico de la anoxia del m\u00fasculo card\u00edaco. Act\u00faa estimulando directamente el centro respiratorio y el grado de saturaci\u00f3n de la hemoglobina, como defatigante.<br \/>\n<strong>MV GRANULADO<\/strong>, aumenta volumen de aire inspirado en forma progresiva, y su efecto dura varias horas.<\/p>\n<h3 class=\"wp-block-heading\">Indicaciones:<\/h3>\n<p>Espasmos bronquiales. Depresi\u00f3n respiratoria. Para aumentar el volumen de aire inspirado. Anoxia card\u00edaca. Para reducir la fatiga. Para evitar hemorragias de esfuerzo.<br \/>\nEn caso de reacciones al\u00e9rgicas por sensibilidad a distintos al\u00e9rgenos (cama de paja, viruta).<\/p>\n<h3 class=\"wp-block-heading\">Especies de destino:<\/h3>\n<p><strong>Equinos deportivos<\/strong> y de trabajo no destinados al consumo alimentario<br \/>\nhumano.<\/p>\n<p>Chinfield<\/p>\n<p>&nbsp;<\/p>\n","protected":false},"excerpt":{"rendered":"<p>1 envase con 500 gr. Estimulante cardiorrespiratorio Defatigante Broncodilatador F\u00f3rmula: Anh\u00eddrido Succ\u00ednico \u2026\u2026\u2026\u2026\u2026\u2026\u2026\u2026\u2026\u2026\u2026\u2026\u2026\u2026 10 g UTP \u2026\u2026\u2026\u2026\u2026\u2026\u2026\u2026\u2026\u2026\u2026\u2026\u2026\u2026\u2026\u2026\u2026\u2026\u2026\u2026\u2026.. 200 mg Clenbuterol \u2026\u2026\u2026\u2026\u2026\u2026\u2026\u2026\u2026\u2026\u2026\u2026\u2026\u2026\u2026\u2026\u2026\u2026. 2 mg Agentes de formulaci\u00f3n c.s.p. \u2026\u2026\u2026\u2026\u2026\u2026\u2026 100 g Beneficios: MV GRANULADO, est\u00e1 constituido por la asociaci\u00f3n de un estimulante respiratorio y un corrector espec\u00edfico de la anoxia del m\u00fasculo card\u00edaco. Act\u00faa estimulando directamente &#8230; <a title=\"MV granulado x 500 gr &#8211; Chinfield\" class=\"read-more\" href=\"https:\/\/vetaustral.com.ar\/?product=mv-granulado-x-500-gr-chinfield\" aria-label=\"Leer m\u00e1s sobre MV granulado x 500 gr &#8211; Chinfield\">Leer m\u00e1s<\/a><\/p>\n","protected":false},"featured_media":1211,"comment_status":"open","ping_status":"closed","template":"","meta":[],"product_brand":[114],"product_cat":[33,32],"product_tag":[131,144,135,127],"class_list":{"0":"post-1210","1":"product","2":"type-product","3":"status-publish","4":"has-post-thumbnail","6":"product_brand-chinfield","7":"product_cat-equinos","8":"product_cat-farmacia","9":"product_tag-broncodilatador","10":"product_tag-desfatigante","11":"product_tag-estimulante-cardiaco","12":"product_tag-estimulante-respiratorio","13":"sales-flash-overlay","14":"woocommerce-text-align-center","15":"woocommerce-image-align-center","16":"do-quantity-buttons","18":"first","19":"instock","20":"taxable","21":"shipping-taxable","22":"purchasable","23":"product-type-simple"},"jetpack_sharing_enabled":true,"_links":{"self":[{"href":"https:\/\/vetaustral.com.ar\/index.php?rest_route=\/wp\/v2\/product\/1210","targetHints":{"allow":["GET"]}}],"collection":[{"href":"https:\/\/vetaustral.com.ar\/index.php?rest_route=\/wp\/v2\/product"}],"about":[{"href":"https:\/\/vetaustral.com.ar\/index.php?rest_route=\/wp\/v2\/types\/product"}],"replies":[{"embeddable":true,"href":"https:\/\/vetaustral.com.ar\/index.php?rest_route=%2Fwp%2Fv2%2Fcomments&post=1210"}],"wp:featuredmedia":[{"embeddable":true,"href":"https:\/\/vetaustral.com.ar\/index.php?rest_route=\/wp\/v2\/media\/1211"}],"wp:attachment":[{"href":"https:\/\/vetaustral.com.ar\/index.php?rest_route=%2Fwp%2Fv2%2Fmedia&parent=1210"}],"wp:term":[{"taxonomy":"product_brand","embeddable":true,"href":"https:\/\/vetaustral.com.ar\/index.php?rest_route=%2Fwp%2Fv2%2Fproduct_brand&post=1210"},{"taxonomy":"product_cat","embeddable":true,"href":"https:\/\/vetaustral.com.ar\/index.php?rest_route=%2Fwp%2Fv2%2Fproduct_cat&post=1210"},{"taxonomy":"product_tag","embeddable":true,"href":"https:\/\/vetaustral.com.ar\/index.php?rest_route=%2Fwp%2Fv2%2Fproduct_tag&post=1210"}],"curies":[{"name":"wp","href":"https:\/\/api.w.org\/{rel}","templated":true}]}}