{"id":1208,"date":"2025-10-27T19:37:39","date_gmt":"2025-10-27T19:37:39","guid":{"rendered":"https:\/\/vetaustral.com.ar\/?post_type=product&#038;p=1208"},"modified":"2026-01-28T20:39:00","modified_gmt":"2026-01-28T20:39:00","slug":"neuromax-15-x-100-ml-chinfield","status":"publish","type":"product","link":"https:\/\/vetaustral.com.ar\/?product=neuromax-15-x-100-ml-chinfield","title":{"rendered":"Neuromax 1,5% x 100 ml &#8211; Chinfield"},"content":{"rendered":"<p>Contiene 1 frasco de 100 ml.<\/p>\n<ul>\n<li>Neurol\u00edtico de alta performance<\/li>\n<\/ul>\n<h3 class=\"wp-block-heading\">F\u00f3rmula:<\/h3>\n<p>Cloruro de Amonio \u2026\u2026\u2026\u2026\u2026\u2026\u2026\u2026. 1,5 g<br \/>\nAgentes de formulaci\u00f3n c.s.p\u2026. 100 ml<\/p>\n<h3 class=\"wp-block-heading\">Beneficios:<\/h3>\n<p><strong>NEUROMAX 1,5%\u00ae<\/strong> es un neurol\u00edtico de aplicaci\u00f3n exclusivamente parenteral, para utilizar por v\u00eda subcut\u00e1nea, intramuscular, periarticular, perineural y producir la pronta inhibici\u00f3n temporaria de la conducci\u00f3n nerviosa en las fibras amiel\u00ednicas de tipo C, debido al ion Amonio el cual act\u00faa por competencia i\u00f3nica, siendo su capacidad de producir bloqueo de transmisi\u00f3n, inversamente proporcional al grosor de la fibra nerviosa, variando en consecuencia la dosis a utilizar de acuerdo con el di\u00e1metro del nervio a tratar.<\/p>\n<h3 class=\"wp-block-heading\">Indicaciones:<\/h3>\n<p>Bloqueo reversible de fibras nerviosas amiel\u00ednicas de tipo C, responsables de la conducci\u00f3n de los est\u00edmulos dolorosos. Neuralgias, mialgias, miositis, contracturas musculares. Enfermedad degenerativa articular. Bursitis. Sinovitis. Periostitis.<\/p>\n<h3 class=\"wp-block-heading\">Especies de destino:<\/h3>\n<p><strong>Equinos deportivos<\/strong> y de trabajo no destinados al consumo alimentario humano.<\/p>\n<p>Chinfield<\/p>\n","protected":false},"excerpt":{"rendered":"<p>Contiene 1 frasco de 100 ml. Neurol\u00edtico de alta performance F\u00f3rmula: Cloruro de Amonio \u2026\u2026\u2026\u2026\u2026\u2026\u2026\u2026. 1,5 g Agentes de formulaci\u00f3n c.s.p\u2026. 100 ml Beneficios: NEUROMAX 1,5%\u00ae es un neurol\u00edtico de aplicaci\u00f3n exclusivamente parenteral, para utilizar por v\u00eda subcut\u00e1nea, intramuscular, periarticular, perineural y producir la pronta inhibici\u00f3n temporaria de la conducci\u00f3n nerviosa en las fibras amiel\u00ednicas &#8230; <a title=\"Neuromax 1,5% x 100 ml &#8211; Chinfield\" class=\"read-more\" href=\"https:\/\/vetaustral.com.ar\/?product=neuromax-15-x-100-ml-chinfield\" aria-label=\"Leer m\u00e1s sobre Neuromax 1,5% x 100 ml &#8211; Chinfield\">Leer m\u00e1s<\/a><\/p>\n","protected":false},"featured_media":1209,"comment_status":"open","ping_status":"closed","template":"","meta":[],"product_brand":[],"product_cat":[33,32],"product_tag":[61,143],"class_list":{"0":"post-1208","1":"product","2":"type-product","3":"status-publish","4":"has-post-thumbnail","6":"product_cat-equinos","7":"product_cat-farmacia","8":"product_tag-equinos-deportivos","9":"product_tag-neurlitico","10":"sales-flash-overlay","11":"woocommerce-text-align-center","12":"woocommerce-image-align-center","13":"do-quantity-buttons","15":"first","16":"instock","17":"taxable","18":"shipping-taxable","19":"purchasable","20":"product-type-simple"},"jetpack_sharing_enabled":true,"_links":{"self":[{"href":"https:\/\/vetaustral.com.ar\/index.php?rest_route=\/wp\/v2\/product\/1208","targetHints":{"allow":["GET"]}}],"collection":[{"href":"https:\/\/vetaustral.com.ar\/index.php?rest_route=\/wp\/v2\/product"}],"about":[{"href":"https:\/\/vetaustral.com.ar\/index.php?rest_route=\/wp\/v2\/types\/product"}],"replies":[{"embeddable":true,"href":"https:\/\/vetaustral.com.ar\/index.php?rest_route=%2Fwp%2Fv2%2Fcomments&post=1208"}],"wp:featuredmedia":[{"embeddable":true,"href":"https:\/\/vetaustral.com.ar\/index.php?rest_route=\/wp\/v2\/media\/1209"}],"wp:attachment":[{"href":"https:\/\/vetaustral.com.ar\/index.php?rest_route=%2Fwp%2Fv2%2Fmedia&parent=1208"}],"wp:term":[{"taxonomy":"product_brand","embeddable":true,"href":"https:\/\/vetaustral.com.ar\/index.php?rest_route=%2Fwp%2Fv2%2Fproduct_brand&post=1208"},{"taxonomy":"product_cat","embeddable":true,"href":"https:\/\/vetaustral.com.ar\/index.php?rest_route=%2Fwp%2Fv2%2Fproduct_cat&post=1208"},{"taxonomy":"product_tag","embeddable":true,"href":"https:\/\/vetaustral.com.ar\/index.php?rest_route=%2Fwp%2Fv2%2Fproduct_tag&post=1208"}],"curies":[{"name":"wp","href":"https:\/\/api.w.org\/{rel}","templated":true}]}}