{"id":1204,"date":"2025-10-27T19:26:51","date_gmt":"2025-10-27T19:26:51","guid":{"rendered":"https:\/\/vetaustral.com.ar\/?post_type=product&#038;p=1204"},"modified":"2026-01-28T20:41:20","modified_gmt":"2026-01-28T20:41:20","slug":"relaxatol-x-20-comp-chinfield","status":"publish","type":"product","link":"https:\/\/vetaustral.com.ar\/?product=relaxatol-x-20-comp-chinfield","title":{"rendered":"Relaxatol x 20 comp &#8211; Chinfield"},"content":{"rendered":"<p>Contiene 1 frasco de 20 comprimidos.<\/p>\n<ul>\n<li>Tranquilizante Oral<\/li>\n<\/ul>\n<h3 class=\"wp-block-heading\">F\u00f3rmula:<\/h3>\n<p>Oxazepan \u2026\u2026\u2026\u2026\u2026\u2026\u2026\u2026\u2026\u2026\u2026\u2026\u2026\u2026\u2026\u2026\u2026\u2026.. 10 mg<br \/>\nMetionina \u2026\u2026\u2026\u2026\u2026\u2026\u2026\u2026\u2026\u2026\u2026\u2026\u2026\u2026\u2026\u2026\u2026\u2026.. 10 mg<br \/>\nHidr\u00f3xido de Magnesio \u2026\u2026\u2026\u2026\u2026\u2026\u2026\u2026\u2026\u2026.. 30 mg<br \/>\nAgentes de formulaci\u00f3n c.s.p. \u2026\u2026\u2026\u2026\u2026\u2026. 100 ml<\/p>\n<h3 class=\"wp-block-heading\">Beneficios:<\/h3>\n<p><strong>RELAXATOL\u00ae<\/strong> tranquiliza al animal, sin menoscabo de sus funciones ps\u00edquicas ni musculares. No afecta el potencial de rendimiento.<\/p>\n<h3 class=\"wp-block-heading\">Indicaciones:<\/h3>\n<p>Estados de excitaci\u00f3n de cualquier naturaleza. Para tranquilizar animales que reci\u00e9n inician su entrenamiento, para el transporte, para la revisaci\u00f3n m\u00e9dica, para facilitar servicios y pariciones. En pre y postoperatorio.<\/p>\n<h3 class=\"wp-block-heading\">Especies de destino:<\/h3>\n<p><strong>Equinos deportivos<\/strong> y de trabajo no destinados al consumo alimentario humano.<\/p>\n<p>Chinfield<\/p>\n","protected":false},"excerpt":{"rendered":"<p>Contiene 1 frasco de 20 comprimidos. Tranquilizante Oral F\u00f3rmula: Oxazepan \u2026\u2026\u2026\u2026\u2026\u2026\u2026\u2026\u2026\u2026\u2026\u2026\u2026\u2026\u2026\u2026\u2026\u2026.. 10 mg Metionina \u2026\u2026\u2026\u2026\u2026\u2026\u2026\u2026\u2026\u2026\u2026\u2026\u2026\u2026\u2026\u2026\u2026\u2026.. 10 mg Hidr\u00f3xido de Magnesio \u2026\u2026\u2026\u2026\u2026\u2026\u2026\u2026\u2026\u2026.. 30 mg Agentes de formulaci\u00f3n c.s.p. \u2026\u2026\u2026\u2026\u2026\u2026. 100 ml Beneficios: RELAXATOL\u00ae tranquiliza al animal, sin menoscabo de sus funciones ps\u00edquicas ni musculares. No afecta el potencial de rendimiento. Indicaciones: Estados de excitaci\u00f3n de cualquier &#8230; <a title=\"Relaxatol x 20 comp &#8211; Chinfield\" class=\"read-more\" href=\"https:\/\/vetaustral.com.ar\/?product=relaxatol-x-20-comp-chinfield\" aria-label=\"Leer m\u00e1s sobre Relaxatol x 20 comp &#8211; Chinfield\">Leer m\u00e1s<\/a><\/p>\n","protected":false},"featured_media":1205,"comment_status":"open","ping_status":"closed","template":"","meta":[],"product_brand":[114],"product_cat":[33,32],"product_tag":[61,142],"class_list":{"0":"post-1204","1":"product","2":"type-product","3":"status-publish","4":"has-post-thumbnail","6":"product_brand-chinfield","7":"product_cat-equinos","8":"product_cat-farmacia","9":"product_tag-equinos-deportivos","10":"product_tag-tranquilizante","11":"sales-flash-overlay","12":"woocommerce-text-align-center","13":"woocommerce-image-align-center","14":"do-quantity-buttons","16":"first","17":"instock","18":"taxable","19":"shipping-taxable","20":"purchasable","21":"product-type-simple"},"jetpack_sharing_enabled":true,"_links":{"self":[{"href":"https:\/\/vetaustral.com.ar\/index.php?rest_route=\/wp\/v2\/product\/1204","targetHints":{"allow":["GET"]}}],"collection":[{"href":"https:\/\/vetaustral.com.ar\/index.php?rest_route=\/wp\/v2\/product"}],"about":[{"href":"https:\/\/vetaustral.com.ar\/index.php?rest_route=\/wp\/v2\/types\/product"}],"replies":[{"embeddable":true,"href":"https:\/\/vetaustral.com.ar\/index.php?rest_route=%2Fwp%2Fv2%2Fcomments&post=1204"}],"wp:featuredmedia":[{"embeddable":true,"href":"https:\/\/vetaustral.com.ar\/index.php?rest_route=\/wp\/v2\/media\/1205"}],"wp:attachment":[{"href":"https:\/\/vetaustral.com.ar\/index.php?rest_route=%2Fwp%2Fv2%2Fmedia&parent=1204"}],"wp:term":[{"taxonomy":"product_brand","embeddable":true,"href":"https:\/\/vetaustral.com.ar\/index.php?rest_route=%2Fwp%2Fv2%2Fproduct_brand&post=1204"},{"taxonomy":"product_cat","embeddable":true,"href":"https:\/\/vetaustral.com.ar\/index.php?rest_route=%2Fwp%2Fv2%2Fproduct_cat&post=1204"},{"taxonomy":"product_tag","embeddable":true,"href":"https:\/\/vetaustral.com.ar\/index.php?rest_route=%2Fwp%2Fv2%2Fproduct_tag&post=1204"}],"curies":[{"name":"wp","href":"https:\/\/api.w.org\/{rel}","templated":true}]}}