{"id":1201,"date":"2025-10-27T15:16:44","date_gmt":"2025-10-27T15:16:44","guid":{"rendered":"https:\/\/vetaustral.com.ar\/?post_type=product&#038;p=1201"},"modified":"2026-01-28T20:36:47","modified_gmt":"2026-01-28T20:36:47","slug":"dipirona-chinfield-x-100-ml-chinfield","status":"publish","type":"product","link":"https:\/\/vetaustral.com.ar\/?product=dipirona-chinfield-x-100-ml-chinfield","title":{"rendered":"Dipirona chinfield x 100 ml &#8211; Chinfield"},"content":{"rendered":"<p>Contiene 1 frasco ampolla de 100 ml.<\/p>\n<ul>\n<li>Analg\u00e9sico<\/li>\n<li>Antian\u00e9mico<\/li>\n<li>Antiespasm\u00f3dico<\/li>\n<\/ul>\n<h3 class=\"wp-block-heading\">F\u00f3rmula:<\/h3>\n<p>Dipirona\u00a0 s\u00f3dica monohidrato\u2026\u2026\u2026\u2026\u202650 g<\/p>\n<p>Agentes de formulaci\u00f3n c.s.p. \u2026\u2026\u2026\u2026\u2026\u2026100 ml<\/p>\n<h3 class=\"wp-block-heading\">Beneficios:<\/h3>\n<p>El dolor es un s\u00edntoma que se presenta como una sensaci\u00f3n f\u00edsica, localizada en una zona del organismo que puede abarcar cualquier superficie, provocada por una gran variedad de est\u00edmulos tanto internos como externos y que, conducida por v\u00edas nerviosas espec\u00edficas, llegan a la corteza cerebral donde se hace conciente tal sensaci\u00f3n y donde adquiere su gradiente de intensidad. Cualquiera sea su etiolog\u00eda y localizaci\u00f3n (visceral, muscular, \u00f3sea, articular) el dolor mortifica al animal que lo padece y lo disminuye o inhibe para desarrollar su aptitud en la actividad habitual. Por ello debe ser combatido desde sus primeros s\u00edntomas, evitando la presencia de esa sensaci\u00f3n y reducirla al m\u00ednimo posible.<br \/>\nDipirona es un analg\u00e9sico muy potente que act\u00faa indistintamente sobre cualquier tipo de dolor en forma r\u00e1pida, eficaz y selectiva, con amplio margen de seguridad y cuyos efectos tienen una duraci\u00f3n adecuada. Presenta amplia tolerancia en el rango de su dosificaci\u00f3n y una gran actividad antit\u00e9rmica.<\/p>\n<h3 class=\"wp-block-heading\">Indicaciones:<\/h3>\n<p>Dolores musculares, articulares, viscerales, \u00f3seos. Neuralgias. Neuritis.<br \/>\nC\u00f3licos gastrointestinales, hep\u00e1ticos, renales, reumatismos y estados febriles.<\/p>\n<h3 class=\"wp-block-heading\">Especies de destino:<\/h3>\n<p><strong>Equinos deportivos<\/strong> y de trabajo no destinados al consumo alimentario<br \/>\nhumano.<\/p>\n<p>Chinfield<\/p>\n","protected":false},"excerpt":{"rendered":"<p>Contiene 1 frasco ampolla de 100 ml. Analg\u00e9sico Antian\u00e9mico Antiespasm\u00f3dico F\u00f3rmula: Dipirona\u00a0 s\u00f3dica monohidrato\u2026\u2026\u2026\u2026\u202650 g Agentes de formulaci\u00f3n c.s.p. \u2026\u2026\u2026\u2026\u2026\u2026100 ml Beneficios: El dolor es un s\u00edntoma que se presenta como una sensaci\u00f3n f\u00edsica, localizada en una zona del organismo que puede abarcar cualquier superficie, provocada por una gran variedad de est\u00edmulos tanto internos como &#8230; <a title=\"Dipirona chinfield x 100 ml &#8211; Chinfield\" class=\"read-more\" href=\"https:\/\/vetaustral.com.ar\/?product=dipirona-chinfield-x-100-ml-chinfield\" aria-label=\"Leer m\u00e1s sobre Dipirona chinfield x 100 ml &#8211; Chinfield\">Leer m\u00e1s<\/a><\/p>\n","protected":false},"featured_media":1203,"comment_status":"open","ping_status":"closed","template":"","meta":[],"product_brand":[114],"product_cat":[33,32],"product_tag":[49,120,58],"class_list":{"0":"post-1201","1":"product","2":"type-product","3":"status-publish","4":"has-post-thumbnail","6":"product_brand-chinfield","7":"product_cat-equinos","8":"product_cat-farmacia","9":"product_tag-analgesico","10":"product_tag-antiespasmodico","11":"product_tag-equinos","12":"sales-flash-overlay","13":"woocommerce-text-align-center","14":"woocommerce-image-align-center","15":"do-quantity-buttons","17":"first","18":"instock","19":"taxable","20":"shipping-taxable","21":"purchasable","22":"product-type-simple"},"jetpack_sharing_enabled":true,"_links":{"self":[{"href":"https:\/\/vetaustral.com.ar\/index.php?rest_route=\/wp\/v2\/product\/1201","targetHints":{"allow":["GET"]}}],"collection":[{"href":"https:\/\/vetaustral.com.ar\/index.php?rest_route=\/wp\/v2\/product"}],"about":[{"href":"https:\/\/vetaustral.com.ar\/index.php?rest_route=\/wp\/v2\/types\/product"}],"replies":[{"embeddable":true,"href":"https:\/\/vetaustral.com.ar\/index.php?rest_route=%2Fwp%2Fv2%2Fcomments&post=1201"}],"wp:featuredmedia":[{"embeddable":true,"href":"https:\/\/vetaustral.com.ar\/index.php?rest_route=\/wp\/v2\/media\/1203"}],"wp:attachment":[{"href":"https:\/\/vetaustral.com.ar\/index.php?rest_route=%2Fwp%2Fv2%2Fmedia&parent=1201"}],"wp:term":[{"taxonomy":"product_brand","embeddable":true,"href":"https:\/\/vetaustral.com.ar\/index.php?rest_route=%2Fwp%2Fv2%2Fproduct_brand&post=1201"},{"taxonomy":"product_cat","embeddable":true,"href":"https:\/\/vetaustral.com.ar\/index.php?rest_route=%2Fwp%2Fv2%2Fproduct_cat&post=1201"},{"taxonomy":"product_tag","embeddable":true,"href":"https:\/\/vetaustral.com.ar\/index.php?rest_route=%2Fwp%2Fv2%2Fproduct_tag&post=1201"}],"curies":[{"name":"wp","href":"https:\/\/api.w.org\/{rel}","templated":true}]}}