{"id":1199,"date":"2025-10-27T15:11:24","date_gmt":"2025-10-27T15:11:24","guid":{"rendered":"https:\/\/vetaustral.com.ar\/?post_type=product&#038;p=1199"},"modified":"2026-01-28T20:36:27","modified_gmt":"2026-01-28T20:36:27","slug":"fenilbutazona-al-20-x-100-ml-chinfield","status":"publish","type":"product","link":"https:\/\/vetaustral.com.ar\/?product=fenilbutazona-al-20-x-100-ml-chinfield","title":{"rendered":"Fenilbutazona al 20% x 100 ml &#8211; Chinfield"},"content":{"rendered":"<p>Contiene 1 frasco ampolla de 100 ml.<\/p>\n<ul>\n<li>Antiinflamatorio y antirreum\u00e1tico no esteroide.<\/li>\n<\/ul>\n<h3 class=\"wp-block-heading\">F\u00f3rmula:<\/h3>\n<p>Fenilbutazona s\u00f3dica \u2026\u2026\u2026\u2026\u2026\u2026\u2026\u2026\u2026\u2026\u2026\u2026 20 g<br \/>\nAgentes de formulaci\u00f3n c.s.p. \u2026\u2026\u2026\u2026\u2026\u2026.. 100 ml<\/p>\n<h3 class=\"wp-block-heading\">Beneficios:<\/h3>\n<p><strong>FENILBUTAZONA AL 20%<\/strong> es un potente antiinflamatorio y antirreum\u00e1tico a base de fenilbutazona s\u00f3dica para el tratamiento del reumatismo en todas sus formas y localizaciones. El producto ataca la tr\u00edada Inflamaci\u00f3n \u2013 dolor \u2013 espasmo muscular eliminando la inflamaci\u00f3n y el espasmo con lo que desaparece el dolor, se restablece la funci\u00f3n mioarticular y el tono muscular normales.<\/p>\n<h3 class=\"wp-block-heading\">Indicaciones:<\/h3>\n<p>Artritis. Artrosis. Procesos inflamatorios agudos y cr\u00f3nicos. Reumatismos de cualquier etiolog\u00eda y localizaci\u00f3n.<\/p>\n<h3 class=\"wp-block-heading\">Especies de destino:<\/h3>\n<p><strong>Equinos deportivos<\/strong> y de trabajo no destinados al consumo alimentario<br \/>\nhumano.<\/p>\n<p>Chinfield<\/p>\n","protected":false},"excerpt":{"rendered":"<p>Contiene 1 frasco ampolla de 100 ml. Antiinflamatorio y antirreum\u00e1tico no esteroide. F\u00f3rmula: Fenilbutazona s\u00f3dica \u2026\u2026\u2026\u2026\u2026\u2026\u2026\u2026\u2026\u2026\u2026\u2026 20 g Agentes de formulaci\u00f3n c.s.p. \u2026\u2026\u2026\u2026\u2026\u2026.. 100 ml Beneficios: FENILBUTAZONA AL 20% es un potente antiinflamatorio y antirreum\u00e1tico a base de fenilbutazona s\u00f3dica para el tratamiento del reumatismo en todas sus formas y localizaciones. El producto ataca la &#8230; <a title=\"Fenilbutazona al 20% x 100 ml &#8211; Chinfield\" class=\"read-more\" href=\"https:\/\/vetaustral.com.ar\/?product=fenilbutazona-al-20-x-100-ml-chinfield\" aria-label=\"Leer m\u00e1s sobre Fenilbutazona al 20% x 100 ml &#8211; Chinfield\">Leer m\u00e1s<\/a><\/p>\n","protected":false},"featured_media":1200,"comment_status":"open","ping_status":"closed","template":"","meta":[],"product_brand":[114],"product_cat":[33,32],"product_tag":[44,51],"class_list":{"0":"post-1199","1":"product","2":"type-product","3":"status-publish","4":"has-post-thumbnail","6":"product_brand-chinfield","7":"product_cat-equinos","8":"product_cat-farmacia","9":"product_tag-antiinflamatorio","10":"product_tag-no-esteroide","11":"sales-flash-overlay","12":"woocommerce-text-align-center","13":"woocommerce-image-align-center","14":"do-quantity-buttons","16":"first","17":"instock","18":"taxable","19":"shipping-taxable","20":"purchasable","21":"product-type-simple"},"jetpack_sharing_enabled":true,"_links":{"self":[{"href":"https:\/\/vetaustral.com.ar\/index.php?rest_route=\/wp\/v2\/product\/1199","targetHints":{"allow":["GET"]}}],"collection":[{"href":"https:\/\/vetaustral.com.ar\/index.php?rest_route=\/wp\/v2\/product"}],"about":[{"href":"https:\/\/vetaustral.com.ar\/index.php?rest_route=\/wp\/v2\/types\/product"}],"replies":[{"embeddable":true,"href":"https:\/\/vetaustral.com.ar\/index.php?rest_route=%2Fwp%2Fv2%2Fcomments&post=1199"}],"wp:featuredmedia":[{"embeddable":true,"href":"https:\/\/vetaustral.com.ar\/index.php?rest_route=\/wp\/v2\/media\/1200"}],"wp:attachment":[{"href":"https:\/\/vetaustral.com.ar\/index.php?rest_route=%2Fwp%2Fv2%2Fmedia&parent=1199"}],"wp:term":[{"taxonomy":"product_brand","embeddable":true,"href":"https:\/\/vetaustral.com.ar\/index.php?rest_route=%2Fwp%2Fv2%2Fproduct_brand&post=1199"},{"taxonomy":"product_cat","embeddable":true,"href":"https:\/\/vetaustral.com.ar\/index.php?rest_route=%2Fwp%2Fv2%2Fproduct_cat&post=1199"},{"taxonomy":"product_tag","embeddable":true,"href":"https:\/\/vetaustral.com.ar\/index.php?rest_route=%2Fwp%2Fv2%2Fproduct_tag&post=1199"}],"curies":[{"name":"wp","href":"https:\/\/api.w.org\/{rel}","templated":true}]}}