{"id":1188,"date":"2025-10-27T13:49:53","date_gmt":"2025-10-27T13:49:53","guid":{"rendered":"https:\/\/vetaustral.com.ar\/?post_type=product&#038;p=1188"},"modified":"2026-01-28T20:27:35","modified_gmt":"2026-01-28T20:27:35","slug":"creatina-chinfield-x-1-kilo-chinfield","status":"publish","type":"product","link":"https:\/\/vetaustral.com.ar\/?product=creatina-chinfield-x-1-kilo-chinfield","title":{"rendered":"Creatina chinfield x 1 kilo &#8211; Chinfield"},"content":{"rendered":"<p>Contiene\u00a0 1 pote de 1000 gr.<\/p>\n<ul>\n<li>Suplemento preventivo.<\/li>\n<li>Terape\u00fatico Nutrac\u00e9utico.<\/li>\n<\/ul>\n<h3 class=\"wp-block-heading\">F\u00f3rmula:<\/h3>\n<p>Creatina monohidrato \u2026\u2026\u2026\u2026\u2026\u2026\u2026\u2026\u2026\u2026\u2026\u2026. 80 g<br \/>\nATP \u2026\u2026\u2026\u2026\u2026\u2026\u2026\u2026\u2026\u2026\u2026\u2026\u2026\u2026\u2026\u2026\u2026\u2026\u2026\u2026\u2026\u2026\u2026. 0,2 g<br \/>\nAz\u00facar Impalpable c.s.p. \u2026\u2026\u2026\u2026\u2026\u2026\u2026\u2026\u2026\u2026.. 100 g<\/p>\n<h3 class=\"wp-block-heading\">Beneficios:<\/h3>\n<p>El esfuerzo muscular de alta intensidad y corta duraci\u00f3n que un caballo realiza durante una competencia de corta distancia (400 a 1200 mts.), se caracteriza por tener una gran actividad anaer\u00f3bica y en ella sus m\u00fasculos no consumen ox\u00edgeno como fuente de energ\u00eda, sino ATP (adenosintrifosfato) y fosfato de creatina, sustancia de naturaleza proteica que el organismo (humano o animal) sintetiza naturalmente a partir de la glicina y la arginina, dos amino\u00e1cidos esenciales. El r\u00e1pido agotamiento de las reservas de fosfato de creatina, en el final de una carrera de corta distancia, reduce la capacidad de contracci\u00f3n de los m\u00fasculos con la consecuente p\u00e9rdida de velocidad y resistencia. Pero est\u00e1 comprobado que la suplementaci\u00f3n adecuada del equino con <strong>CREATINA CHINFIELD<\/strong> \u2013 suplemento en polvo, a base de Monohidrato de Creatina, Glucosa y ATP \u2013 permite aumentar las reservas de esta sustancia en los m\u00fasculos, evitando as\u00ed el r\u00e1pido agotamiento y permitiendo mantener la velocidad durante m\u00e1s tiempo. <strong>CREATINA CHINFIELD<\/strong> es un producto ergog\u00e9nico, de venta libre y consumo autorizado.<\/p>\n<h3 class=\"wp-block-heading\">Indicaciones:<\/h3>\n<p>Una de las principales causas por las que el atleta pierde velocidad al final de un ejercicio es el agotamiento de las reservas de fosfato de creatina, que junto al ATP constituyen la principal fuente de energ\u00eda en los esfuerzos m\u00e1ximos de corta duraci\u00f3n. Cuando estos elementos se van agotando, empieza a fallar la capacidad contr\u00e1ctil del m\u00fasculo.<br \/>\nEl agregado de creatina ex\u00f3gena aumenta la posibilidad de almacenamiento total de esta sustancia en el m\u00fasculo, retardando de esta manera, el agotamiento de fosfato de creatina en las contracciones de alta intensidad. Producto ergog\u00e9nico indicado fundamentalmente para aquellos animales que desarrollan una actividad anaer\u00f3bica como son los ejercicios de alta intensidad y corta duraci\u00f3n.<\/p>\n<h3 class=\"wp-block-heading\">Especies de destino:<\/h3>\n<p><strong>Equinos deportivos<\/strong> y de trabajo no destinados al consumo alimentario<br \/>\nhumano.<\/p>\n<p>Chinfield<\/p>\n","protected":false},"excerpt":{"rendered":"<p>Contiene\u00a0 1 pote de 1000 gr. Suplemento preventivo. Terape\u00fatico Nutrac\u00e9utico. F\u00f3rmula: Creatina monohidrato \u2026\u2026\u2026\u2026\u2026\u2026\u2026\u2026\u2026\u2026\u2026\u2026. 80 g ATP \u2026\u2026\u2026\u2026\u2026\u2026\u2026\u2026\u2026\u2026\u2026\u2026\u2026\u2026\u2026\u2026\u2026\u2026\u2026\u2026\u2026\u2026\u2026. 0,2 g Az\u00facar Impalpable c.s.p. \u2026\u2026\u2026\u2026\u2026\u2026\u2026\u2026\u2026\u2026.. 100 g Beneficios: El esfuerzo muscular de alta intensidad y corta duraci\u00f3n que un caballo realiza durante una competencia de corta distancia (400 a 1200 mts.), se caracteriza por tener una &#8230; <a title=\"Creatina chinfield x 1 kilo &#8211; Chinfield\" class=\"read-more\" href=\"https:\/\/vetaustral.com.ar\/?product=creatina-chinfield-x-1-kilo-chinfield\" aria-label=\"Leer m\u00e1s sobre Creatina chinfield x 1 kilo &#8211; Chinfield\">Leer m\u00e1s<\/a><\/p>\n","protected":false},"featured_media":1189,"comment_status":"open","ping_status":"closed","template":"","meta":[],"product_brand":[114],"product_cat":[33,32],"product_tag":[141,61],"class_list":{"0":"post-1188","1":"product","2":"type-product","3":"status-publish","4":"has-post-thumbnail","6":"product_brand-chinfield","7":"product_cat-equinos","8":"product_cat-farmacia","9":"product_tag-energetico","10":"product_tag-equinos-deportivos","11":"sales-flash-overlay","12":"woocommerce-text-align-center","13":"woocommerce-image-align-center","14":"do-quantity-buttons","16":"first","17":"instock","18":"taxable","19":"shipping-taxable","20":"purchasable","21":"product-type-simple"},"jetpack_sharing_enabled":true,"_links":{"self":[{"href":"https:\/\/vetaustral.com.ar\/index.php?rest_route=\/wp\/v2\/product\/1188","targetHints":{"allow":["GET"]}}],"collection":[{"href":"https:\/\/vetaustral.com.ar\/index.php?rest_route=\/wp\/v2\/product"}],"about":[{"href":"https:\/\/vetaustral.com.ar\/index.php?rest_route=\/wp\/v2\/types\/product"}],"replies":[{"embeddable":true,"href":"https:\/\/vetaustral.com.ar\/index.php?rest_route=%2Fwp%2Fv2%2Fcomments&post=1188"}],"wp:featuredmedia":[{"embeddable":true,"href":"https:\/\/vetaustral.com.ar\/index.php?rest_route=\/wp\/v2\/media\/1189"}],"wp:attachment":[{"href":"https:\/\/vetaustral.com.ar\/index.php?rest_route=%2Fwp%2Fv2%2Fmedia&parent=1188"}],"wp:term":[{"taxonomy":"product_brand","embeddable":true,"href":"https:\/\/vetaustral.com.ar\/index.php?rest_route=%2Fwp%2Fv2%2Fproduct_brand&post=1188"},{"taxonomy":"product_cat","embeddable":true,"href":"https:\/\/vetaustral.com.ar\/index.php?rest_route=%2Fwp%2Fv2%2Fproduct_cat&post=1188"},{"taxonomy":"product_tag","embeddable":true,"href":"https:\/\/vetaustral.com.ar\/index.php?rest_route=%2Fwp%2Fv2%2Fproduct_tag&post=1188"}],"curies":[{"name":"wp","href":"https:\/\/api.w.org\/{rel}","templated":true}]}}