{"id":1186,"date":"2025-10-27T13:27:23","date_gmt":"2025-10-27T13:27:23","guid":{"rendered":"https:\/\/vetaustral.com.ar\/?post_type=product&#038;p=1186"},"modified":"2026-01-28T20:06:59","modified_gmt":"2026-01-28T20:06:59","slug":"corretonic-x-30-ml-chinfield","status":"publish","type":"product","link":"https:\/\/vetaustral.com.ar\/?product=corretonic-x-30-ml-chinfield","title":{"rendered":"Corretonic x 30 ml &#8211; Chinfield"},"content":{"rendered":"<p>Contiene 1 frasco ampolla de 30 ml.<\/p>\n<ul>\n<li>Neuroestimulante.<\/li>\n<li>Suplemento preventivo.<\/li>\n<li>terap\u00e9utico vitam\u00ednico.<\/li>\n<\/ul>\n<p>&nbsp;<\/p>\n<h3 class=\"wp-block-heading\">F\u00f3rmula:<\/h3>\n<p>Vitamina B12 \u2026\u2026\u2026\u2026\u2026\u2026\u2026\u2026\u2026\u2026\u2026\u2026\u2026\u2026\u2026\u2026 5000 ug<br \/>\nVitamina B15 \u2026\u2026\u2026\u2026\u2026\u2026\u2026\u2026\u2026\u2026\u2026\u2026\u2026\u2026\u2026\u2026 100 mg<br \/>\nAcido F\u00f3lico \u2026\u2026\u2026\u2026\u2026\u2026\u2026\u2026\u2026\u2026\u2026\u2026\u2026\u2026\u2026\u2026.. 20 mg<br \/>\nCitrato de difenamina \u2026\u2026\u2026\u2026\u2026\u2026\u2026\u2026\u2026\u2026.. 500 mg<br \/>\nAgentes de formulaci\u00f3n c.s.p. \u2026\u2026\u2026\u2026\u2026.. 100 ml<\/p>\n<h3 class=\"wp-block-heading\">Beneficios:<\/h3>\n<p><strong>CORRETONIC<\/strong> act\u00faa sobre el sistema muscular aumentando la capacidad de trabajo, oxigenaci\u00f3n, flujo sangu\u00edneo y la eliminaci\u00f3n de los catabolitos productores de la fatiga, a la vez que facilita la ventilaci\u00f3n pulmonar y la recuperaci\u00f3n despu\u00e9s del esfuerzo exigido por la prueba.<\/p>\n<h3 class=\"wp-block-heading\">Indicaciones:<\/h3>\n<p>Para colocar al animal en la plenitud de su estado, vigor y resistencia.<\/p>\n<h3 class=\"wp-block-heading\">Especies de destino:<\/h3>\n<p><strong>Equinos deportivos<\/strong> y de trabajo no destinados al consumo alimentario<br \/>\nhumano.<\/p>\n<p>Chinfield<\/p>\n","protected":false},"excerpt":{"rendered":"<p>Contiene 1 frasco ampolla de 30 ml. Neuroestimulante. Suplemento preventivo. terap\u00e9utico vitam\u00ednico. &nbsp; F\u00f3rmula: Vitamina B12 \u2026\u2026\u2026\u2026\u2026\u2026\u2026\u2026\u2026\u2026\u2026\u2026\u2026\u2026\u2026\u2026 5000 ug Vitamina B15 \u2026\u2026\u2026\u2026\u2026\u2026\u2026\u2026\u2026\u2026\u2026\u2026\u2026\u2026\u2026\u2026 100 mg Acido F\u00f3lico \u2026\u2026\u2026\u2026\u2026\u2026\u2026\u2026\u2026\u2026\u2026\u2026\u2026\u2026\u2026\u2026.. 20 mg Citrato de difenamina \u2026\u2026\u2026\u2026\u2026\u2026\u2026\u2026\u2026\u2026.. 500 mg Agentes de formulaci\u00f3n c.s.p. \u2026\u2026\u2026\u2026\u2026.. 100 ml Beneficios: CORRETONIC act\u00faa sobre el sistema muscular aumentando la capacidad de trabajo, oxigenaci\u00f3n, &#8230; <a title=\"Corretonic x 30 ml &#8211; Chinfield\" class=\"read-more\" href=\"https:\/\/vetaustral.com.ar\/?product=corretonic-x-30-ml-chinfield\" aria-label=\"Leer m\u00e1s sobre Corretonic x 30 ml &#8211; Chinfield\">Leer m\u00e1s<\/a><\/p>\n","protected":false},"featured_media":1187,"comment_status":"open","ping_status":"closed","template":"","meta":[],"product_brand":[114],"product_cat":[33,32],"product_tag":[61,140,116],"class_list":{"0":"post-1186","1":"product","2":"type-product","3":"status-publish","4":"has-post-thumbnail","6":"product_brand-chinfield","7":"product_cat-equinos","8":"product_cat-farmacia","9":"product_tag-equinos-deportivos","10":"product_tag-neuroestimulante","11":"product_tag-vitaminico","12":"sales-flash-overlay","13":"woocommerce-text-align-center","14":"woocommerce-image-align-center","15":"do-quantity-buttons","17":"first","18":"instock","19":"taxable","20":"shipping-taxable","21":"purchasable","22":"product-type-simple"},"jetpack_sharing_enabled":true,"_links":{"self":[{"href":"https:\/\/vetaustral.com.ar\/index.php?rest_route=\/wp\/v2\/product\/1186","targetHints":{"allow":["GET"]}}],"collection":[{"href":"https:\/\/vetaustral.com.ar\/index.php?rest_route=\/wp\/v2\/product"}],"about":[{"href":"https:\/\/vetaustral.com.ar\/index.php?rest_route=\/wp\/v2\/types\/product"}],"replies":[{"embeddable":true,"href":"https:\/\/vetaustral.com.ar\/index.php?rest_route=%2Fwp%2Fv2%2Fcomments&post=1186"}],"wp:featuredmedia":[{"embeddable":true,"href":"https:\/\/vetaustral.com.ar\/index.php?rest_route=\/wp\/v2\/media\/1187"}],"wp:attachment":[{"href":"https:\/\/vetaustral.com.ar\/index.php?rest_route=%2Fwp%2Fv2%2Fmedia&parent=1186"}],"wp:term":[{"taxonomy":"product_brand","embeddable":true,"href":"https:\/\/vetaustral.com.ar\/index.php?rest_route=%2Fwp%2Fv2%2Fproduct_brand&post=1186"},{"taxonomy":"product_cat","embeddable":true,"href":"https:\/\/vetaustral.com.ar\/index.php?rest_route=%2Fwp%2Fv2%2Fproduct_cat&post=1186"},{"taxonomy":"product_tag","embeddable":true,"href":"https:\/\/vetaustral.com.ar\/index.php?rest_route=%2Fwp%2Fv2%2Fproduct_tag&post=1186"}],"curies":[{"name":"wp","href":"https:\/\/api.w.org\/{rel}","templated":true}]}}