{"id":1184,"date":"2025-10-27T13:06:12","date_gmt":"2025-10-27T13:06:12","guid":{"rendered":"https:\/\/vetaustral.com.ar\/?post_type=product&#038;p=1184"},"modified":"2026-01-28T20:06:39","modified_gmt":"2026-01-28T20:06:39","slug":"diuretic-x-50-ml-chinfield","status":"publish","type":"product","link":"https:\/\/vetaustral.com.ar\/?product=diuretic-x-50-ml-chinfield","title":{"rendered":"Diuretic x 50 ml &#8211; Chinfield"},"content":{"rendered":"<p>Contiene 1 frasco ampolla de 50 ml.<\/p>\n<ul>\n<li>Potente diur\u00e9tico.<\/li>\n<li>salur\u00e9tico.<\/li>\n<\/ul>\n<h3 class=\"wp-block-heading\">F\u00f3rmula:<\/h3>\n<p>Furosemida \u2026\u2026\u2026\u2026\u2026\u2026\u2026\u2026\u2026\u2026\u2026\u2026\u2026\u2026\u2026\u2026\u2026\u2026\u2026.. 5 g<br \/>\nAgentes de formulaci\u00f3n c.s.p. \u2026\u2026\u2026\u2026\u2026\u2026\u2026\u2026 100 ml<\/p>\n<h3 class=\"wp-block-heading\">Beneficios:<\/h3>\n<p>Existe una entidad fisiopatol\u00f3gica caracterizada por la retenci\u00f3n de agua en distintos tejidos, el edema, cuya medicaci\u00f3n de fondo se basa fundamentalmente en la eliminaci\u00f3n de ese exceso de agua por v\u00eda renal mediante las drogas de acci\u00f3n aumentadora de la diuresis, los denominados diur\u00e9ticos. <strong>DIURETIC<\/strong> aumenta significativamente la eliminaci\u00f3n de agua por v\u00eda renal (acci\u00f3n renotr\u00f3pica) y, lo que es m\u00e1s importante para el tratamiento del edema, la eliminaci\u00f3n de sodio por la misma v\u00eda, ya que el agua le sigue pasivamente por acci\u00f3n osm\u00f3tica. DIURETIC es uno de los diur\u00e9ticos-salur\u00e9ticos m\u00e1s potentes. Con su administraci\u00f3n se logra eliminar en breve tiempo el edema y sus efectos concomitantes, manteniendo en un nivel bajo la eliminaci\u00f3n de potasio. La potente actividad de <strong>DIURETIC<\/strong> permite manejar la diuresis en la forma necesaria, adecuando la dosis a administrar seg\u00fan lo aconseje la gravedad y evoluci\u00f3n de la enfermedad.<\/p>\n<h3 class=\"wp-block-heading\">Indicaciones:<\/h3>\n<p>Edemas de cualquier etiolog\u00eda y localizaci\u00f3n: renal, cerebral, card\u00edaco, pulmonar, por obstrucci\u00f3n vascular. Hipertensi\u00f3n arterial, hemorragia pulmonar inducida por el ejercicio (HPIE). Edema de ubre pre y posparto.<\/p>\n<h3 class=\"wp-block-heading\">Especies de destino:<\/h3>\n<p><strong>Equinos deportivos<\/strong> y de trabajo no destinados al consumo alimentario humano,<strong> bovinos<\/strong>, <strong>ovinos<\/strong>, <strong>porcinos<\/strong>,<strong> caprinos<\/strong>, <strong>caninos<\/strong> y <strong>felinos<\/strong>.<\/p>\n<p>Chinfield<\/p>\n","protected":false},"excerpt":{"rendered":"<p>Contiene 1 frasco ampolla de 50 ml. Potente diur\u00e9tico. salur\u00e9tico. F\u00f3rmula: Furosemida \u2026\u2026\u2026\u2026\u2026\u2026\u2026\u2026\u2026\u2026\u2026\u2026\u2026\u2026\u2026\u2026\u2026\u2026\u2026.. 5 g Agentes de formulaci\u00f3n c.s.p. \u2026\u2026\u2026\u2026\u2026\u2026\u2026\u2026 100 ml Beneficios: Existe una entidad fisiopatol\u00f3gica caracterizada por la retenci\u00f3n de agua en distintos tejidos, el edema, cuya medicaci\u00f3n de fondo se basa fundamentalmente en la eliminaci\u00f3n de ese exceso de agua por v\u00eda &#8230; <a title=\"Diuretic x 50 ml &#8211; Chinfield\" class=\"read-more\" href=\"https:\/\/vetaustral.com.ar\/?product=diuretic-x-50-ml-chinfield\" aria-label=\"Leer m\u00e1s sobre Diuretic x 50 ml &#8211; Chinfield\">Leer m\u00e1s<\/a><\/p>\n","protected":false},"featured_media":1185,"comment_status":"open","ping_status":"closed","template":"","meta":[],"product_brand":[114],"product_cat":[36,33,32,52],"product_tag":[111],"class_list":{"0":"post-1184","1":"product","2":"type-product","3":"status-publish","4":"has-post-thumbnail","6":"product_brand-chinfield","7":"product_cat-animales-de-compania","8":"product_cat-equinos","9":"product_cat-farmacia","10":"product_cat-grandes-animales","11":"product_tag-diuretico","12":"sales-flash-overlay","13":"woocommerce-text-align-center","14":"woocommerce-image-align-center","15":"do-quantity-buttons","17":"first","18":"instock","19":"taxable","20":"shipping-taxable","21":"purchasable","22":"product-type-simple"},"jetpack_sharing_enabled":true,"_links":{"self":[{"href":"https:\/\/vetaustral.com.ar\/index.php?rest_route=\/wp\/v2\/product\/1184","targetHints":{"allow":["GET"]}}],"collection":[{"href":"https:\/\/vetaustral.com.ar\/index.php?rest_route=\/wp\/v2\/product"}],"about":[{"href":"https:\/\/vetaustral.com.ar\/index.php?rest_route=\/wp\/v2\/types\/product"}],"replies":[{"embeddable":true,"href":"https:\/\/vetaustral.com.ar\/index.php?rest_route=%2Fwp%2Fv2%2Fcomments&post=1184"}],"wp:featuredmedia":[{"embeddable":true,"href":"https:\/\/vetaustral.com.ar\/index.php?rest_route=\/wp\/v2\/media\/1185"}],"wp:attachment":[{"href":"https:\/\/vetaustral.com.ar\/index.php?rest_route=%2Fwp%2Fv2%2Fmedia&parent=1184"}],"wp:term":[{"taxonomy":"product_brand","embeddable":true,"href":"https:\/\/vetaustral.com.ar\/index.php?rest_route=%2Fwp%2Fv2%2Fproduct_brand&post=1184"},{"taxonomy":"product_cat","embeddable":true,"href":"https:\/\/vetaustral.com.ar\/index.php?rest_route=%2Fwp%2Fv2%2Fproduct_cat&post=1184"},{"taxonomy":"product_tag","embeddable":true,"href":"https:\/\/vetaustral.com.ar\/index.php?rest_route=%2Fwp%2Fv2%2Fproduct_tag&post=1184"}],"curies":[{"name":"wp","href":"https:\/\/api.w.org\/{rel}","templated":true}]}}