{"id":1172,"date":"2025-10-24T15:26:33","date_gmt":"2025-10-24T15:26:33","guid":{"rendered":"https:\/\/vetaustral.com.ar\/?post_type=product&#038;p=1172"},"modified":"2026-01-28T19:57:51","modified_gmt":"2026-01-28T19:57:51","slug":"hepatofield-x-1-litro-chinfield","status":"publish","type":"product","link":"https:\/\/vetaustral.com.ar\/?product=hepatofield-x-1-litro-chinfield","title":{"rendered":"Hepatofield x 1 litro \u2013 Chinfield"},"content":{"rendered":"<p>Contiene 1 frasco de 1000 ml.<\/p>\n<ul>\n<li>Desintoxicante hep\u00e1tico oral<\/li>\n<\/ul>\n<h3 class=\"wp-block-heading\">F\u00f3rmula:<\/h3>\n<p>Tintura de alcachofa \u2026\u2026\u2026\u2026\u2026\u2026\u2026\u2026\u2026\u2026\u2026\u2026\u2026.. 4 ml<br \/>\nTintura de boldo \u2026\u2026\u2026\u2026\u2026\u2026\u2026\u2026\u2026\u2026\u2026\u2026\u2026\u2026\u2026\u2026 4 ml<br \/>\nTintura de carqueja \u2026\u2026\u2026\u2026\u2026\u2026\u2026\u2026\u2026\u2026\u2026\u2026\u2026\u2026 4 ml<br \/>\nDL. Metionina \u2026\u2026\u2026\u2026\u2026\u2026\u2026\u2026\u2026\u2026\u2026\u2026\u2026\u2026\u2026\u2026\u2026.. 1,2 g<br \/>\nSorbitol \u2026\u2026\u2026\u2026\u2026\u2026\u2026\u2026\u2026\u2026\u2026\u2026\u2026\u2026\u2026\u2026\u2026\u2026\u2026\u2026\u2026 50 g<br \/>\nAgentes de formulaci\u00f3n c.s.p. \u2026\u2026\u2026\u2026\u2026\u2026.. 100 ml<\/p>\n<h3 class=\"wp-block-heading\">Beneficios:<\/h3>\n<p>Los SPC son animales expuestos a alto nivel de stress por el exigente entrenamiento al que son sometidos, por su casi permanente encierro y por los diferentes tratamientos que reciben, lo que resulta en muchos casos en un problema hep\u00e1tico de tipo colest\u00e1tico debido a obstrucciones del drenaje biliar, congestiones e inflamaciones<br \/>\nintestinales, c\u00f3licos e intoxicaciones de origen ex\u00f3geno o end\u00f3geno. El s\u00edndrome de colestasis se manifiesta en los equinos deportivos por alteraciones como anorexia, p\u00e9rdida de peso, trastornos cut\u00e1neos, constipaci\u00f3n, halitosis, putrefacciones intestinales, timpanismos cecoc\u00f3licos y flatulencias, las que de no ser adecuadamente tratadas generan una astenia que determina una importante merma del rendimiento del atleta.\u00a0<strong>HEPATOFIELD<\/strong>\u00a0ha demostrado, en las numerosas pruebas efectuadas con equinos SPC, una elevada eficacia para resolver los problemas de colestasis en el 92% de los casos, observ\u00e1ndose una inmediata y completa remisi\u00f3n cl\u00ednica de los signos, a no m\u00e1s de 5 d\u00edas de iniciado el tratamiento.<\/p>\n<h3 class=\"wp-block-heading\">Indicaciones:<\/h3>\n<p>Insuficiencia hep\u00e1tica. Intoxicaciones medicamentosas. Falta de apetito. Training. Sobreentrenamiento. Activaci\u00f3n de la funci\u00f3n hep\u00e1tica.<\/p>\n<h3 class=\"wp-block-heading\">Especies de destino:<\/h3>\n<p><strong>Equinos deportivos<\/strong>\u00a0y de trabajo no destinados al consumo alimentario<br \/>\nhumano.<\/p>\n<p>Chinfield<\/p>\n","protected":false},"excerpt":{"rendered":"<p>Contiene 1 frasco de 1000 ml. Desintoxicante hep\u00e1tico oral F\u00f3rmula: Tintura de alcachofa \u2026\u2026\u2026\u2026\u2026\u2026\u2026\u2026\u2026\u2026\u2026\u2026\u2026.. 4 ml Tintura de boldo \u2026\u2026\u2026\u2026\u2026\u2026\u2026\u2026\u2026\u2026\u2026\u2026\u2026\u2026\u2026\u2026 4 ml Tintura de carqueja \u2026\u2026\u2026\u2026\u2026\u2026\u2026\u2026\u2026\u2026\u2026\u2026\u2026\u2026 4 ml DL. Metionina \u2026\u2026\u2026\u2026\u2026\u2026\u2026\u2026\u2026\u2026\u2026\u2026\u2026\u2026\u2026\u2026\u2026.. 1,2 g Sorbitol \u2026\u2026\u2026\u2026\u2026\u2026\u2026\u2026\u2026\u2026\u2026\u2026\u2026\u2026\u2026\u2026\u2026\u2026\u2026\u2026\u2026 50 g Agentes de formulaci\u00f3n c.s.p. \u2026\u2026\u2026\u2026\u2026\u2026.. 100 ml Beneficios: Los SPC son animales expuestos a alto nivel de stress &#8230; <a title=\"Hepatofield x 1 litro \u2013 Chinfield\" class=\"read-more\" href=\"https:\/\/vetaustral.com.ar\/?product=hepatofield-x-1-litro-chinfield\" aria-label=\"Leer m\u00e1s sobre Hepatofield x 1 litro \u2013 Chinfield\">Leer m\u00e1s<\/a><\/p>\n","protected":false},"featured_media":1171,"comment_status":"open","ping_status":"closed","template":"","meta":[],"product_brand":[114],"product_cat":[33,32],"product_tag":[59,61,113],"class_list":{"0":"post-1172","1":"product","2":"type-product","3":"status-publish","4":"has-post-thumbnail","6":"product_brand-chinfield","7":"product_cat-equinos","8":"product_cat-farmacia","9":"product_tag-desintoxicante","10":"product_tag-equinos-deportivos","11":"product_tag-hepatoprotector","12":"sales-flash-overlay","13":"woocommerce-text-align-center","14":"woocommerce-image-align-center","15":"do-quantity-buttons","17":"first","18":"instock","19":"taxable","20":"shipping-taxable","21":"purchasable","22":"product-type-simple"},"jetpack_sharing_enabled":true,"_links":{"self":[{"href":"https:\/\/vetaustral.com.ar\/index.php?rest_route=\/wp\/v2\/product\/1172","targetHints":{"allow":["GET"]}}],"collection":[{"href":"https:\/\/vetaustral.com.ar\/index.php?rest_route=\/wp\/v2\/product"}],"about":[{"href":"https:\/\/vetaustral.com.ar\/index.php?rest_route=\/wp\/v2\/types\/product"}],"replies":[{"embeddable":true,"href":"https:\/\/vetaustral.com.ar\/index.php?rest_route=%2Fwp%2Fv2%2Fcomments&post=1172"}],"wp:featuredmedia":[{"embeddable":true,"href":"https:\/\/vetaustral.com.ar\/index.php?rest_route=\/wp\/v2\/media\/1171"}],"wp:attachment":[{"href":"https:\/\/vetaustral.com.ar\/index.php?rest_route=%2Fwp%2Fv2%2Fmedia&parent=1172"}],"wp:term":[{"taxonomy":"product_brand","embeddable":true,"href":"https:\/\/vetaustral.com.ar\/index.php?rest_route=%2Fwp%2Fv2%2Fproduct_brand&post=1172"},{"taxonomy":"product_cat","embeddable":true,"href":"https:\/\/vetaustral.com.ar\/index.php?rest_route=%2Fwp%2Fv2%2Fproduct_cat&post=1172"},{"taxonomy":"product_tag","embeddable":true,"href":"https:\/\/vetaustral.com.ar\/index.php?rest_route=%2Fwp%2Fv2%2Fproduct_tag&post=1172"}],"curies":[{"name":"wp","href":"https:\/\/api.w.org\/{rel}","templated":true}]}}