{"id":1164,"date":"2025-10-24T15:14:26","date_gmt":"2025-10-24T15:14:26","guid":{"rendered":"https:\/\/vetaustral.com.ar\/?post_type=product&#038;p=1164"},"modified":"2026-01-28T19:56:41","modified_gmt":"2026-01-28T19:56:41","slug":"coagulante-chinfield-x-50-ml-chinfield","status":"publish","type":"product","link":"https:\/\/vetaustral.com.ar\/?product=coagulante-chinfield-x-50-ml-chinfield","title":{"rendered":"Coagulante chinfield x 50 ml &#8211; Chinfield"},"content":{"rendered":"<p>Contiene 1 frasco ampolla de 50 ml.<\/p>\n<ul>\n<li>Antihemorr\u00e1gico<\/li>\n<\/ul>\n<h3 class=\"wp-block-heading\">F\u00f3rmula:<\/h3>\n<p class=\"has-text-align-left\">Ciclonamina (etamsilato)\u2026\u2026\u2026\u2026\u2026\u2026..15 g<br \/>\nVitamina K\u00a0\u2081 \u2026\u2026\u2026\u2026\u2026\u2026\u2026\u2026\u2026\u2026\u2026\u2026\u2026.50 mg<br \/>\nAgentes de formulaci\u00f3n c.s.p\u2026\u2026\u2026\u2026..100 ml<\/p>\n<h3 class=\"wp-block-heading\">Beneficios:<\/h3>\n<p><strong>COAGULANTE CHINFIELD<\/strong> cubre todo el cuadro de hemorragias cualquiera sea su etiolog\u00eda y localizaci\u00f3n merced a los dos componentes activos de su formulaci\u00f3n, que lo distinguen como un producto \u00fanico en su g\u00e9nero. Administrado cuando se produce un derrame sangu\u00edneo, se obtiene r\u00e1pidamente la detenci\u00f3n completa de la efusi\u00f3n hem\u00e1tica y si se administra preventivamente, se consigue evitar la p\u00e9rdida de sangre. Inyectando una hora antes de cualquier intervenci\u00f3n quir\u00fargica, se tendr\u00e1 un campo operatorio m\u00e1s claro y se facilita de esta manera la maniobra operatoria. La vitamina K por su ingerencia en la formaci\u00f3n de protrombina, y la Ciclonamina acelerando la transformaci\u00f3n de protrombina en trombina, prolonga significativamente el tiempo de actividad del producto.<\/p>\n<h3 class=\"wp-block-heading\">Indicaciones:<\/h3>\n<p>Prevenci\u00f3n y tratamiento de hemorragias de cualquier etiolog\u00eda y localizaci\u00f3n.<\/p>\n<h3 class=\"wp-block-heading\">Especies de destino:<\/h3>\n<p><strong>Equinos<\/strong> no destinados a consumo alimentario humano, <strong>bovinos<\/strong>,\u00a0 <strong>caninos<\/strong> y<strong> felinos<\/strong>.<\/p>\n<p>Chinfield<\/p>\n","protected":false},"excerpt":{"rendered":"<p>Contiene 1 frasco ampolla de 50 ml. Antihemorr\u00e1gico F\u00f3rmula: Ciclonamina (etamsilato)\u2026\u2026\u2026\u2026\u2026\u2026..15 g Vitamina K\u00a0\u2081 \u2026\u2026\u2026\u2026\u2026\u2026\u2026\u2026\u2026\u2026\u2026\u2026\u2026.50 mg Agentes de formulaci\u00f3n c.s.p\u2026\u2026\u2026\u2026..100 ml Beneficios: COAGULANTE CHINFIELD cubre todo el cuadro de hemorragias cualquiera sea su etiolog\u00eda y localizaci\u00f3n merced a los dos componentes activos de su formulaci\u00f3n, que lo distinguen como un producto \u00fanico en su g\u00e9nero. &#8230; <a title=\"Coagulante chinfield x 50 ml &#8211; Chinfield\" class=\"read-more\" href=\"https:\/\/vetaustral.com.ar\/?product=coagulante-chinfield-x-50-ml-chinfield\" aria-label=\"Leer m\u00e1s sobre Coagulante chinfield x 50 ml &#8211; Chinfield\">Leer m\u00e1s<\/a><\/p>\n","protected":false},"featured_media":1165,"comment_status":"open","ping_status":"closed","template":"","meta":[],"product_brand":[114],"product_cat":[36,33,32,52],"product_tag":[138,137],"class_list":{"0":"post-1164","1":"product","2":"type-product","3":"status-publish","4":"has-post-thumbnail","6":"product_brand-chinfield","7":"product_cat-animales-de-compania","8":"product_cat-equinos","9":"product_cat-farmacia","10":"product_cat-grandes-animales","11":"product_tag-antihemorragico","12":"product_tag-coagulante","13":"sales-flash-overlay","14":"woocommerce-text-align-center","15":"woocommerce-image-align-center","16":"do-quantity-buttons","18":"first","19":"instock","20":"taxable","21":"shipping-taxable","22":"purchasable","23":"product-type-simple"},"jetpack_sharing_enabled":true,"_links":{"self":[{"href":"https:\/\/vetaustral.com.ar\/index.php?rest_route=\/wp\/v2\/product\/1164","targetHints":{"allow":["GET"]}}],"collection":[{"href":"https:\/\/vetaustral.com.ar\/index.php?rest_route=\/wp\/v2\/product"}],"about":[{"href":"https:\/\/vetaustral.com.ar\/index.php?rest_route=\/wp\/v2\/types\/product"}],"replies":[{"embeddable":true,"href":"https:\/\/vetaustral.com.ar\/index.php?rest_route=%2Fwp%2Fv2%2Fcomments&post=1164"}],"wp:featuredmedia":[{"embeddable":true,"href":"https:\/\/vetaustral.com.ar\/index.php?rest_route=\/wp\/v2\/media\/1165"}],"wp:attachment":[{"href":"https:\/\/vetaustral.com.ar\/index.php?rest_route=%2Fwp%2Fv2%2Fmedia&parent=1164"}],"wp:term":[{"taxonomy":"product_brand","embeddable":true,"href":"https:\/\/vetaustral.com.ar\/index.php?rest_route=%2Fwp%2Fv2%2Fproduct_brand&post=1164"},{"taxonomy":"product_cat","embeddable":true,"href":"https:\/\/vetaustral.com.ar\/index.php?rest_route=%2Fwp%2Fv2%2Fproduct_cat&post=1164"},{"taxonomy":"product_tag","embeddable":true,"href":"https:\/\/vetaustral.com.ar\/index.php?rest_route=%2Fwp%2Fv2%2Fproduct_tag&post=1164"}],"curies":[{"name":"wp","href":"https:\/\/api.w.org\/{rel}","templated":true}]}}