{"id":1162,"date":"2025-10-24T15:04:23","date_gmt":"2025-10-24T15:04:23","guid":{"rendered":"https:\/\/vetaustral.com.ar\/?post_type=product&#038;p=1162"},"modified":"2026-01-28T19:55:01","modified_gmt":"2026-01-28T19:55:01","slug":"cobre-zinc-chinfield-x-500-ml-chinfield","status":"publish","type":"product","link":"https:\/\/vetaustral.com.ar\/?product=cobre-zinc-chinfield-x-500-ml-chinfield","title":{"rendered":"Cobre +zinc chinfield x 500 ml &#8211; Chinfield"},"content":{"rendered":"<p>Contiene 1 frasco de 500 ml.<\/p>\n<ul>\n<li>Con iodo, cobalto y manganeso<\/li>\n<li>Suplemento mineral inyectable<\/li>\n<\/ul>\n<h3 class=\"wp-block-heading\">F\u00f3rmula:<\/h3>\n<p>Edetato de sodio y Cobre \u2026\u2026\u2026\u2026\u2026\u2026\u2026.. 2.500 mg<br \/>\nEdetato de sodio y Cobalto \u2026\u2026\u2026\u2026\u2026\u2026.. 3.000 mg<br \/>\nEdetato de sodio y Manganeso \u2026\u2026\u2026\u2026\u2026. 500 mg<br \/>\nEdetato de sodio y Zinc \u2026\u2026\u2026\u2026\u2026\u2026\u2026\u2026\u2026\u2026 200 mg<br \/>\nIoduro de potasio \u2026\u2026\u2026\u2026\u2026\u2026\u2026\u2026\u2026\u2026\u2026\u2026\u2026. 50 mg<br \/>\nAgentes de formulaci\u00f3n c.s.p. \u2026\u2026\u2026\u2026\u2026.. 100 ml<\/p>\n<h3 class=\"wp-block-heading\">Beneficios:<\/h3>\n<p>La deficiencia mineral se presenta con mucha frecuencia en formas subcl\u00ednicas manifest\u00e1ndose en menor o mayor grado de acuerdo a la importancia de la carencia en la alimentaci\u00f3n. Pero muchas veces no se corresponde con insuficiente cantidad en los alimentos sino que hay casos en que a pesar de encontrarse en valores suficientes, no puede ser asimilado por el organismo debido precisamente a desbalances entre los compuestos minerales que impiden que esto suceda. Ejemplo de ello es cuando la presencia de molibdeno es muy elevada e impide la correcta absorci\u00f3n del cobre. <strong>COBRE + ZINC CHINFIELD<\/strong> proporciona los minerales indispensables en forma de derivados de acci\u00f3n retardada y en dosis adecuadas para simplificar la administraci\u00f3n a la vez que para obtener una r\u00e1pida respuesta en los animales tratados.<\/p>\n<h3 class=\"wp-block-heading\">Indicaciones:<\/h3>\n<p>Estados carenciales de cobre, zinc, yodo, cobalto y manganeso. Reconstituyente. Trastornos reproductivos originados en carencias de alguno de los minerales que el producto provee. Osteopat\u00edas carenciales.<\/p>\n<h3 class=\"wp-block-heading\">Especies de destino:<\/h3>\n<p><strong>Bovinos<\/strong>, <strong>porcinos<\/strong>.<\/p>\n<p>Chinfield<\/p>\n","protected":false},"excerpt":{"rendered":"<p>Contiene 1 frasco de 500 ml. Con iodo, cobalto y manganeso Suplemento mineral inyectable F\u00f3rmula: Edetato de sodio y Cobre \u2026\u2026\u2026\u2026\u2026\u2026\u2026.. 2.500 mg Edetato de sodio y Cobalto \u2026\u2026\u2026\u2026\u2026\u2026.. 3.000 mg Edetato de sodio y Manganeso \u2026\u2026\u2026\u2026\u2026. 500 mg Edetato de sodio y Zinc \u2026\u2026\u2026\u2026\u2026\u2026\u2026\u2026\u2026\u2026 200 mg Ioduro de potasio \u2026\u2026\u2026\u2026\u2026\u2026\u2026\u2026\u2026\u2026\u2026\u2026\u2026. 50 mg Agentes de &#8230; <a title=\"Cobre +zinc chinfield x 500 ml &#8211; Chinfield\" class=\"read-more\" href=\"https:\/\/vetaustral.com.ar\/?product=cobre-zinc-chinfield-x-500-ml-chinfield\" aria-label=\"Leer m\u00e1s sobre Cobre +zinc chinfield x 500 ml &#8211; Chinfield\">Leer m\u00e1s<\/a><\/p>\n","protected":false},"featured_media":1163,"comment_status":"open","ping_status":"closed","template":"","meta":[],"product_brand":[114],"product_cat":[32,52],"product_tag":[125,84,136],"class_list":{"0":"post-1162","1":"product","2":"type-product","3":"status-publish","4":"has-post-thumbnail","6":"product_brand-chinfield","7":"product_cat-farmacia","8":"product_cat-grandes-animales","9":"product_tag-bovinos","10":"product_tag-minerales","11":"product_tag-reconstituyente","12":"sales-flash-overlay","13":"woocommerce-text-align-center","14":"woocommerce-image-align-center","15":"do-quantity-buttons","17":"first","18":"outofstock","19":"taxable","20":"shipping-taxable","21":"purchasable","22":"product-type-simple"},"jetpack_sharing_enabled":true,"_links":{"self":[{"href":"https:\/\/vetaustral.com.ar\/index.php?rest_route=\/wp\/v2\/product\/1162","targetHints":{"allow":["GET"]}}],"collection":[{"href":"https:\/\/vetaustral.com.ar\/index.php?rest_route=\/wp\/v2\/product"}],"about":[{"href":"https:\/\/vetaustral.com.ar\/index.php?rest_route=\/wp\/v2\/types\/product"}],"replies":[{"embeddable":true,"href":"https:\/\/vetaustral.com.ar\/index.php?rest_route=%2Fwp%2Fv2%2Fcomments&post=1162"}],"wp:featuredmedia":[{"embeddable":true,"href":"https:\/\/vetaustral.com.ar\/index.php?rest_route=\/wp\/v2\/media\/1163"}],"wp:attachment":[{"href":"https:\/\/vetaustral.com.ar\/index.php?rest_route=%2Fwp%2Fv2%2Fmedia&parent=1162"}],"wp:term":[{"taxonomy":"product_brand","embeddable":true,"href":"https:\/\/vetaustral.com.ar\/index.php?rest_route=%2Fwp%2Fv2%2Fproduct_brand&post=1162"},{"taxonomy":"product_cat","embeddable":true,"href":"https:\/\/vetaustral.com.ar\/index.php?rest_route=%2Fwp%2Fv2%2Fproduct_cat&post=1162"},{"taxonomy":"product_tag","embeddable":true,"href":"https:\/\/vetaustral.com.ar\/index.php?rest_route=%2Fwp%2Fv2%2Fproduct_tag&post=1162"}],"curies":[{"name":"wp","href":"https:\/\/api.w.org\/{rel}","templated":true}]}}