{"id":1155,"date":"2025-10-22T22:59:44","date_gmt":"2025-10-22T22:59:44","guid":{"rendered":"https:\/\/vetaustral.com.ar\/?post_type=product&#038;p=1155"},"modified":"2026-01-28T19:54:32","modified_gmt":"2026-01-28T19:54:32","slug":"cobre-plus-fosforo-x-500-ml-chinfield","status":"publish","type":"product","link":"https:\/\/vetaustral.com.ar\/?product=cobre-plus-fosforo-x-500-ml-chinfield","title":{"rendered":"Cobre plus +fosforo x 500 ml &#8211; Chinfield"},"content":{"rendered":"<p>Contiene 1 frasco de 500 ml.<\/p>\n<ul>\n<li>Con iodo, cobalto y manganeso<\/li>\n<li>Mineralizante<\/li>\n<li>Reconstituyente<\/li>\n<\/ul>\n<h3 class=\"wp-block-heading\">F\u00f3rmula:<\/h3>\n<p>Glicocola \u2026\u2026\u2026\u2026\u2026\u2026\u2026\u2026\u2026\u2026\u2026\u2026\u2026\u2026\u2026\u2026\u2026\u2026\u2026\u2026. 10 g<br \/>\nFosfato de Sodio \u2026\u2026\u2026\u2026\u2026\u2026\u2026\u2026\u2026\u2026\u2026\u2026\u2026\u2026\u2026.. 20 g<br \/>\nEdetato de sodio y cobre \u2026\u2026\u2026\u2026\u2026\u2026\u2026\u2026\u2026\u2026.. 5 g<br \/>\nIoduro de potasio \u2026\u2026\u2026\u2026\u2026\u2026\u2026\u2026\u2026\u2026\u2026\u2026\u2026\u2026\u2026 0,25 g<br \/>\nEdetato de sodio y cobalto \u2026\u2026\u2026\u2026\u2026\u2026\u2026\u2026\u2026.. 3 g<br \/>\nEdetato de sodio y manganeso \u2026\u2026\u2026\u2026\u2026\u2026\u2026 2,5 g<br \/>\nAgentes de formulaci\u00f3n c.s.p. \u2026\u2026\u2026\u2026\u2026\u2026\u2026 100 ml<\/p>\n<h3 class=\"wp-block-heading\">Beneficios:<\/h3>\n<p>Los estados carenciales en determinados minerales se presentan con bastante frecuencia, debido a una alimentaci\u00f3n deficitaria (suelos empobrecidos por causas geol\u00f3gicas o clim\u00e1ticas) o por dificultades en su absorci\u00f3n en el tracto digestivo de los animales. Por lo com\u00fan estas deficiencias son de dif\u00edcil diagn\u00f3stico por su sintomatolog\u00eda polimorfa o por presentarse bajo la forma de estados subcl\u00ednicos que inducen a error en su exacta determinaci\u00f3n. <strong>COBRE PLUS + FOSFORO CHINFIELD<\/strong> aporta minerales indispensables en forma de compuestos acomplejados de acci\u00f3n retardada que aseguran niveles adecuados para mantener las funciones fisiol\u00f3gicas por tiempo prolongado siendo un producto de elecci\u00f3n en aquellas zonas en donde el d\u00e9ficit de f\u00f3sforo y cobre representan una limitante de importancia a la producci\u00f3n adem\u00e1s de aportar iodo, cobalto y manganeso.<\/p>\n<h3 class=\"wp-block-heading\">Indicaciones:<\/h3>\n<p>Adyuvante en casos de disminuci\u00f3n de fertilidad, hipotiroidismo, anemias, osteopat\u00edas (fracturas espont\u00e1neas en terneros, deformaciones articulares), pica. Coadyuvante cuando se necesite incrementar f\u00f3sforo, cobre, iodo, cobalto y manganeso durante pre\u00f1ez, lactancia, crecimiento, engorde, convalecencias, pre-parto y pre-servicio, pre y post destete.<\/p>\n<p>&nbsp;<\/p>\n<h3 class=\"wp-block-heading\">Especies de destino:<\/h3>\n<p><strong>Bovinos<\/strong>, <strong>porcinos<\/strong>.<\/p>\n<p>Chinfield<\/p>\n","protected":false},"excerpt":{"rendered":"<p>Contiene 1 frasco de 500 ml. Con iodo, cobalto y manganeso Mineralizante Reconstituyente F\u00f3rmula: Glicocola \u2026\u2026\u2026\u2026\u2026\u2026\u2026\u2026\u2026\u2026\u2026\u2026\u2026\u2026\u2026\u2026\u2026\u2026\u2026\u2026. 10 g Fosfato de Sodio \u2026\u2026\u2026\u2026\u2026\u2026\u2026\u2026\u2026\u2026\u2026\u2026\u2026\u2026\u2026.. 20 g Edetato de sodio y cobre \u2026\u2026\u2026\u2026\u2026\u2026\u2026\u2026\u2026\u2026.. 5 g Ioduro de potasio \u2026\u2026\u2026\u2026\u2026\u2026\u2026\u2026\u2026\u2026\u2026\u2026\u2026\u2026\u2026 0,25 g Edetato de sodio y cobalto \u2026\u2026\u2026\u2026\u2026\u2026\u2026\u2026\u2026.. 3 g Edetato de sodio y manganeso \u2026\u2026\u2026\u2026\u2026\u2026\u2026 2,5 g Agentes &#8230; <a title=\"Cobre plus +fosforo x 500 ml &#8211; Chinfield\" class=\"read-more\" href=\"https:\/\/vetaustral.com.ar\/?product=cobre-plus-fosforo-x-500-ml-chinfield\" aria-label=\"Leer m\u00e1s sobre Cobre plus +fosforo x 500 ml &#8211; Chinfield\">Leer m\u00e1s<\/a><\/p>\n","protected":false},"featured_media":1156,"comment_status":"open","ping_status":"closed","template":"","meta":[],"product_brand":[114],"product_cat":[32,52],"product_tag":[125,84,136],"class_list":{"0":"post-1155","1":"product","2":"type-product","3":"status-publish","4":"has-post-thumbnail","6":"product_brand-chinfield","7":"product_cat-farmacia","8":"product_cat-grandes-animales","9":"product_tag-bovinos","10":"product_tag-minerales","11":"product_tag-reconstituyente","12":"sales-flash-overlay","13":"woocommerce-text-align-center","14":"woocommerce-image-align-center","15":"do-quantity-buttons","17":"first","18":"outofstock","19":"taxable","20":"shipping-taxable","21":"purchasable","22":"product-type-simple"},"jetpack_sharing_enabled":true,"_links":{"self":[{"href":"https:\/\/vetaustral.com.ar\/index.php?rest_route=\/wp\/v2\/product\/1155","targetHints":{"allow":["GET"]}}],"collection":[{"href":"https:\/\/vetaustral.com.ar\/index.php?rest_route=\/wp\/v2\/product"}],"about":[{"href":"https:\/\/vetaustral.com.ar\/index.php?rest_route=\/wp\/v2\/types\/product"}],"replies":[{"embeddable":true,"href":"https:\/\/vetaustral.com.ar\/index.php?rest_route=%2Fwp%2Fv2%2Fcomments&post=1155"}],"wp:featuredmedia":[{"embeddable":true,"href":"https:\/\/vetaustral.com.ar\/index.php?rest_route=\/wp\/v2\/media\/1156"}],"wp:attachment":[{"href":"https:\/\/vetaustral.com.ar\/index.php?rest_route=%2Fwp%2Fv2%2Fmedia&parent=1155"}],"wp:term":[{"taxonomy":"product_brand","embeddable":true,"href":"https:\/\/vetaustral.com.ar\/index.php?rest_route=%2Fwp%2Fv2%2Fproduct_brand&post=1155"},{"taxonomy":"product_cat","embeddable":true,"href":"https:\/\/vetaustral.com.ar\/index.php?rest_route=%2Fwp%2Fv2%2Fproduct_cat&post=1155"},{"taxonomy":"product_tag","embeddable":true,"href":"https:\/\/vetaustral.com.ar\/index.php?rest_route=%2Fwp%2Fv2%2Fproduct_tag&post=1155"}],"curies":[{"name":"wp","href":"https:\/\/api.w.org\/{rel}","templated":true}]}}