{"id":1151,"date":"2025-10-22T22:49:43","date_gmt":"2025-10-22T22:49:43","guid":{"rendered":"https:\/\/vetaustral.com.ar\/?post_type=product&#038;p=1151"},"modified":"2026-01-28T19:50:15","modified_gmt":"2026-01-28T19:50:15","slug":"corpoten-x-50-ml-chinfield","status":"publish","type":"product","link":"https:\/\/vetaustral.com.ar\/?product=corpoten-x-50-ml-chinfield","title":{"rendered":"Corpoten x 50 ml &#8211; Chinfield"},"content":{"rendered":"<p>Contiene 1 frasco ampolla de 50 ml.<\/p>\n<ul>\n<li>Estimulante cardiorrespiratorio para el equino deportivo<\/li>\n<\/ul>\n<h3 class=\"wp-block-heading\">F\u00f3rmula:<\/h3>\n<p>Glicina (Glicocola) \u2026\u2026\u2026\u2026\u2026\u2026\u2026\u2026\u2026\u2026\u2026\u2026.. 10 g<br \/>\nNiquetamida \u2026\u2026\u2026\u2026\u2026\u2026\u2026\u2026\u2026\u2026\u2026\u2026\u2026\u2026\u2026.. 15 g<br \/>\nCitrato de difenamina \u2026\u2026\u2026\u2026\u2026\u2026\u2026\u2026\u2026\u2026. 2,5 g<br \/>\nAgentes de formulaci\u00f3n c.s.p. \u2026\u2026\u2026\u2026\u2026. 100 ml<\/p>\n<h3 class=\"wp-block-heading\">Beneficios:<\/h3>\n<p><strong>CORPOTEN INYECTABLE<\/strong> tiene una potente acci\u00f3n cardiot\u00f3nica, circulatoria y respiratoria que aumenta notablemente la oxigenaci\u00f3n de los tejidos, especialmente durante el esfuerzo y retardando la aparici\u00f3n de la sensaci\u00f3n de fatiga.<\/p>\n<h3 class=\"wp-block-heading\">Indicaciones:<\/h3>\n<p>Trastornos cardiocirculatorios y respiratorios. Decaimiento f\u00edsico. Insuficiente ventilaci\u00f3n pulmonar. Espasmos bronquiales. Depresi\u00f3n respiratoria y card\u00edaca post-anestesia.<\/p>\n<h3 class=\"wp-block-heading\">Especies de destino:<\/h3>\n<p><strong>Equinos deportivos<\/strong> y de trabajo no destinados al consumo alimentario<br \/>\nhumano.<\/p>\n<p>Chinfield<\/p>\n","protected":false},"excerpt":{"rendered":"<p>Contiene 1 frasco ampolla de 50 ml. Estimulante cardiorrespiratorio para el equino deportivo F\u00f3rmula: Glicina (Glicocola) \u2026\u2026\u2026\u2026\u2026\u2026\u2026\u2026\u2026\u2026\u2026\u2026.. 10 g Niquetamida \u2026\u2026\u2026\u2026\u2026\u2026\u2026\u2026\u2026\u2026\u2026\u2026\u2026\u2026\u2026.. 15 g Citrato de difenamina \u2026\u2026\u2026\u2026\u2026\u2026\u2026\u2026\u2026\u2026. 2,5 g Agentes de formulaci\u00f3n c.s.p. \u2026\u2026\u2026\u2026\u2026. 100 ml Beneficios: CORPOTEN INYECTABLE tiene una potente acci\u00f3n cardiot\u00f3nica, circulatoria y respiratoria que aumenta notablemente la oxigenaci\u00f3n de los tejidos, &#8230; <a title=\"Corpoten x 50 ml &#8211; Chinfield\" class=\"read-more\" href=\"https:\/\/vetaustral.com.ar\/?product=corpoten-x-50-ml-chinfield\" aria-label=\"Leer m\u00e1s sobre Corpoten x 50 ml &#8211; Chinfield\">Leer m\u00e1s<\/a><\/p>\n","protected":false},"featured_media":1152,"comment_status":"open","ping_status":"closed","template":"","meta":[],"product_brand":[114],"product_cat":[33,32],"product_tag":[61,135,127],"class_list":{"0":"post-1151","1":"product","2":"type-product","3":"status-publish","4":"has-post-thumbnail","6":"product_brand-chinfield","7":"product_cat-equinos","8":"product_cat-farmacia","9":"product_tag-equinos-deportivos","10":"product_tag-estimulante-cardiaco","11":"product_tag-estimulante-respiratorio","12":"sales-flash-overlay","13":"woocommerce-text-align-center","14":"woocommerce-image-align-center","15":"do-quantity-buttons","17":"first","18":"instock","19":"taxable","20":"shipping-taxable","21":"purchasable","22":"product-type-simple"},"jetpack_sharing_enabled":true,"_links":{"self":[{"href":"https:\/\/vetaustral.com.ar\/index.php?rest_route=\/wp\/v2\/product\/1151","targetHints":{"allow":["GET"]}}],"collection":[{"href":"https:\/\/vetaustral.com.ar\/index.php?rest_route=\/wp\/v2\/product"}],"about":[{"href":"https:\/\/vetaustral.com.ar\/index.php?rest_route=\/wp\/v2\/types\/product"}],"replies":[{"embeddable":true,"href":"https:\/\/vetaustral.com.ar\/index.php?rest_route=%2Fwp%2Fv2%2Fcomments&post=1151"}],"wp:featuredmedia":[{"embeddable":true,"href":"https:\/\/vetaustral.com.ar\/index.php?rest_route=\/wp\/v2\/media\/1152"}],"wp:attachment":[{"href":"https:\/\/vetaustral.com.ar\/index.php?rest_route=%2Fwp%2Fv2%2Fmedia&parent=1151"}],"wp:term":[{"taxonomy":"product_brand","embeddable":true,"href":"https:\/\/vetaustral.com.ar\/index.php?rest_route=%2Fwp%2Fv2%2Fproduct_brand&post=1151"},{"taxonomy":"product_cat","embeddable":true,"href":"https:\/\/vetaustral.com.ar\/index.php?rest_route=%2Fwp%2Fv2%2Fproduct_cat&post=1151"},{"taxonomy":"product_tag","embeddable":true,"href":"https:\/\/vetaustral.com.ar\/index.php?rest_route=%2Fwp%2Fv2%2Fproduct_tag&post=1151"}],"curies":[{"name":"wp","href":"https:\/\/api.w.org\/{rel}","templated":true}]}}