{"id":1149,"date":"2025-10-22T22:43:20","date_gmt":"2025-10-22T22:43:20","guid":{"rendered":"https:\/\/vetaustral.com.ar\/?post_type=product&#038;p=1149"},"modified":"2026-01-28T19:49:48","modified_gmt":"2026-01-28T19:49:48","slug":"caustico-rojo-chinfield-x-30-gr-chinfield","status":"publish","type":"product","link":"https:\/\/vetaustral.com.ar\/?product=caustico-rojo-chinfield-x-30-gr-chinfield","title":{"rendered":"Caustico Rojo Chinfield X 30 gr &#8211; Chinfield"},"content":{"rendered":"<p>Estuche conteniendo 1 pote x 30 g.<\/p>\n<ul>\n<li>Pomada revulsiva<\/li>\n<\/ul>\n<h3 class=\"wp-block-heading\">F\u00f3rmula:<\/h3>\n<p>Biyoduro de Mercurio \u2026\u2026\u2026\u2026\u2026\u2026\u2026\u2026\u2026\u2026\u2026\u2026\u2026 20 g<br \/>\nAceite de Crot\u00f3n \u2026\u2026\u2026\u2026\u2026\u2026\u2026\u2026\u2026\u2026\u2026\u2026\u2026.. 1000 mg<br \/>\n\u00c1cido F\u00f3rmico \u2026\u2026\u2026\u2026\u2026\u2026\u2026\u2026\u2026\u2026\u2026\u2026\u2026\u2026\u2026. 200 mg<br \/>\nAgentes de formulaci\u00f3n c.s.p. \u2026\u2026\u2026\u2026\u2026\u2026\u2026. 100 g<\/p>\n<h3 class=\"wp-block-heading\">Beneficios:<\/h3>\n<p>CAUSTICO ROJO CHINFIELD, aplicado sobre la zona afectada, produce un notable flujo de sangre (acci\u00f3n hiperhemiante), con liberaci\u00f3n de histamina y sustancias histaminoides y finalmente una proteinoterapia no espec\u00edfica, cuyo resultado es una r\u00e1pida mejor\u00eda del animal y su posterior recuperaci\u00f3n total. La absorci\u00f3n lenta y regulada del aceite de crot\u00f3n y del \u00e1cido f\u00f3rmico, asegura una elevada y constante afluencia de sangre a la regi\u00f3n afectada.<br \/>\nDe esta manera se eliminan los factores causantes de la afecci\u00f3n y se alcanza una mejor y m\u00e1s r\u00e1pida curaci\u00f3n del proceso.<\/p>\n<h3 class=\"wp-block-heading\">Indicaciones:<\/h3>\n<p>Revulsivo de uso local para el tratamiento de procesos cr\u00f3nicos inflamatorios y dolorosos.<\/p>\n<h3 class=\"wp-block-heading\">Especies de destino:<\/h3>\n<p><strong>Equinos deportivos<\/strong> y de trabajo no destinados al consumo alimentario humano.<\/p>\n<p>Chinfield<\/p>\n","protected":false},"excerpt":{"rendered":"<p>Estuche conteniendo 1 pote x 30 g. Pomada revulsiva F\u00f3rmula: Biyoduro de Mercurio \u2026\u2026\u2026\u2026\u2026\u2026\u2026\u2026\u2026\u2026\u2026\u2026\u2026 20 g Aceite de Crot\u00f3n \u2026\u2026\u2026\u2026\u2026\u2026\u2026\u2026\u2026\u2026\u2026\u2026\u2026.. 1000 mg \u00c1cido F\u00f3rmico \u2026\u2026\u2026\u2026\u2026\u2026\u2026\u2026\u2026\u2026\u2026\u2026\u2026\u2026\u2026. 200 mg Agentes de formulaci\u00f3n c.s.p. \u2026\u2026\u2026\u2026\u2026\u2026\u2026. 100 g Beneficios: CAUSTICO ROJO CHINFIELD, aplicado sobre la zona afectada, produce un notable flujo de sangre (acci\u00f3n hiperhemiante), con liberaci\u00f3n de histamina &#8230; <a title=\"Caustico Rojo Chinfield X 30 gr &#8211; Chinfield\" class=\"read-more\" href=\"https:\/\/vetaustral.com.ar\/?product=caustico-rojo-chinfield-x-30-gr-chinfield\" aria-label=\"Leer m\u00e1s sobre Caustico Rojo Chinfield X 30 gr &#8211; Chinfield\">Leer m\u00e1s<\/a><\/p>\n","protected":false},"featured_media":1150,"comment_status":"open","ping_status":"closed","template":"","meta":[],"product_brand":[114],"product_cat":[33,32],"product_tag":[61,134],"class_list":{"0":"post-1149","1":"product","2":"type-product","3":"status-publish","4":"has-post-thumbnail","6":"product_brand-chinfield","7":"product_cat-equinos","8":"product_cat-farmacia","9":"product_tag-equinos-deportivos","10":"product_tag-revulsivo","11":"sales-flash-overlay","12":"woocommerce-text-align-center","13":"woocommerce-image-align-center","14":"do-quantity-buttons","16":"first","17":"instock","18":"taxable","19":"shipping-taxable","20":"purchasable","21":"product-type-simple"},"jetpack_sharing_enabled":true,"_links":{"self":[{"href":"https:\/\/vetaustral.com.ar\/index.php?rest_route=\/wp\/v2\/product\/1149","targetHints":{"allow":["GET"]}}],"collection":[{"href":"https:\/\/vetaustral.com.ar\/index.php?rest_route=\/wp\/v2\/product"}],"about":[{"href":"https:\/\/vetaustral.com.ar\/index.php?rest_route=\/wp\/v2\/types\/product"}],"replies":[{"embeddable":true,"href":"https:\/\/vetaustral.com.ar\/index.php?rest_route=%2Fwp%2Fv2%2Fcomments&post=1149"}],"wp:featuredmedia":[{"embeddable":true,"href":"https:\/\/vetaustral.com.ar\/index.php?rest_route=\/wp\/v2\/media\/1150"}],"wp:attachment":[{"href":"https:\/\/vetaustral.com.ar\/index.php?rest_route=%2Fwp%2Fv2%2Fmedia&parent=1149"}],"wp:term":[{"taxonomy":"product_brand","embeddable":true,"href":"https:\/\/vetaustral.com.ar\/index.php?rest_route=%2Fwp%2Fv2%2Fproduct_brand&post=1149"},{"taxonomy":"product_cat","embeddable":true,"href":"https:\/\/vetaustral.com.ar\/index.php?rest_route=%2Fwp%2Fv2%2Fproduct_cat&post=1149"},{"taxonomy":"product_tag","embeddable":true,"href":"https:\/\/vetaustral.com.ar\/index.php?rest_route=%2Fwp%2Fv2%2Fproduct_tag&post=1149"}],"curies":[{"name":"wp","href":"https:\/\/api.w.org\/{rel}","templated":true}]}}