{"id":1147,"date":"2025-10-22T22:33:29","date_gmt":"2025-10-22T22:33:29","guid":{"rendered":"https:\/\/vetaustral.com.ar\/?post_type=product&#038;p=1147"},"modified":"2026-01-28T19:48:15","modified_gmt":"2026-01-28T19:48:15","slug":"ch-77-x-10-ml-chinfield","status":"publish","type":"product","link":"https:\/\/vetaustral.com.ar\/?product=ch-77-x-10-ml-chinfield","title":{"rendered":"CH 77 x 10 ml &#8211; Chinfield"},"content":{"rendered":"<p>Contiene 1 frasco ampolla de 10 ml.<\/p>\n<ul>\n<li>Estimulante activo<\/li>\n<\/ul>\n<h3 class=\"wp-block-heading\">F\u00f3rmula:<\/h3>\n<p>Acido Asc\u00f3rbico \u2026\u2026\u2026\u2026\u2026\u2026\u2026\u2026\u2026\u2026\u2026\u2026\u2026\u2026\u2026\u2026. 10 g<br \/>\nHidr\u00f3xido de Magnesio \u2026\u2026\u2026\u2026\u2026\u2026\u2026\u2026\u2026\u2026\u2026\u2026 1 g<br \/>\nNiquetamida \u2026\u2026\u2026\u2026\u2026\u2026\u2026\u2026\u2026\u2026\u2026\u2026\u2026\u2026\u2026\u2026\u2026\u2026. 15 g<br \/>\nAgentes de formulaci\u00f3n c.s.p. \u2026\u2026\u2026\u2026\u2026\u2026.. 100 ml<\/p>\n<h3 class=\"wp-block-heading\">Beneficios:<\/h3>\n<p><strong>CH 77\u00ae<\/strong> es un fuerte estimulante a base de Ascorbato de Magnesio y otro activo como la Niquetamida que refuerza su acci\u00f3n, aumentando la capacidad de trabajo y la resistencia muscular. Mantiene normal el ritmo respiratorio, compensa el exceso de trabajo card\u00edaco, y disminuye la fatiga. <strong>CH 77\u00ae<\/strong> le da al animal el \u00edmpetu y la energ\u00eda necesarios para cumplir con la exigencia de la prueba.<\/p>\n<h3 class=\"wp-block-heading\">Indicaciones:<\/h3>\n<p>Preparaci\u00f3n inmediata para la prueba. Para activar animales f\u00edsicamente disminuidos por edad, enfermedad, trabajo excesivo, insuficiencia respiratoria aguda, depresi\u00f3n por anest\u00e9sicos.<\/p>\n<h3 class=\"wp-block-heading\">Especies de destino:<\/h3>\n<p><strong>Equinos deportivos<\/strong> y de trabajo no destinados al consumo alimentario<br \/>\nhumano.<\/p>\n<p>Chinfield<\/p>\n","protected":false},"excerpt":{"rendered":"<p>Contiene 1 frasco ampolla de 10 ml. Estimulante activo F\u00f3rmula: Acido Asc\u00f3rbico \u2026\u2026\u2026\u2026\u2026\u2026\u2026\u2026\u2026\u2026\u2026\u2026\u2026\u2026\u2026\u2026. 10 g Hidr\u00f3xido de Magnesio \u2026\u2026\u2026\u2026\u2026\u2026\u2026\u2026\u2026\u2026\u2026\u2026 1 g Niquetamida \u2026\u2026\u2026\u2026\u2026\u2026\u2026\u2026\u2026\u2026\u2026\u2026\u2026\u2026\u2026\u2026\u2026\u2026. 15 g Agentes de formulaci\u00f3n c.s.p. \u2026\u2026\u2026\u2026\u2026\u2026.. 100 ml Beneficios: CH 77\u00ae es un fuerte estimulante a base de Ascorbato de Magnesio y otro activo como la Niquetamida que refuerza su acci\u00f3n, &#8230; <a title=\"CH 77 x 10 ml &#8211; Chinfield\" class=\"read-more\" href=\"https:\/\/vetaustral.com.ar\/?product=ch-77-x-10-ml-chinfield\" aria-label=\"Leer m\u00e1s sobre CH 77 x 10 ml &#8211; Chinfield\">Leer m\u00e1s<\/a><\/p>\n","protected":false},"featured_media":1148,"comment_status":"open","ping_status":"closed","template":"","meta":[],"product_brand":[114],"product_cat":[33,32],"product_tag":[61,133],"class_list":{"0":"post-1147","1":"product","2":"type-product","3":"status-publish","4":"has-post-thumbnail","6":"product_brand-chinfield","7":"product_cat-equinos","8":"product_cat-farmacia","9":"product_tag-equinos-deportivos","10":"product_tag-estimulante","11":"sales-flash-overlay","12":"woocommerce-text-align-center","13":"woocommerce-image-align-center","14":"do-quantity-buttons","16":"first","17":"instock","18":"taxable","19":"shipping-taxable","20":"purchasable","21":"product-type-simple"},"jetpack_sharing_enabled":true,"_links":{"self":[{"href":"https:\/\/vetaustral.com.ar\/index.php?rest_route=\/wp\/v2\/product\/1147","targetHints":{"allow":["GET"]}}],"collection":[{"href":"https:\/\/vetaustral.com.ar\/index.php?rest_route=\/wp\/v2\/product"}],"about":[{"href":"https:\/\/vetaustral.com.ar\/index.php?rest_route=\/wp\/v2\/types\/product"}],"replies":[{"embeddable":true,"href":"https:\/\/vetaustral.com.ar\/index.php?rest_route=%2Fwp%2Fv2%2Fcomments&post=1147"}],"wp:featuredmedia":[{"embeddable":true,"href":"https:\/\/vetaustral.com.ar\/index.php?rest_route=\/wp\/v2\/media\/1148"}],"wp:attachment":[{"href":"https:\/\/vetaustral.com.ar\/index.php?rest_route=%2Fwp%2Fv2%2Fmedia&parent=1147"}],"wp:term":[{"taxonomy":"product_brand","embeddable":true,"href":"https:\/\/vetaustral.com.ar\/index.php?rest_route=%2Fwp%2Fv2%2Fproduct_brand&post=1147"},{"taxonomy":"product_cat","embeddable":true,"href":"https:\/\/vetaustral.com.ar\/index.php?rest_route=%2Fwp%2Fv2%2Fproduct_cat&post=1147"},{"taxonomy":"product_tag","embeddable":true,"href":"https:\/\/vetaustral.com.ar\/index.php?rest_route=%2Fwp%2Fv2%2Fproduct_tag&post=1147"}],"curies":[{"name":"wp","href":"https:\/\/api.w.org\/{rel}","templated":true}]}}