{"id":1143,"date":"2025-10-22T22:13:33","date_gmt":"2025-10-22T22:13:33","guid":{"rendered":"https:\/\/vetaustral.com.ar\/?post_type=product&#038;p=1143"},"modified":"2026-01-28T19:40:06","modified_gmt":"2026-01-28T19:40:06","slug":"chinfood-fuerte-x-1-litro-chinfield","status":"publish","type":"product","link":"https:\/\/vetaustral.com.ar\/?product=chinfood-fuerte-x-1-litro-chinfield","title":{"rendered":"Chinfood fuerte x 1 litro &#8211; Chinfield"},"content":{"rendered":"<p>Contiene 1 frasco de 1000 ml.<\/p>\n<ul>\n<li>Suplemento mineral vitam\u00ednico con amino\u00e1cidos<\/li>\n<\/ul>\n<h3 class=\"wp-block-heading\">F\u00f3rmula:<\/h3>\n<p>Vitamina A \u2026\u2026\u2026\u2026\u2026\u2026\u2026\u2026\u2026\u2026\u2026\u2026\u2026\u2026\u2026. 25 mg<br \/>\nVitamina B1 \u2026\u2026\u2026\u2026\u2026\u2026\u2026\u2026\u2026\u2026\u2026\u2026\u2026\u2026. 100 mg<br \/>\nVitamina B2 \u2026\u2026\u2026\u2026\u2026\u2026\u2026\u2026\u2026\u2026\u2026\u2026\u2026\u2026. 30 mg<br \/>\nVitamina B6 \u2026\u2026\u2026\u2026\u2026\u2026\u2026\u2026\u2026\u2026\u2026\u2026\u2026\u2026. 20 mg<br \/>\nVitamina B12 \u2026\u2026\u2026\u2026\u2026\u2026\u2026\u2026\u2026\u2026\u2026\u2026\u2026. 1000 ug<br \/>\nVitamina B13 \u2026\u2026\u2026\u2026\u2026\u2026\u2026\u2026\u2026\u2026\u2026\u2026\u2026. 50 mg<br \/>\nVitamina B15 \u2026\u2026\u2026\u2026\u2026\u2026\u2026\u2026\u2026\u2026\u2026\u2026\u2026 3 mg<br \/>\nVitamina C \u2026\u2026\u2026\u2026\u2026\u2026\u2026\u2026\u2026\u2026\u2026\u2026\u2026\u2026.. 1000 mg<br \/>\nVitamina D2 \u2026\u2026\u2026\u2026\u2026\u2026\u2026\u2026\u2026\u2026\u2026\u2026\u2026\u2026 1 mg<br \/>\nVitamina E \u2026\u2026\u2026\u2026\u2026\u2026\u2026\u2026\u2026\u2026\u2026\u2026\u2026\u2026\u2026 30 mg<br \/>\nVitamina H \u2026\u2026\u2026\u2026\u2026\u2026\u2026\u2026\u2026\u2026\u2026\u2026\u2026\u2026.. 0,1mg<br \/>\nNicotinamida \u2026\u2026\u2026\u2026\u2026\u2026\u2026\u2026\u2026\u2026\u2026\u2026\u2026. 75 mg<br \/>\nPantotenato de calcio \u2026\u2026\u2026\u2026\u2026\u2026\u2026\u2026. 50 mg<br \/>\n\u00c1cido F\u00f3lico \u2026\u2026\u2026\u2026\u2026\u2026\u2026\u2026\u2026\u2026\u2026\u2026\u2026\u2026 2 mg<br \/>\nAspartato de Magnesio \u2026\u2026\u2026\u2026\u2026\u2026\u2026 500 mg<br \/>\nAspartato de potasio \u2026\u2026\u2026\u2026\u2026\u2026\u2026\u2026. 500 mg<br \/>\nLisina \u2026\u2026\u2026\u2026\u2026\u2026\u2026\u2026\u2026\u2026\u2026\u2026\u2026\u2026\u2026\u2026\u2026. 500 mg<br \/>\nMetionina \u2026\u2026\u2026\u2026\u2026\u2026\u2026\u2026\u2026\u2026\u2026\u2026\u2026\u2026\u2026 400 mg<br \/>\nLactato de Calcio \u2026\u2026\u2026\u2026\u2026\u2026\u2026\u2026\u2026\u2026. 4000 mg<br \/>\nFosfato monoc\u00e1lcico \u2026\u2026\u2026\u2026\u2026\u2026\u2026\u2026 2000 mg<br \/>\nGluconato de magnesio \u2026\u2026\u2026\u2026\u2026\u2026. 2500 mg<br \/>\nSulfato de manganeso \u2026\u2026\u2026\u2026\u2026\u2026\u2026 30 mg<br \/>\nSulfato de cobre \u2026\u2026\u2026\u2026\u2026\u2026\u2026\u2026\u2026\u2026.. 20 mg<br \/>\nCloruro de cobalto \u2026\u2026\u2026\u2026\u2026\u2026\u2026\u2026\u2026\u2026.. 30 mg<br \/>\nSulfato ferroso \u2026\u2026\u2026\u2026\u2026\u2026\u2026\u2026\u2026\u2026\u2026\u2026.. 200 mg<br \/>\nSulfato de zinc \u2026\u2026\u2026\u2026\u2026\u2026\u2026\u2026\u2026\u2026\u2026\u2026.. 20 mg<br \/>\nIoduro de potasio \u2026\u2026\u2026\u2026\u2026\u2026\u2026\u2026\u2026\u2026\u2026 100 mg<br \/>\nCloruro de sodio \u2026\u2026\u2026\u2026\u2026\u2026\u2026\u2026\u2026\u2026\u2026.. 100 mg<br \/>\nAgentes de formulaci\u00f3n c.s.p. \u2026\u2026\u2026.. 100 ml<\/p>\n<h3 class=\"wp-block-heading\">Beneficios:<\/h3>\n<p><strong>CHINFOOD FUERTE\u00ae<\/strong> l\u00edquido es un suplemento alimenticio especialmente adaptado para el SPC cuya f\u00f3rmula se ha balanceado teniendo en cuenta las caracter\u00edsticas cuali-cuantitativas de la raci\u00f3n, combinando minerales, vitaminas y amino\u00e1cidos indispensables para poner al animal en la plenitud de su potencial.<\/p>\n<h3 class=\"wp-block-heading\">Indicaciones:<\/h3>\n<p>Animales en crecimiento y desarrollo, faltos de apetito, de vigor. Convalecencias.<br \/>\nGravidez. Lactancia. Preparaci\u00f3n para la prueba. Entrenamiento excesivo.<\/p>\n<h3 class=\"wp-block-heading\">Especies de destino:<\/h3>\n<p><strong>Equinos deportivos<\/strong> y de trabajo no destinados al consumo alimentario<br \/>\nhumano.<\/p>\n<p>Chinfield<\/p>\n","protected":false},"excerpt":{"rendered":"<p>Contiene 1 frasco de 1000 ml. Suplemento mineral vitam\u00ednico con amino\u00e1cidos F\u00f3rmula: Vitamina A \u2026\u2026\u2026\u2026\u2026\u2026\u2026\u2026\u2026\u2026\u2026\u2026\u2026\u2026\u2026. 25 mg Vitamina B1 \u2026\u2026\u2026\u2026\u2026\u2026\u2026\u2026\u2026\u2026\u2026\u2026\u2026\u2026. 100 mg Vitamina B2 \u2026\u2026\u2026\u2026\u2026\u2026\u2026\u2026\u2026\u2026\u2026\u2026\u2026\u2026. 30 mg Vitamina B6 \u2026\u2026\u2026\u2026\u2026\u2026\u2026\u2026\u2026\u2026\u2026\u2026\u2026\u2026. 20 mg Vitamina B12 \u2026\u2026\u2026\u2026\u2026\u2026\u2026\u2026\u2026\u2026\u2026\u2026\u2026. 1000 ug Vitamina B13 \u2026\u2026\u2026\u2026\u2026\u2026\u2026\u2026\u2026\u2026\u2026\u2026\u2026. 50 mg Vitamina B15 \u2026\u2026\u2026\u2026\u2026\u2026\u2026\u2026\u2026\u2026\u2026\u2026\u2026 3 mg Vitamina C \u2026\u2026\u2026\u2026\u2026\u2026\u2026\u2026\u2026\u2026\u2026\u2026\u2026\u2026.. 1000 mg Vitamina D2 \u2026\u2026\u2026\u2026\u2026\u2026\u2026\u2026\u2026\u2026\u2026\u2026\u2026\u2026 &#8230; <a title=\"Chinfood fuerte x 1 litro &#8211; Chinfield\" class=\"read-more\" href=\"https:\/\/vetaustral.com.ar\/?product=chinfood-fuerte-x-1-litro-chinfield\" aria-label=\"Leer m\u00e1s sobre Chinfood fuerte x 1 litro &#8211; Chinfield\">Leer m\u00e1s<\/a><\/p>\n","protected":false},"featured_media":1144,"comment_status":"open","ping_status":"closed","template":"","meta":[],"product_brand":[114],"product_cat":[33,32],"product_tag":[124,61,84,83],"class_list":{"0":"post-1143","1":"product","2":"type-product","3":"status-publish","4":"has-post-thumbnail","6":"product_brand-chinfield","7":"product_cat-equinos","8":"product_cat-farmacia","9":"product_tag-aminoacidos","10":"product_tag-equinos-deportivos","11":"product_tag-minerales","12":"product_tag-multivitaminico","13":"sales-flash-overlay","14":"woocommerce-text-align-center","15":"woocommerce-image-align-center","16":"do-quantity-buttons","18":"first","19":"instock","20":"taxable","21":"shipping-taxable","22":"purchasable","23":"product-type-simple"},"jetpack_sharing_enabled":true,"_links":{"self":[{"href":"https:\/\/vetaustral.com.ar\/index.php?rest_route=\/wp\/v2\/product\/1143","targetHints":{"allow":["GET"]}}],"collection":[{"href":"https:\/\/vetaustral.com.ar\/index.php?rest_route=\/wp\/v2\/product"}],"about":[{"href":"https:\/\/vetaustral.com.ar\/index.php?rest_route=\/wp\/v2\/types\/product"}],"replies":[{"embeddable":true,"href":"https:\/\/vetaustral.com.ar\/index.php?rest_route=%2Fwp%2Fv2%2Fcomments&post=1143"}],"wp:featuredmedia":[{"embeddable":true,"href":"https:\/\/vetaustral.com.ar\/index.php?rest_route=\/wp\/v2\/media\/1144"}],"wp:attachment":[{"href":"https:\/\/vetaustral.com.ar\/index.php?rest_route=%2Fwp%2Fv2%2Fmedia&parent=1143"}],"wp:term":[{"taxonomy":"product_brand","embeddable":true,"href":"https:\/\/vetaustral.com.ar\/index.php?rest_route=%2Fwp%2Fv2%2Fproduct_brand&post=1143"},{"taxonomy":"product_cat","embeddable":true,"href":"https:\/\/vetaustral.com.ar\/index.php?rest_route=%2Fwp%2Fv2%2Fproduct_cat&post=1143"},{"taxonomy":"product_tag","embeddable":true,"href":"https:\/\/vetaustral.com.ar\/index.php?rest_route=%2Fwp%2Fv2%2Fproduct_tag&post=1143"}],"curies":[{"name":"wp","href":"https:\/\/api.w.org\/{rel}","templated":true}]}}