{"id":1139,"date":"2025-10-22T22:07:50","date_gmt":"2025-10-22T22:07:50","guid":{"rendered":"https:\/\/vetaustral.com.ar\/?post_type=product&#038;p=1139"},"modified":"2026-01-28T19:39:01","modified_gmt":"2026-01-28T19:39:01","slug":"artidexa-chinfield-x-5-ampollas-chinfield","status":"publish","type":"product","link":"https:\/\/vetaustral.com.ar\/?product=artidexa-chinfield-x-5-ampollas-chinfield","title":{"rendered":"Artidexa chinfield x 5 ampollas &#8211; Chinfield"},"content":{"rendered":"<p>Contiene \u00a05 frascos ampolla de 2 ml.<\/p>\n<ul>\n<li>Antiinflamatorio esteroide<\/li>\n<\/ul>\n<h3 class=\"wp-block-heading\">F\u00f3rmula:<\/h3>\n<p>Dexametasona 21 fosfato \u2026\u2026\u2026\u2026\u2026\u2026\u2026\u2026\u2026\u2026\u2026 2 g<br \/>\nAgentes de formulaci\u00f3n c.s.p. \u2026\u2026\u2026\u2026\u2026\u2026.. 100 ml<\/p>\n<h3 class=\"wp-block-heading\">Beneficios:<\/h3>\n<p>La acci\u00f3n principal de la dexametasona es suprimir la respuesta inflamatoria disminuyendo r\u00e1pida y eficazmente la intensidad de la vasodilataci\u00f3n o hiperemia, exudaci\u00f3n, infiltraci\u00f3n leucocitaria, que integran algunos de los signos cardinales de la inflamaci\u00f3n por lo que se constituye en una de las drogas antiinflamatorias m\u00e1s potentes, siendo su capacidad 30 veces mayor que la hidrocortisona tomada como base lo que convierte a ARTIDEXA Chinfield en la opci\u00f3n de elecci\u00f3n de uso local en procesos articulares no infecciosos como tambi\u00e9n en otras afecciones en donde sea necesaria una inmediata acci\u00f3n de corticoides.<\/p>\n<h3 class=\"wp-block-heading\">Indicaciones:<\/h3>\n<p>Manifestaciones al\u00e9rgicas o inflamatorias localizadas o generalizadas. Neuritis, tendinitis, bursitis, artritis, mialgias. Eczemas, urticaria, shock anafil\u00e1ctico y\/o traum\u00e1tico.<\/p>\n<h3 class=\"wp-block-heading\">Especies de destino:<\/h3>\n<p><strong>Equinos deportivos<\/strong> y de trabajo no destinados al consumo alimentario<br \/>\nhumano.<\/p>\n<p>Chinfield<\/p>\n","protected":false},"excerpt":{"rendered":"<p>Contiene \u00a05 frascos ampolla de 2 ml. Antiinflamatorio esteroide F\u00f3rmula: Dexametasona 21 fosfato \u2026\u2026\u2026\u2026\u2026\u2026\u2026\u2026\u2026\u2026\u2026 2 g Agentes de formulaci\u00f3n c.s.p. \u2026\u2026\u2026\u2026\u2026\u2026.. 100 ml Beneficios: La acci\u00f3n principal de la dexametasona es suprimir la respuesta inflamatoria disminuyendo r\u00e1pida y eficazmente la intensidad de la vasodilataci\u00f3n o hiperemia, exudaci\u00f3n, infiltraci\u00f3n leucocitaria, que integran algunos de los signos &#8230; <a title=\"Artidexa chinfield x 5 ampollas &#8211; Chinfield\" class=\"read-more\" href=\"https:\/\/vetaustral.com.ar\/?product=artidexa-chinfield-x-5-ampollas-chinfield\" aria-label=\"Leer m\u00e1s sobre Artidexa chinfield x 5 ampollas &#8211; Chinfield\">Leer m\u00e1s<\/a><\/p>\n","protected":false},"featured_media":1140,"comment_status":"open","ping_status":"closed","template":"","meta":[],"product_brand":[114],"product_cat":[33,32],"product_tag":[44,48],"class_list":{"0":"post-1139","1":"product","2":"type-product","3":"status-publish","4":"has-post-thumbnail","6":"product_brand-chinfield","7":"product_cat-equinos","8":"product_cat-farmacia","9":"product_tag-antiinflamatorio","10":"product_tag-esteroide","11":"sales-flash-overlay","12":"woocommerce-text-align-center","13":"woocommerce-image-align-center","14":"do-quantity-buttons","16":"first","17":"instock","18":"taxable","19":"shipping-taxable","20":"purchasable","21":"product-type-simple"},"jetpack_sharing_enabled":true,"_links":{"self":[{"href":"https:\/\/vetaustral.com.ar\/index.php?rest_route=\/wp\/v2\/product\/1139","targetHints":{"allow":["GET"]}}],"collection":[{"href":"https:\/\/vetaustral.com.ar\/index.php?rest_route=\/wp\/v2\/product"}],"about":[{"href":"https:\/\/vetaustral.com.ar\/index.php?rest_route=\/wp\/v2\/types\/product"}],"replies":[{"embeddable":true,"href":"https:\/\/vetaustral.com.ar\/index.php?rest_route=%2Fwp%2Fv2%2Fcomments&post=1139"}],"wp:featuredmedia":[{"embeddable":true,"href":"https:\/\/vetaustral.com.ar\/index.php?rest_route=\/wp\/v2\/media\/1140"}],"wp:attachment":[{"href":"https:\/\/vetaustral.com.ar\/index.php?rest_route=%2Fwp%2Fv2%2Fmedia&parent=1139"}],"wp:term":[{"taxonomy":"product_brand","embeddable":true,"href":"https:\/\/vetaustral.com.ar\/index.php?rest_route=%2Fwp%2Fv2%2Fproduct_brand&post=1139"},{"taxonomy":"product_cat","embeddable":true,"href":"https:\/\/vetaustral.com.ar\/index.php?rest_route=%2Fwp%2Fv2%2Fproduct_cat&post=1139"},{"taxonomy":"product_tag","embeddable":true,"href":"https:\/\/vetaustral.com.ar\/index.php?rest_route=%2Fwp%2Fv2%2Fproduct_tag&post=1139"}],"curies":[{"name":"wp","href":"https:\/\/api.w.org\/{rel}","templated":true}]}}