{"id":1137,"date":"2025-10-22T22:01:14","date_gmt":"2025-10-22T22:01:14","guid":{"rendered":"https:\/\/vetaustral.com.ar\/?post_type=product&#038;p=1137"},"modified":"2026-01-28T19:37:16","modified_gmt":"2026-01-28T19:37:16","slug":"atp-dinamogeno-x-50-ml-chinfield","status":"publish","type":"product","link":"https:\/\/vetaustral.com.ar\/?product=atp-dinamogeno-x-50-ml-chinfield","title":{"rendered":"ATP Dinam\u00f3geno x 50 ml &#8211; Chinfield"},"content":{"rendered":"<p>Contiene 1 frasco ampolla polvo 2 g y 1 frasco ampolla solvente 50 ml.<\/p>\n<ul>\n<li>Energizante muscular<\/li>\n<\/ul>\n<h3 class=\"wp-block-heading\">F\u00f3rmula:<\/h3>\n<p>Frasco N\u00ba 1 (POLVO 2 g)<br \/>\nATP \u2026\u2026\u2026\u2026\u2026\u2026\u2026\u2026\u2026\u2026\u2026\u2026\u2026\u2026\u2026\u2026\u2026\u2026\u2026\u2026 800 mg<br \/>\nGlutation reducido \u2026\u2026\u2026\u2026\u2026\u2026\u2026\u2026\u2026\u2026\u2026 500 mg<br \/>\nGlucosa pura \u2026\u2026\u2026\u2026\u2026\u2026\u2026\u2026\u2026\u2026\u2026\u2026\u2026\u2026 700 mg<br \/>\nFrasco N\u00ba 2 (SOLVENTE 50 ml)<br \/>\nVitamina B15 \u2026\u2026\u2026\u2026\u2026\u2026\u2026\u2026\u2026\u2026\u2026\u2026\u2026\u2026\u2026. 20 mg<br \/>\nAgentes de formulaci\u00f3n c.s.p. \u2026\u2026\u2026\u2026\u2026 50 ml<\/p>\n<h3 class=\"wp-block-heading\">Beneficios:<\/h3>\n<p>En el equino deportivo, ATP DINAMOGENO estimula el trabajo muscular por mecanismos bioqu\u00edmicos y mantiene una reserva energ\u00e9tica adecuada por m\u00e1s tiempo durante la prueba, permitiendo que la aparici\u00f3n de la fatiga tenga un retardo con el consiguiente beneficio que ello implica.<\/p>\n<h3 class=\"wp-block-heading\">Indicaciones:<\/h3>\n<p>Preparaci\u00f3n para la prueba. Distrofias y dolores musculares y siempre que se necesite aumentar el nivel de trabajo muscular. Agotamiento f\u00edsico. Sobreentrenamiento. T\u00f3nico neuromuscular.<\/p>\n<h3 class=\"wp-block-heading\">Especies de destino:<\/h3>\n<p><strong>Equinos deportivos<\/strong> y de trabajo no destinados al consumo alimentario<br \/>\nhumano.<\/p>\n<p>Chinfield<\/p>\n","protected":false},"excerpt":{"rendered":"<p>Contiene 1 frasco ampolla polvo 2 g y 1 frasco ampolla solvente 50 ml. Energizante muscular F\u00f3rmula: Frasco N\u00ba 1 (POLVO 2 g) ATP \u2026\u2026\u2026\u2026\u2026\u2026\u2026\u2026\u2026\u2026\u2026\u2026\u2026\u2026\u2026\u2026\u2026\u2026\u2026\u2026 800 mg Glutation reducido \u2026\u2026\u2026\u2026\u2026\u2026\u2026\u2026\u2026\u2026\u2026 500 mg Glucosa pura \u2026\u2026\u2026\u2026\u2026\u2026\u2026\u2026\u2026\u2026\u2026\u2026\u2026\u2026 700 mg Frasco N\u00ba 2 (SOLVENTE 50 ml) Vitamina B15 \u2026\u2026\u2026\u2026\u2026\u2026\u2026\u2026\u2026\u2026\u2026\u2026\u2026\u2026\u2026. 20 mg Agentes de formulaci\u00f3n c.s.p. \u2026\u2026\u2026\u2026\u2026 50 ml &#8230; <a title=\"ATP Dinam\u00f3geno x 50 ml &#8211; Chinfield\" class=\"read-more\" href=\"https:\/\/vetaustral.com.ar\/?product=atp-dinamogeno-x-50-ml-chinfield\" aria-label=\"Leer m\u00e1s sobre ATP Dinam\u00f3geno x 50 ml &#8211; Chinfield\">Leer m\u00e1s<\/a><\/p>\n","protected":false},"featured_media":1138,"comment_status":"open","ping_status":"closed","template":"","meta":[],"product_brand":[114],"product_cat":[33,32],"product_tag":[129,61,130],"class_list":{"0":"post-1137","1":"product","2":"type-product","3":"status-publish","4":"has-post-thumbnail","6":"product_brand-chinfield","7":"product_cat-equinos","8":"product_cat-farmacia","9":"product_tag-dinamizante","10":"product_tag-equinos-deportivos","11":"product_tag-tonico-neuromuscular","12":"sales-flash-overlay","13":"woocommerce-text-align-center","14":"woocommerce-image-align-center","15":"do-quantity-buttons","17":"first","18":"instock","19":"taxable","20":"shipping-taxable","21":"purchasable","22":"product-type-simple"},"jetpack_sharing_enabled":true,"_links":{"self":[{"href":"https:\/\/vetaustral.com.ar\/index.php?rest_route=\/wp\/v2\/product\/1137","targetHints":{"allow":["GET"]}}],"collection":[{"href":"https:\/\/vetaustral.com.ar\/index.php?rest_route=\/wp\/v2\/product"}],"about":[{"href":"https:\/\/vetaustral.com.ar\/index.php?rest_route=\/wp\/v2\/types\/product"}],"replies":[{"embeddable":true,"href":"https:\/\/vetaustral.com.ar\/index.php?rest_route=%2Fwp%2Fv2%2Fcomments&post=1137"}],"wp:featuredmedia":[{"embeddable":true,"href":"https:\/\/vetaustral.com.ar\/index.php?rest_route=\/wp\/v2\/media\/1138"}],"wp:attachment":[{"href":"https:\/\/vetaustral.com.ar\/index.php?rest_route=%2Fwp%2Fv2%2Fmedia&parent=1137"}],"wp:term":[{"taxonomy":"product_brand","embeddable":true,"href":"https:\/\/vetaustral.com.ar\/index.php?rest_route=%2Fwp%2Fv2%2Fproduct_brand&post=1137"},{"taxonomy":"product_cat","embeddable":true,"href":"https:\/\/vetaustral.com.ar\/index.php?rest_route=%2Fwp%2Fv2%2Fproduct_cat&post=1137"},{"taxonomy":"product_tag","embeddable":true,"href":"https:\/\/vetaustral.com.ar\/index.php?rest_route=%2Fwp%2Fv2%2Fproduct_tag&post=1137"}],"curies":[{"name":"wp","href":"https:\/\/api.w.org\/{rel}","templated":true}]}}