{"id":1135,"date":"2025-10-22T21:48:36","date_gmt":"2025-10-22T21:48:36","guid":{"rendered":"https:\/\/vetaustral.com.ar\/?post_type=product&#038;p=1135"},"modified":"2026-01-28T19:33:55","modified_gmt":"2026-01-28T19:33:55","slug":"b12-50-000-mcg-x-50-ml-chinfield","status":"publish","type":"product","link":"https:\/\/vetaustral.com.ar\/?product=b12-50-000-mcg-x-50-ml-chinfield","title":{"rendered":"B12 50.000 mcg x 50 ml &#8211; Chinfield"},"content":{"rendered":"<p>Contiene 1 frasco ampolla de 50 ml.<\/p>\n<ul>\n<li>Antian\u00e9mico<\/li>\n<li>Neurot\u00f3nico<\/li>\n<\/ul>\n<h3 class=\"wp-block-heading\">F\u00f3rmula:<\/h3>\n<p>Vitamina B12\u2026\u2026\u2026\u2026\u2026\u2026\u2026\u2026\u2026\u2026\u2026\u202650.000 \u00b5g<\/p>\n<p>Agentes de formulaci\u00f3n c.s.p\u2026\u2026\u2026..\u2026.50 ml<\/p>\n<h3 class=\"wp-block-heading\">Beneficios:<\/h3>\n<p>La vitamina <strong>B12<\/strong> es un potente antian\u00e9mico que no solamente act\u00faa aumentando el n\u00famero de gl\u00f3bulos rojos hasta el valor normal, sino que tambi\u00e9n es un neurot\u00f3nico muy efectivo que contribuye a la soluci\u00f3n de problemas de neuritis, neuralgias, mialgias y otra clase de trastornos neurol\u00f3gicos. Es de efectiva actividad para la recuperaci\u00f3n de animales sometidos a esfuerzos considerables o convalecientes de enfermedades org\u00e1nicas o infecciosas.<\/p>\n<h3 class=\"wp-block-heading\">Indicaciones:<\/h3>\n<p>Anemias (disminuci\u00f3n del n\u00famero de gl\u00f3bulos rojos) de cualquier tipo. Procesos neurol\u00f3gicos (neuralgias, neuritis). Convalecencias. Debilidad. T\u00f3nico inespec\u00edfico. Para ayudar a la recuperaci\u00f3n de animales parasitados.<\/p>\n<h3 class=\"wp-block-heading\">Especies de destino:<\/h3>\n<p><strong>Equinos deportivos<\/strong> y de trabajo no destinados al consumo alimentario<br \/>\nhumano.<\/p>\n<p>Chinfield<\/p>\n","protected":false},"excerpt":{"rendered":"<p>Contiene 1 frasco ampolla de 50 ml. Antian\u00e9mico Neurot\u00f3nico F\u00f3rmula: Vitamina B12\u2026\u2026\u2026\u2026\u2026\u2026\u2026\u2026\u2026\u2026\u2026\u202650.000 \u00b5g Agentes de formulaci\u00f3n c.s.p\u2026\u2026\u2026..\u2026.50 ml Beneficios: La vitamina B12 es un potente antian\u00e9mico que no solamente act\u00faa aumentando el n\u00famero de gl\u00f3bulos rojos hasta el valor normal, sino que tambi\u00e9n es un neurot\u00f3nico muy efectivo que contribuye a la soluci\u00f3n de problemas &#8230; <a title=\"B12 50.000 mcg x 50 ml &#8211; Chinfield\" class=\"read-more\" href=\"https:\/\/vetaustral.com.ar\/?product=b12-50-000-mcg-x-50-ml-chinfield\" aria-label=\"Leer m\u00e1s sobre B12 50.000 mcg x 50 ml &#8211; Chinfield\">Leer m\u00e1s<\/a><\/p>\n","protected":false},"featured_media":1136,"comment_status":"open","ping_status":"closed","template":"","meta":[],"product_brand":[114],"product_cat":[33,32],"product_tag":[115,58,61,116],"class_list":{"0":"post-1135","1":"product","2":"type-product","3":"status-publish","4":"has-post-thumbnail","6":"product_brand-chinfield","7":"product_cat-equinos","8":"product_cat-farmacia","9":"product_tag-antianemico","10":"product_tag-equinos","11":"product_tag-equinos-deportivos","12":"product_tag-vitaminico","13":"sales-flash-overlay","14":"woocommerce-text-align-center","15":"woocommerce-image-align-center","16":"do-quantity-buttons","18":"first","19":"instock","20":"taxable","21":"shipping-taxable","22":"purchasable","23":"product-type-simple"},"jetpack_sharing_enabled":true,"_links":{"self":[{"href":"https:\/\/vetaustral.com.ar\/index.php?rest_route=\/wp\/v2\/product\/1135","targetHints":{"allow":["GET"]}}],"collection":[{"href":"https:\/\/vetaustral.com.ar\/index.php?rest_route=\/wp\/v2\/product"}],"about":[{"href":"https:\/\/vetaustral.com.ar\/index.php?rest_route=\/wp\/v2\/types\/product"}],"replies":[{"embeddable":true,"href":"https:\/\/vetaustral.com.ar\/index.php?rest_route=%2Fwp%2Fv2%2Fcomments&post=1135"}],"wp:featuredmedia":[{"embeddable":true,"href":"https:\/\/vetaustral.com.ar\/index.php?rest_route=\/wp\/v2\/media\/1136"}],"wp:attachment":[{"href":"https:\/\/vetaustral.com.ar\/index.php?rest_route=%2Fwp%2Fv2%2Fmedia&parent=1135"}],"wp:term":[{"taxonomy":"product_brand","embeddable":true,"href":"https:\/\/vetaustral.com.ar\/index.php?rest_route=%2Fwp%2Fv2%2Fproduct_brand&post=1135"},{"taxonomy":"product_cat","embeddable":true,"href":"https:\/\/vetaustral.com.ar\/index.php?rest_route=%2Fwp%2Fv2%2Fproduct_cat&post=1135"},{"taxonomy":"product_tag","embeddable":true,"href":"https:\/\/vetaustral.com.ar\/index.php?rest_route=%2Fwp%2Fv2%2Fproduct_tag&post=1135"}],"curies":[{"name":"wp","href":"https:\/\/api.w.org\/{rel}","templated":true}]}}