{"id":1133,"date":"2025-10-22T21:45:02","date_gmt":"2025-10-22T21:45:02","guid":{"rendered":"https:\/\/vetaustral.com.ar\/?post_type=product&#038;p=1133"},"modified":"2026-01-28T19:33:19","modified_gmt":"2026-01-28T19:33:19","slug":"bolicol-x-1-litro-chinfield","status":"publish","type":"product","link":"https:\/\/vetaustral.com.ar\/?product=bolicol-x-1-litro-chinfield","title":{"rendered":"Bolicol x 1 litro &#8211; Chinfield"},"content":{"rendered":"<p>Contiene 1 frasco de 1000 ml.<\/p>\n<ul>\n<li>Desinfectante\u00a0 intestinal<\/li>\n<li>Antidiarreico<\/li>\n<\/ul>\n<h3 class=\"wp-block-heading\">F\u00f3rmula:<\/h3>\n<p>Ftalilsulfatiazol \u2026\u2026\u2026\u2026\u2026\u2026\u2026\u2026\u2026\u2026\u2026\u2026\u2026\u2026\u2026. 2,6 g<br \/>\nDihidroestreptomicina sulfato \u2026\u2026\u2026\u2026\u2026\u2026. 0,51 g<br \/>\nMetilbromuro de Homatropina \u2026\u2026\u2026\u2026\u2026\u2026 0,5 mg<br \/>\nDimetilpolisiloxano \u2026\u2026\u2026\u2026\u2026\u2026\u2026\u2026\u2026\u2026\u2026\u2026\u2026 1,0 g<br \/>\nCarbon ultraactivado \u2026\u2026\u2026\u2026\u2026\u2026\u2026\u2026\u2026\u2026\u2026\u2026 0,5 g<br \/>\nAgentes de formulaci\u00f3n c.s.p. \u2026\u2026\u2026\u2026\u2026\u2026.. 100 ml<\/p>\n<h3 class=\"wp-block-heading\">Beneficios:<\/h3>\n<p>Los procesos patol\u00f3gicos del intestino que se presentan con mayor frecuencia en el caballo, pero que tambi\u00e9n se presentan en otras especies, se deben por lo com\u00fan a una alteraci\u00f3n en el contenido bacteriano del tracto ent\u00e9rico, con consiguiente ruptura del equilibrio que existe normalmente entre la flora fermentativa y putrefactiva normal. A esta causa debe agregarse la contaminaci\u00f3n, generalmente alimentaria, as\u00ed como tambi\u00e9n la excitaci\u00f3n nerviosa o a la ingesti\u00f3n de toxinas vegetales. El tratamiento de esta patolog\u00eda debe enfocarse desde distintos puntos, dadas las dificultades que presentan la identificaci\u00f3n de la etiolog\u00eda del proceso: restablecimiento del equilibrio bacteriano normal, eliminaci\u00f3n de la flora pat\u00f3gena, adsorci\u00f3n de gases y toxinas y normalizaci\u00f3n definitiva del tr\u00e1nsito intestinal. BOLICOL es una completa asociaci\u00f3n de f\u00e1rmacos de acci\u00f3n espasmol\u00edtica bactericida, adsorbente de gases y toxinas y frenadora de la kinesia col\u00f3nica, para el tratamiento r\u00e1pido y efectivo de las alteraciones patol\u00f3gicas del tracto intestinal, especialmente de las que cursan con s\u00edndrome diarreico. BOLICOL es inocuo y libre de reacciones secundarias. La terminaci\u00f3n del tratamiento no va seguida de constipaci\u00f3n.<\/p>\n<h3 class=\"wp-block-heading\">Indicaciones:<\/h3>\n<p>Diarreas de origen bacteriano o t\u00f3xico. Enteritis. Gastroenteritis. Meteorismo. Infecciones alimentarias.<\/p>\n<h3 class=\"wp-block-heading\">Especies de destino:<\/h3>\n<p><strong>Equinos deportivos<\/strong> y de trabajo no destinados al consumo alimentario humano, <strong>potrillos<\/strong>, <strong>terneros<\/strong>, <strong>porcinos<\/strong>, <strong>ovinos<\/strong>, <strong>caninos<\/strong>, <strong>felinos<\/strong>.<\/p>\n<p>Chinfield<\/p>\n","protected":false},"excerpt":{"rendered":"<p>Contiene 1 frasco de 1000 ml. Desinfectante\u00a0 intestinal Antidiarreico F\u00f3rmula: Ftalilsulfatiazol \u2026\u2026\u2026\u2026\u2026\u2026\u2026\u2026\u2026\u2026\u2026\u2026\u2026\u2026\u2026. 2,6 g Dihidroestreptomicina sulfato \u2026\u2026\u2026\u2026\u2026\u2026. 0,51 g Metilbromuro de Homatropina \u2026\u2026\u2026\u2026\u2026\u2026 0,5 mg Dimetilpolisiloxano \u2026\u2026\u2026\u2026\u2026\u2026\u2026\u2026\u2026\u2026\u2026\u2026\u2026 1,0 g Carbon ultraactivado \u2026\u2026\u2026\u2026\u2026\u2026\u2026\u2026\u2026\u2026\u2026\u2026 0,5 g Agentes de formulaci\u00f3n c.s.p. \u2026\u2026\u2026\u2026\u2026\u2026.. 100 ml Beneficios: Los procesos patol\u00f3gicos del intestino que se presentan con mayor frecuencia en el &#8230; <a title=\"Bolicol x 1 litro &#8211; Chinfield\" class=\"read-more\" href=\"https:\/\/vetaustral.com.ar\/?product=bolicol-x-1-litro-chinfield\" aria-label=\"Leer m\u00e1s sobre Bolicol x 1 litro &#8211; Chinfield\">Leer m\u00e1s<\/a><\/p>\n","protected":false},"featured_media":1134,"comment_status":"open","ping_status":"closed","template":"","meta":[],"product_brand":[114],"product_cat":[36,33,32,52],"product_tag":[46,125,58],"class_list":{"0":"post-1133","1":"product","2":"type-product","3":"status-publish","4":"has-post-thumbnail","6":"product_brand-chinfield","7":"product_cat-animales-de-compania","8":"product_cat-equinos","9":"product_cat-farmacia","10":"product_cat-grandes-animales","11":"product_tag-antidiarreico","12":"product_tag-bovinos","13":"product_tag-equinos","14":"sales-flash-overlay","15":"woocommerce-text-align-center","16":"woocommerce-image-align-center","17":"do-quantity-buttons","19":"first","20":"instock","21":"taxable","22":"shipping-taxable","23":"purchasable","24":"product-type-simple"},"jetpack_sharing_enabled":true,"_links":{"self":[{"href":"https:\/\/vetaustral.com.ar\/index.php?rest_route=\/wp\/v2\/product\/1133","targetHints":{"allow":["GET"]}}],"collection":[{"href":"https:\/\/vetaustral.com.ar\/index.php?rest_route=\/wp\/v2\/product"}],"about":[{"href":"https:\/\/vetaustral.com.ar\/index.php?rest_route=\/wp\/v2\/types\/product"}],"replies":[{"embeddable":true,"href":"https:\/\/vetaustral.com.ar\/index.php?rest_route=%2Fwp%2Fv2%2Fcomments&post=1133"}],"wp:featuredmedia":[{"embeddable":true,"href":"https:\/\/vetaustral.com.ar\/index.php?rest_route=\/wp\/v2\/media\/1134"}],"wp:attachment":[{"href":"https:\/\/vetaustral.com.ar\/index.php?rest_route=%2Fwp%2Fv2%2Fmedia&parent=1133"}],"wp:term":[{"taxonomy":"product_brand","embeddable":true,"href":"https:\/\/vetaustral.com.ar\/index.php?rest_route=%2Fwp%2Fv2%2Fproduct_brand&post=1133"},{"taxonomy":"product_cat","embeddable":true,"href":"https:\/\/vetaustral.com.ar\/index.php?rest_route=%2Fwp%2Fv2%2Fproduct_cat&post=1133"},{"taxonomy":"product_tag","embeddable":true,"href":"https:\/\/vetaustral.com.ar\/index.php?rest_route=%2Fwp%2Fv2%2Fproduct_tag&post=1133"}],"curies":[{"name":"wp","href":"https:\/\/api.w.org\/{rel}","templated":true}]}}