{"id":1126,"date":"2025-10-21T21:40:24","date_gmt":"2025-10-21T21:40:24","guid":{"rendered":"https:\/\/vetaustral.com.ar\/?post_type=product&#038;p=1126"},"modified":"2026-01-28T19:30:43","modified_gmt":"2026-01-28T19:30:43","slug":"tonicor-re-x-50-ml-chinfield","status":"publish","type":"product","link":"https:\/\/vetaustral.com.ar\/?product=tonicor-re-x-50-ml-chinfield","title":{"rendered":"Tonicor re x 50 ml &#8211; Chinfield"},"content":{"rendered":"<p>Contiene 1 frasco ampolla de 50 ml.<\/p>\n<ul>\n<li>Estimulante respiratorio<\/li>\n<\/ul>\n<h3 class=\"wp-block-heading\">F\u00f3rmula:<\/h3>\n<p>Sal dis\u00f3dica del anh\u00eddrido succinico \u2026\u2026\u2026\u2026\u2026\u2026\u2026\u2026\u2026\u2026\u2026\u2026\u2026\u2026.. 20 g<br \/>\nAgentes de formulaci\u00f3n c.s.p. \u2026\u2026\u2026\u2026\u2026\u2026\u2026\u2026\u2026\u2026\u2026\u2026\u2026\u2026\u2026\u2026.. 100 ml<\/p>\n<h3 class=\"wp-block-heading\">Beneficios:<\/h3>\n<p>Todos los procesos metab\u00f3licos productores de energ\u00eda est\u00e1n \u00edntimamente ligados al consumo de ox\u00edgeno y es conocido que este elemento debe ser proporcionado por la respiraci\u00f3n celular. De aqu\u00ed la necesidad de aumentar el ingreso de ox\u00edgeno cuando aumenta el nivel de los procesos metab\u00f3licos y esto se logra elevando la eficiencia respiratoria. La administraci\u00f3n parenteral de una dosis de <strong>TONICORRE\u00ae<\/strong> es seguida de una neta estimulaci\u00f3n respiratoria que se produce en forma progresiva, dura varias horas y se manifiesta en todos los casos por un aumento de la amplitud de los movimientos respiratorios y de su frecuencia como lo demuestra un mayor grado de saturaci\u00f3n de la hemoglobina.<\/p>\n<h3 class=\"wp-block-heading\">Indicaciones:<\/h3>\n<p>Depresi\u00f3n respiratoria de cualquier origen. Para aumentar el volumen respiratorio. Como coadyuvante para evitar hemorragias de esfuerzo.<\/p>\n<h3 class=\"wp-block-heading\">Especies de destino:<\/h3>\n<p><strong>Equinos deportivos<\/strong> y de trabajo no destinados al consumo alimentario humano.<\/p>\n<p>Chinfield<\/p>\n","protected":false},"excerpt":{"rendered":"<p>Contiene 1 frasco ampolla de 50 ml. Estimulante respiratorio F\u00f3rmula: Sal dis\u00f3dica del anh\u00eddrido succinico \u2026\u2026\u2026\u2026\u2026\u2026\u2026\u2026\u2026\u2026\u2026\u2026\u2026\u2026.. 20 g Agentes de formulaci\u00f3n c.s.p. \u2026\u2026\u2026\u2026\u2026\u2026\u2026\u2026\u2026\u2026\u2026\u2026\u2026\u2026\u2026\u2026.. 100 ml Beneficios: Todos los procesos metab\u00f3licos productores de energ\u00eda est\u00e1n \u00edntimamente ligados al consumo de ox\u00edgeno y es conocido que este elemento debe ser proporcionado por la respiraci\u00f3n celular. De aqu\u00ed &#8230; <a title=\"Tonicor re x 50 ml &#8211; Chinfield\" class=\"read-more\" href=\"https:\/\/vetaustral.com.ar\/?product=tonicor-re-x-50-ml-chinfield\" aria-label=\"Leer m\u00e1s sobre Tonicor re x 50 ml &#8211; Chinfield\">Leer m\u00e1s<\/a><\/p>\n","protected":false},"featured_media":1127,"comment_status":"open","ping_status":"closed","template":"","meta":[],"product_brand":[114],"product_cat":[33,32],"product_tag":[61,127],"class_list":{"0":"post-1126","1":"product","2":"type-product","3":"status-publish","4":"has-post-thumbnail","6":"product_brand-chinfield","7":"product_cat-equinos","8":"product_cat-farmacia","9":"product_tag-equinos-deportivos","10":"product_tag-estimulante-respiratorio","11":"sales-flash-overlay","12":"woocommerce-text-align-center","13":"woocommerce-image-align-center","14":"do-quantity-buttons","16":"first","17":"instock","18":"taxable","19":"shipping-taxable","20":"purchasable","21":"product-type-simple"},"jetpack_sharing_enabled":true,"_links":{"self":[{"href":"https:\/\/vetaustral.com.ar\/index.php?rest_route=\/wp\/v2\/product\/1126","targetHints":{"allow":["GET"]}}],"collection":[{"href":"https:\/\/vetaustral.com.ar\/index.php?rest_route=\/wp\/v2\/product"}],"about":[{"href":"https:\/\/vetaustral.com.ar\/index.php?rest_route=\/wp\/v2\/types\/product"}],"replies":[{"embeddable":true,"href":"https:\/\/vetaustral.com.ar\/index.php?rest_route=%2Fwp%2Fv2%2Fcomments&post=1126"}],"wp:featuredmedia":[{"embeddable":true,"href":"https:\/\/vetaustral.com.ar\/index.php?rest_route=\/wp\/v2\/media\/1127"}],"wp:attachment":[{"href":"https:\/\/vetaustral.com.ar\/index.php?rest_route=%2Fwp%2Fv2%2Fmedia&parent=1126"}],"wp:term":[{"taxonomy":"product_brand","embeddable":true,"href":"https:\/\/vetaustral.com.ar\/index.php?rest_route=%2Fwp%2Fv2%2Fproduct_brand&post=1126"},{"taxonomy":"product_cat","embeddable":true,"href":"https:\/\/vetaustral.com.ar\/index.php?rest_route=%2Fwp%2Fv2%2Fproduct_cat&post=1126"},{"taxonomy":"product_tag","embeddable":true,"href":"https:\/\/vetaustral.com.ar\/index.php?rest_route=%2Fwp%2Fv2%2Fproduct_tag&post=1126"}],"curies":[{"name":"wp","href":"https:\/\/api.w.org\/{rel}","templated":true}]}}