{"id":1124,"date":"2025-10-21T21:36:13","date_gmt":"2025-10-21T21:36:13","guid":{"rendered":"https:\/\/vetaustral.com.ar\/?post_type=product&#038;p=1124"},"modified":"2026-01-28T19:28:04","modified_gmt":"2026-01-28T19:28:04","slug":"triamcinolona-chinfield-x-30-ml-chinfield","status":"publish","type":"product","link":"https:\/\/vetaustral.com.ar\/?product=triamcinolona-chinfield-x-30-ml-chinfield","title":{"rendered":"Triamcinolona chinfield x 30 ml &#8211; Chinfield"},"content":{"rendered":"<p>Contiene 1 frasco ampolla de 30 ml.<\/p>\n<ul>\n<li>Antiiflamatorio esteroide<\/li>\n<\/ul>\n<h3 class=\"wp-block-heading\">F\u00f3rmula:<\/h3>\n<p>Triamcinolona acetonida \u2026\u2026\u2026\u2026\u2026\u2026\u2026\u2026\u2026. 0,600 g<br \/>\nAgentes de formulaci\u00f3n c.s.p. \u2026\u2026\u2026\u2026\u2026\u2026 100 ml<\/p>\n<h3 class=\"wp-block-heading\">Beneficios:<\/h3>\n<p>Se trata de una suspensi\u00f3n de Acetonida de Triamcinolona de liberaci\u00f3n lenta y acci\u00f3n prolongada cuya respuesta es generalmente a las 24 horas.<\/p>\n<h3 class=\"wp-block-heading\">Indicaciones:<\/h3>\n<p>En prurito, eczema, procesos al\u00e9rgicos, celulitis, artritis, sinovitis, tenosinovitis, bursitis, s\u00edndrome reumatoide, blefaritis, cetosis bovina, hepatitis, procesos inflamatorios as\u00e9pticos, inflamaci\u00f3n traum\u00e1tica, linfosarcoma.<\/p>\n<h3 class=\"wp-block-heading\">Especies de destino:<\/h3>\n<p><strong>Equinos deportivos<\/strong> y de trabajo no destinados al consumo alimentario humano, <strong>bovinos<\/strong>, <strong>caninos<\/strong>, <strong>felinos<\/strong>.<\/p>\n<p>Chinfield<\/p>\n","protected":false},"excerpt":{"rendered":"<p>Contiene 1 frasco ampolla de 30 ml. Antiiflamatorio esteroide F\u00f3rmula: Triamcinolona acetonida \u2026\u2026\u2026\u2026\u2026\u2026\u2026\u2026\u2026. 0,600 g Agentes de formulaci\u00f3n c.s.p. \u2026\u2026\u2026\u2026\u2026\u2026 100 ml Beneficios: Se trata de una suspensi\u00f3n de Acetonida de Triamcinolona de liberaci\u00f3n lenta y acci\u00f3n prolongada cuya respuesta es generalmente a las 24 horas. Indicaciones: En prurito, eczema, procesos al\u00e9rgicos, celulitis, artritis, sinovitis, &#8230; <a title=\"Triamcinolona chinfield x 30 ml &#8211; Chinfield\" class=\"read-more\" href=\"https:\/\/vetaustral.com.ar\/?product=triamcinolona-chinfield-x-30-ml-chinfield\" aria-label=\"Leer m\u00e1s sobre Triamcinolona chinfield x 30 ml &#8211; Chinfield\">Leer m\u00e1s<\/a><\/p>\n","protected":false},"featured_media":1125,"comment_status":"open","ping_status":"closed","template":"","meta":[],"product_brand":[114],"product_cat":[36,33,32,52],"product_tag":[44,48],"class_list":{"0":"post-1124","1":"product","2":"type-product","3":"status-publish","4":"has-post-thumbnail","6":"product_brand-chinfield","7":"product_cat-animales-de-compania","8":"product_cat-equinos","9":"product_cat-farmacia","10":"product_cat-grandes-animales","11":"product_tag-antiinflamatorio","12":"product_tag-esteroide","13":"sales-flash-overlay","14":"woocommerce-text-align-center","15":"woocommerce-image-align-center","16":"do-quantity-buttons","18":"first","19":"instock","20":"taxable","21":"shipping-taxable","22":"purchasable","23":"product-type-simple"},"jetpack_sharing_enabled":true,"_links":{"self":[{"href":"https:\/\/vetaustral.com.ar\/index.php?rest_route=\/wp\/v2\/product\/1124","targetHints":{"allow":["GET"]}}],"collection":[{"href":"https:\/\/vetaustral.com.ar\/index.php?rest_route=\/wp\/v2\/product"}],"about":[{"href":"https:\/\/vetaustral.com.ar\/index.php?rest_route=\/wp\/v2\/types\/product"}],"replies":[{"embeddable":true,"href":"https:\/\/vetaustral.com.ar\/index.php?rest_route=%2Fwp%2Fv2%2Fcomments&post=1124"}],"wp:featuredmedia":[{"embeddable":true,"href":"https:\/\/vetaustral.com.ar\/index.php?rest_route=\/wp\/v2\/media\/1125"}],"wp:attachment":[{"href":"https:\/\/vetaustral.com.ar\/index.php?rest_route=%2Fwp%2Fv2%2Fmedia&parent=1124"}],"wp:term":[{"taxonomy":"product_brand","embeddable":true,"href":"https:\/\/vetaustral.com.ar\/index.php?rest_route=%2Fwp%2Fv2%2Fproduct_brand&post=1124"},{"taxonomy":"product_cat","embeddable":true,"href":"https:\/\/vetaustral.com.ar\/index.php?rest_route=%2Fwp%2Fv2%2Fproduct_cat&post=1124"},{"taxonomy":"product_tag","embeddable":true,"href":"https:\/\/vetaustral.com.ar\/index.php?rest_route=%2Fwp%2Fv2%2Fproduct_tag&post=1124"}],"curies":[{"name":"wp","href":"https:\/\/api.w.org\/{rel}","templated":true}]}}