{"id":1114,"date":"2025-10-21T20:18:03","date_gmt":"2025-10-21T20:18:03","guid":{"rendered":"https:\/\/vetaustral.com.ar\/?post_type=product&#038;p=1114"},"modified":"2026-01-28T19:17:59","modified_gmt":"2026-01-28T19:17:59","slug":"aminosuc-x-1-litro-chinfield","status":"publish","type":"product","link":"https:\/\/vetaustral.com.ar\/?product=aminosuc-x-1-litro-chinfield","title":{"rendered":"Aminosuc x 1 litro &#8211; Chinfield"},"content":{"rendered":"<p>Contiene 1 frasco de 1000 ml.<\/p>\n<ul>\n<li>Amino\u00e1cidos.<\/li>\n<li>Vitaminas.<\/li>\n<li>Minerales.<\/li>\n<\/ul>\n<h3 class=\"wp-block-heading\">F\u00f3rmula:<\/h3>\n<p>Vitamina A \u2026\u2026\u2026\u2026\u2026\u2026\u2026\u2026\u2026\u2026\u2026\u2026\u2026.. 15.000 UI<br \/>\nVitamina B1\u2026\u2026\u2026\u2026\u2026\u2026\u2026\u2026\u2026\u2026\u2026\u2026\u2026\u2026.. 75 mg<br \/>\nVitamina B2 Fosfato \u2026\u2026\u2026\u2026\u2026\u2026\u2026\u2026\u2026. 15 mg<br \/>\nVitamina B6 \u2026\u2026\u2026\u2026\u2026\u2026\u2026\u2026\u2026\u2026\u2026\u2026\u2026\u2026. 12 mg<br \/>\nVitamina B12 \u2026\u2026\u2026\u2026\u2026\u2026\u2026\u2026\u2026\u2026\u2026\u2026\u2026.. 500 ug<br \/>\nVitamina B13 \u2026\u2026\u2026\u2026\u2026\u2026\u2026\u2026\u2026\u2026\u2026\u2026\u2026.. 7,5 mg<br \/>\nVitamina B15 \u2026\u2026\u2026\u2026\u2026\u2026\u2026\u2026\u2026\u2026\u2026\u2026\u2026.. 1 mg<br \/>\nVitamina C \u2026\u2026\u2026\u2026\u2026\u2026\u2026\u2026\u2026\u2026\u2026\u2026\u2026\u2026. 500 mg<br \/>\nVitamina D2 \u2026\u2026\u2026\u2026\u2026\u2026\u2026\u2026\u2026\u2026\u2026\u2026.. 20.000 UI<br \/>\nVitamina E \u2026\u2026\u2026\u2026\u2026\u2026\u2026\u2026\u2026\u2026\u2026\u2026\u2026\u2026\u2026 15 mg<br \/>\nVitamina H \u2026\u2026\u2026\u2026\u2026\u2026\u2026\u2026\u2026\u2026\u2026\u2026\u2026\u2026.. 0,1 mg<br \/>\nNicotinamida \u2026\u2026\u2026\u2026\u2026\u2026\u2026\u2026\u2026\u2026\u2026\u2026\u2026. 50 mg<br \/>\nPantotenato de Calcio \u2026\u2026\u2026\u2026\u2026\u2026\u2026\u2026 15 mg<br \/>\nAcido F\u00f3lico \u2026\u2026\u2026\u2026\u2026\u2026\u2026\u2026\u2026\u2026\u2026\u2026\u2026\u2026 0,5 mg<br \/>\nCase\u00edna (amino\u00e1cidos) \u2026\u2026\u2026\u2026\u2026\u2026.. 2000 mg<br \/>\nMetionina \u2026\u2026\u2026\u2026\u2026\u2026\u2026\u2026\u2026\u2026\u2026\u2026\u2026\u2026.. 50 mg<br \/>\nLisina \u2026\u2026\u2026\u2026\u2026\u2026\u2026\u2026\u2026\u2026\u2026\u2026\u2026\u2026\u2026\u2026\u2026 50 mg<br \/>\nFosfato Tric\u00e1lcico \u2026\u2026\u2026\u2026\u2026\u2026\u2026\u2026\u2026.. 2000 mg<br \/>\nHidr\u00f3xido de Magnesio \u2026\u2026\u2026\u2026\u2026\u2026.. 1000 mg<br \/>\nSulfato Ferroso \u2026\u2026\u2026\u2026\u2026\u2026\u2026\u2026\u2026\u2026\u2026. 200 mg<br \/>\nCloruro de Cobalto \u2026\u2026\u2026\u2026\u2026\u2026\u2026\u2026\u2026. 15 mg<br \/>\nSulfato de Cobre \u2026\u2026\u2026\u2026\u2026\u2026\u2026\u2026\u2026\u2026.. 7,5 mg<br \/>\nSulfato de Manganeso \u2026\u2026\u2026\u2026\u2026\u2026\u2026. 10 mg<br \/>\nSulfato de Zinc \u2026\u2026\u2026\u2026\u2026\u2026\u2026\u2026\u2026\u2026\u2026\u2026\u2026 5 mg<br \/>\nIoduro de Potasio \u2026\u2026\u2026\u2026\u2026\u2026\u2026\u2026\u2026\u2026\u2026. 75 mg<br \/>\nCloruro de Sodio \u2026\u2026\u2026\u2026\u2026\u2026\u2026\u2026\u2026\u2026\u2026.. 500 mg<br \/>\nLecitina \u2026\u2026\u2026\u2026\u2026\u2026\u2026\u2026\u2026\u2026\u2026\u2026\u2026\u2026\u2026\u2026\u2026. 500 mg<br \/>\nAgentes de formulaci\u00f3n c.s.p. \u2026\u2026\u2026\u2026 100 ml<\/p>\n<h3 class=\"wp-block-heading\">Beneficios:<\/h3>\n<p><strong>AMINOSUC<\/strong> es una asociaci\u00f3n de todas las vitaminas, minerales esenciales integrada con amino\u00e1cidos, que constituye un suplemento alimenticio especialmente adaptado para complementar la raci\u00f3n del caballo de deporte en general. Su administraci\u00f3n durante diez d\u00edas seguidos garantiza un perfecto equilibrio alimenticio, que suple todas las exigencias diet\u00e9ticas del animal y le permite aprovechar al m\u00e1ximo el valor cal\u00f3rico y de reposici\u00f3n de la raci\u00f3n.<\/p>\n<h3 class=\"wp-block-heading\">Indicaciones:<\/h3>\n<p>Hipovitaminosis, P\u00e9rdida de peso. Animales en crecimiento. Raquitismo. Convalecencia. Entrenamiento. Animales f\u00edsicamente disminuidos por edad, enfermedad.<br \/>\nPre\u00f1ez. Lactancia. Para colocar al animal en \u00f3ptimas condiciones de rendimiento.<\/p>\n<h3 class=\"wp-block-heading\">Especies de destino:<\/h3>\n<p><strong>Equinos deportivos<\/strong> y de trabajo no destinados a consumo alimentario<br \/>\nhumano.<\/p>\n<p>Chinfield<\/p>\n","protected":false},"excerpt":{"rendered":"<p>Contiene 1 frasco de 1000 ml. Amino\u00e1cidos. Vitaminas. Minerales. F\u00f3rmula: Vitamina A \u2026\u2026\u2026\u2026\u2026\u2026\u2026\u2026\u2026\u2026\u2026\u2026\u2026.. 15.000 UI Vitamina B1\u2026\u2026\u2026\u2026\u2026\u2026\u2026\u2026\u2026\u2026\u2026\u2026\u2026\u2026.. 75 mg Vitamina B2 Fosfato \u2026\u2026\u2026\u2026\u2026\u2026\u2026\u2026\u2026. 15 mg Vitamina B6 \u2026\u2026\u2026\u2026\u2026\u2026\u2026\u2026\u2026\u2026\u2026\u2026\u2026\u2026. 12 mg Vitamina B12 \u2026\u2026\u2026\u2026\u2026\u2026\u2026\u2026\u2026\u2026\u2026\u2026\u2026.. 500 ug Vitamina B13 \u2026\u2026\u2026\u2026\u2026\u2026\u2026\u2026\u2026\u2026\u2026\u2026\u2026.. 7,5 mg Vitamina B15 \u2026\u2026\u2026\u2026\u2026\u2026\u2026\u2026\u2026\u2026\u2026\u2026\u2026.. 1 mg Vitamina C \u2026\u2026\u2026\u2026\u2026\u2026\u2026\u2026\u2026\u2026\u2026\u2026\u2026\u2026. 500 mg Vitamina D2 \u2026\u2026\u2026\u2026\u2026\u2026\u2026\u2026\u2026\u2026\u2026\u2026.. 20.000 UI &#8230; <a title=\"Aminosuc x 1 litro &#8211; Chinfield\" class=\"read-more\" href=\"https:\/\/vetaustral.com.ar\/?product=aminosuc-x-1-litro-chinfield\" aria-label=\"Leer m\u00e1s sobre Aminosuc x 1 litro &#8211; Chinfield\">Leer m\u00e1s<\/a><\/p>\n","protected":false},"featured_media":1115,"comment_status":"open","ping_status":"closed","template":"","meta":[],"product_brand":[114],"product_cat":[33,32],"product_tag":[124,58,61,84,116],"class_list":{"0":"post-1114","1":"product","2":"type-product","3":"status-publish","4":"has-post-thumbnail","6":"product_brand-chinfield","7":"product_cat-equinos","8":"product_cat-farmacia","9":"product_tag-aminoacidos","10":"product_tag-equinos","11":"product_tag-equinos-deportivos","12":"product_tag-minerales","13":"product_tag-vitaminico","14":"sales-flash-overlay","15":"woocommerce-text-align-center","16":"woocommerce-image-align-center","17":"do-quantity-buttons","19":"first","20":"instock","21":"taxable","22":"shipping-taxable","23":"purchasable","24":"product-type-simple"},"jetpack_sharing_enabled":true,"_links":{"self":[{"href":"https:\/\/vetaustral.com.ar\/index.php?rest_route=\/wp\/v2\/product\/1114","targetHints":{"allow":["GET"]}}],"collection":[{"href":"https:\/\/vetaustral.com.ar\/index.php?rest_route=\/wp\/v2\/product"}],"about":[{"href":"https:\/\/vetaustral.com.ar\/index.php?rest_route=\/wp\/v2\/types\/product"}],"replies":[{"embeddable":true,"href":"https:\/\/vetaustral.com.ar\/index.php?rest_route=%2Fwp%2Fv2%2Fcomments&post=1114"}],"wp:featuredmedia":[{"embeddable":true,"href":"https:\/\/vetaustral.com.ar\/index.php?rest_route=\/wp\/v2\/media\/1115"}],"wp:attachment":[{"href":"https:\/\/vetaustral.com.ar\/index.php?rest_route=%2Fwp%2Fv2%2Fmedia&parent=1114"}],"wp:term":[{"taxonomy":"product_brand","embeddable":true,"href":"https:\/\/vetaustral.com.ar\/index.php?rest_route=%2Fwp%2Fv2%2Fproduct_brand&post=1114"},{"taxonomy":"product_cat","embeddable":true,"href":"https:\/\/vetaustral.com.ar\/index.php?rest_route=%2Fwp%2Fv2%2Fproduct_cat&post=1114"},{"taxonomy":"product_tag","embeddable":true,"href":"https:\/\/vetaustral.com.ar\/index.php?rest_route=%2Fwp%2Fv2%2Fproduct_tag&post=1114"}],"curies":[{"name":"wp","href":"https:\/\/api.w.org\/{rel}","templated":true}]}}