{"id":1112,"date":"2025-10-21T20:02:05","date_gmt":"2025-10-21T20:02:05","guid":{"rendered":"https:\/\/vetaustral.com.ar\/?post_type=product&#038;p=1112"},"modified":"2026-01-28T19:21:35","modified_gmt":"2026-01-28T19:21:35","slug":"aminoacidos-vit-x-250-ml-chinfield","status":"publish","type":"product","link":"https:\/\/vetaustral.com.ar\/?product=aminoacidos-vit-x-250-ml-chinfield","title":{"rendered":"Aminoacidos vit x 250 ml &#8211; Chinfield"},"content":{"rendered":"<p>Contiene 1 frasco ampolla de 250 ml.<\/p>\n<ul>\n<li>Asociaci\u00f3n de amino\u00e1cidos<\/li>\n<li>Vitaminas<\/li>\n<li>Minerales<\/li>\n<\/ul>\n<h3 class=\"wp-block-heading\">F\u00f3rmula:<\/h3>\n<p>Cloruro de cobalto \u2026\u2026\u2026\u2026\u2026\u2026\u2026\u2026. 10 mg<br \/>\nCloruro de magnesio \u2026\u2026\u2026\u2026\u2026\u2026.. 50 mg<br \/>\nCloruro potasio \u2026\u2026\u2026\u2026\u2026\u2026\u2026\u2026\u2026\u2026 100 mg<br \/>\nCloruro Sodio \u2026\u2026\u2026\u2026\u2026\u2026\u2026\u2026\u2026\u2026\u2026 900 mg<br \/>\nGlicocola \u2026\u2026\u2026\u2026\u2026\u2026\u2026\u2026\u2026\u2026\u2026\u2026\u2026 1000 mg<br \/>\nCiste\u00edna \u2026\u2026\u2026\u2026\u2026\u2026\u2026\u2026\u2026\u2026\u2026\u2026\u2026\u2026.. 100 mg<br \/>\nFenilalanina \u2026\u2026\u2026\u2026\u2026\u2026\u2026\u2026\u2026\u2026\u2026\u2026 100 mg<br \/>\nHistidina clorhidrato \u2026\u2026\u2026\u2026\u2026\u2026.. 50 mg<br \/>\nCitrato de sodio \u2026\u2026\u2026\u2026\u2026\u2026\u2026\u2026\u2026.. 100 mg<br \/>\nLeucina \u2026\u2026\u2026\u2026\u2026\u2026\u2026\u2026\u2026\u2026\u2026\u2026\u2026\u2026. 75 mg<br \/>\nLisina \u2026\u2026\u2026\u2026\u2026\u2026\u2026\u2026\u2026\u2026\u2026\u2026\u2026\u2026\u2026. 500 mg<br \/>\nTreonina \u2026\u2026\u2026\u2026\u2026\u2026\u2026\u2026\u2026\u2026\u2026\u2026\u2026.. 50 mg<br \/>\nTript\u00f3fano \u2026\u2026\u2026\u2026\u2026\u2026\u2026\u2026\u2026\u2026\u2026\u2026.. 50 mg<br \/>\nValina \u2026\u2026\u2026\u2026\u2026\u2026\u2026\u2026\u2026\u2026\u2026\u2026\u2026\u2026\u2026. 100 mg<br \/>\nArginina \u2026\u2026\u2026\u2026\u2026\u2026\u2026\u2026\u2026\u2026\u2026\u2026\u2026.. 300 mg<br \/>\nMetionina \u2026\u2026\u2026\u2026\u2026\u2026\u2026\u2026\u2026\u2026\u2026\u2026\u2026 400 mg<br \/>\nNicotinamida \u2026\u2026\u2026\u2026\u2026\u2026\u2026\u2026\u2026\u2026.. 200 mg<br \/>\nPantotenato de Calcio \u2026\u2026\u2026\u2026\u2026\u2026\u2026\u2026\u2026.. 1000 mg<br \/>\nSorbitol \u2026\u2026\u2026\u2026\u2026\u2026\u2026\u2026\u2026\u2026\u2026\u2026\u2026\u2026\u2026\u2026\u2026\u2026 5000 mg<br \/>\nVitamina B1 \u2026\u2026\u2026\u2026\u2026\u2026\u2026\u2026\u2026\u2026\u2026\u2026\u2026\u2026\u2026. 50 mg<br \/>\nVitamina B2 \u2026\u2026\u2026\u2026\u2026\u2026\u2026\u2026\u2026\u2026\u2026\u2026\u2026\u2026\u2026. 10 mg<br \/>\nVitamina B6 \u2026\u2026\u2026\u2026\u2026\u2026\u2026\u2026\u2026\u2026\u2026\u2026\u2026\u2026\u2026. 25 mg<br \/>\nVitamina B12 \u2026\u2026\u2026\u2026\u2026\u2026\u2026\u2026\u2026\u2026\u2026\u2026\u2026\u2026.. 1000 ug<br \/>\nVitamina C \u2026\u2026\u2026\u2026\u2026\u2026\u2026\u2026\u2026\u2026\u2026\u2026\u2026\u2026\u2026\u2026. 300 mg<br \/>\nAgentes de formulaci\u00f3n c.s.p. \u2026\u2026\u2026\u2026.. 100 ml<\/p>\n<h3 class=\"wp-block-heading\">Beneficios:<\/h3>\n<p>El mantenimiento de un balance proteico positivo es de fundamental importancia para la salud animal. Para la reposici\u00f3n de las prote\u00ednas tisulares catabolizadas, la formaci\u00f3n de determinadas hormonas y enzimas indispensables, la integraci\u00f3n de los mecanismos de desintoxicaci\u00f3n, de inmunidad, el equilibrio \u00e1cido-base, es condici\u00f3n imprescindible un aporte proteico m\u00ednimo para no exponer al animal a procesos patol\u00f3gicos serios. <strong>AMINOACIDOS VIT<\/strong> aporta los amino\u00e1cidos esenciales para mantener o restaurar el nivel proteico adecuado, las vitaminas indispensables para el aprovechamiento de los mismos y los electrolitos necesarios para asegurar la isoton\u00eda.<\/p>\n<h3 class=\"wp-block-heading\">Indicaciones:<\/h3>\n<p>Deshidrataci\u00f3n de cualquier origen (diarreas, poliuria, hepatopat\u00edas, sudoraci\u00f3n intensa). Intoxicaciones. Estados de agotamiento f\u00edsico. Estado de estr\u00e9s. Hemorragias. P\u00e9rdida de electrolitos. Hipoproteinemias. Convalecencias. Inapetencia. Sobreentrenamiento.<\/p>\n<h3 class=\"wp-block-heading\">Especies de destino:<\/h3>\n<p><strong>EQUINOS<\/strong> \u2013 <strong>BOVINOS<\/strong> \u2013 <strong>PORCINOS<\/strong> \u2013 <strong>OVINOS<\/strong> y<strong> CAPRINOS<\/strong> \u2013 <strong>CANINOS<\/strong> y<strong> FELINOS<\/strong>.<\/p>\n<p>Chinfield<\/p>\n","protected":false},"excerpt":{"rendered":"<p>Contiene 1 frasco ampolla de 250 ml. Asociaci\u00f3n de amino\u00e1cidos Vitaminas Minerales F\u00f3rmula: Cloruro de cobalto \u2026\u2026\u2026\u2026\u2026\u2026\u2026\u2026. 10 mg Cloruro de magnesio \u2026\u2026\u2026\u2026\u2026\u2026.. 50 mg Cloruro potasio \u2026\u2026\u2026\u2026\u2026\u2026\u2026\u2026\u2026\u2026 100 mg Cloruro Sodio \u2026\u2026\u2026\u2026\u2026\u2026\u2026\u2026\u2026\u2026\u2026 900 mg Glicocola \u2026\u2026\u2026\u2026\u2026\u2026\u2026\u2026\u2026\u2026\u2026\u2026\u2026 1000 mg Ciste\u00edna \u2026\u2026\u2026\u2026\u2026\u2026\u2026\u2026\u2026\u2026\u2026\u2026\u2026\u2026.. 100 mg Fenilalanina \u2026\u2026\u2026\u2026\u2026\u2026\u2026\u2026\u2026\u2026\u2026\u2026 100 mg Histidina clorhidrato \u2026\u2026\u2026\u2026\u2026\u2026.. 50 mg Citrato de sodio &#8230; <a title=\"Aminoacidos vit x 250 ml &#8211; Chinfield\" class=\"read-more\" href=\"https:\/\/vetaustral.com.ar\/?product=aminoacidos-vit-x-250-ml-chinfield\" aria-label=\"Leer m\u00e1s sobre Aminoacidos vit x 250 ml &#8211; Chinfield\">Leer m\u00e1s<\/a><\/p>\n","protected":false},"featured_media":1113,"comment_status":"open","ping_status":"closed","template":"","meta":[],"product_brand":[114],"product_cat":[36,33,32,52],"product_tag":[124,58,61,84,116],"class_list":{"0":"post-1112","1":"product","2":"type-product","3":"status-publish","4":"has-post-thumbnail","6":"product_brand-chinfield","7":"product_cat-animales-de-compania","8":"product_cat-equinos","9":"product_cat-farmacia","10":"product_cat-grandes-animales","11":"product_tag-aminoacidos","12":"product_tag-equinos","13":"product_tag-equinos-deportivos","14":"product_tag-minerales","15":"product_tag-vitaminico","16":"sales-flash-overlay","17":"woocommerce-text-align-center","18":"woocommerce-image-align-center","19":"do-quantity-buttons","21":"first","22":"instock","23":"taxable","24":"shipping-taxable","25":"purchasable","26":"product-type-simple"},"jetpack_sharing_enabled":true,"_links":{"self":[{"href":"https:\/\/vetaustral.com.ar\/index.php?rest_route=\/wp\/v2\/product\/1112","targetHints":{"allow":["GET"]}}],"collection":[{"href":"https:\/\/vetaustral.com.ar\/index.php?rest_route=\/wp\/v2\/product"}],"about":[{"href":"https:\/\/vetaustral.com.ar\/index.php?rest_route=\/wp\/v2\/types\/product"}],"replies":[{"embeddable":true,"href":"https:\/\/vetaustral.com.ar\/index.php?rest_route=%2Fwp%2Fv2%2Fcomments&post=1112"}],"wp:featuredmedia":[{"embeddable":true,"href":"https:\/\/vetaustral.com.ar\/index.php?rest_route=\/wp\/v2\/media\/1113"}],"wp:attachment":[{"href":"https:\/\/vetaustral.com.ar\/index.php?rest_route=%2Fwp%2Fv2%2Fmedia&parent=1112"}],"wp:term":[{"taxonomy":"product_brand","embeddable":true,"href":"https:\/\/vetaustral.com.ar\/index.php?rest_route=%2Fwp%2Fv2%2Fproduct_brand&post=1112"},{"taxonomy":"product_cat","embeddable":true,"href":"https:\/\/vetaustral.com.ar\/index.php?rest_route=%2Fwp%2Fv2%2Fproduct_cat&post=1112"},{"taxonomy":"product_tag","embeddable":true,"href":"https:\/\/vetaustral.com.ar\/index.php?rest_route=%2Fwp%2Fv2%2Fproduct_tag&post=1112"}],"curies":[{"name":"wp","href":"https:\/\/api.w.org\/{rel}","templated":true}]}}