{"id":1105,"date":"2025-10-21T19:34:45","date_gmt":"2025-10-21T19:34:45","guid":{"rendered":"https:\/\/vetaustral.com.ar\/?post_type=product&#038;p=1105"},"modified":"2026-01-28T19:15:39","modified_gmt":"2026-01-28T19:15:39","slug":"fustex-x-5-ml-chinfield","status":"publish","type":"product","link":"https:\/\/vetaustral.com.ar\/?product=fustex-x-5-ml-chinfield","title":{"rendered":"Fustex x 5 ml &#8211; Chinfield"},"content":{"rendered":"<p>Contiene 1 frasco ampolla de 5 ml.<\/p>\n<ul>\n<li>Energ\u00e9tico estimulante muscular<\/li>\n<\/ul>\n<h3 class=\"wp-block-heading\">F\u00f3rmula:<\/h3>\n<p>Dextropropoxifeno \u2026\u2026\u2026\u2026\u2026\u2026\u2026\u2026\u2026\u2026\u2026\u2026\u2026\u2026 5 g<br \/>\nAgentes de formulaci\u00f3n c.s.p. \u2026\u2026\u2026\u2026\u2026 100 ml<\/p>\n<h3 class=\"wp-block-heading\">Beneficios:<\/h3>\n<p>La hipoton\u00eda de los m\u00fasculos esquel\u00e9ticos, muy especialmente en los miembros locomotores, se presenta con cierta frecuencia y obedece a distintas causas: golpes, luxaciones, procesos inflamatorios, infecciones, que pueden llevar hasta la par\u00e1lisis completa. FUSTEX\u00ae act\u00faa poniendo en marcha los mecanismos espec\u00edficos que producen la contracci\u00f3n muscular. Aproximadamente a las dos horas de administraci\u00f3n parenteral, FUSTEX\u00ae produce una mejor contracci\u00f3n muscular, poni\u00e9ndose de manifiesto en el aumento de la capacidad de trabajo del o los m\u00fasculos afectados. Frente al m\u00fasculo que trabaja en condiciones fisiol\u00f3gicas normales, FUSTEX\u00ae logra un est\u00edmulo positivo de esta capacidad de trabajo. Por ello es de excelente resultado emplearlo en los casos en que el animal debe responder a exigencias f\u00edsicas que superan los esfuerzos normales. FUSTEX\u00ae no produce reacciones secundarias ni interfiere con otros tratamientos, por lo que puede emplearse cada vez que se requiere efectuar un trabajo exigente sin necesidad de restringir su administraci\u00f3n cuando medie poco tiempo de un trabajo a otro.<\/p>\n<h3 class=\"wp-block-heading\">Indicaciones:<\/h3>\n<p>Paresias. Parestesias. Hipoton\u00eda y aton\u00eda de m\u00fasculos esquel\u00e9ticos. Para estimular el trabajo muscular.<\/p>\n<h3 class=\"wp-block-heading\">Especies de destino:<\/h3>\n<p><strong>Equinos deportivos<\/strong> y de trabajo no destinados al consumo alimentario humano.<\/p>\n<p>Chinfield<\/p>\n","protected":false},"excerpt":{"rendered":"<p>Contiene 1 frasco ampolla de 5 ml. Energ\u00e9tico estimulante muscular F\u00f3rmula: Dextropropoxifeno \u2026\u2026\u2026\u2026\u2026\u2026\u2026\u2026\u2026\u2026\u2026\u2026\u2026\u2026 5 g Agentes de formulaci\u00f3n c.s.p. \u2026\u2026\u2026\u2026\u2026 100 ml Beneficios: La hipoton\u00eda de los m\u00fasculos esquel\u00e9ticos, muy especialmente en los miembros locomotores, se presenta con cierta frecuencia y obedece a distintas causas: golpes, luxaciones, procesos inflamatorios, infecciones, que pueden llevar hasta la &#8230; <a title=\"Fustex x 5 ml &#8211; Chinfield\" class=\"read-more\" href=\"https:\/\/vetaustral.com.ar\/?product=fustex-x-5-ml-chinfield\" aria-label=\"Leer m\u00e1s sobre Fustex x 5 ml &#8211; Chinfield\">Leer m\u00e1s<\/a><\/p>\n","protected":false},"featured_media":1106,"comment_status":"open","ping_status":"closed","template":"","meta":[],"product_brand":[114],"product_cat":[33,32],"product_tag":[61,119],"class_list":{"0":"post-1105","1":"product","2":"type-product","3":"status-publish","4":"has-post-thumbnail","6":"product_brand-chinfield","7":"product_cat-equinos","8":"product_cat-farmacia","9":"product_tag-equinos-deportivos","10":"product_tag-estimulante-muscular","11":"sales-flash-overlay","12":"woocommerce-text-align-center","13":"woocommerce-image-align-center","14":"do-quantity-buttons","16":"first","17":"outofstock","18":"taxable","19":"shipping-taxable","20":"purchasable","21":"product-type-simple"},"jetpack_sharing_enabled":true,"_links":{"self":[{"href":"https:\/\/vetaustral.com.ar\/index.php?rest_route=\/wp\/v2\/product\/1105","targetHints":{"allow":["GET"]}}],"collection":[{"href":"https:\/\/vetaustral.com.ar\/index.php?rest_route=\/wp\/v2\/product"}],"about":[{"href":"https:\/\/vetaustral.com.ar\/index.php?rest_route=\/wp\/v2\/types\/product"}],"replies":[{"embeddable":true,"href":"https:\/\/vetaustral.com.ar\/index.php?rest_route=%2Fwp%2Fv2%2Fcomments&post=1105"}],"wp:featuredmedia":[{"embeddable":true,"href":"https:\/\/vetaustral.com.ar\/index.php?rest_route=\/wp\/v2\/media\/1106"}],"wp:attachment":[{"href":"https:\/\/vetaustral.com.ar\/index.php?rest_route=%2Fwp%2Fv2%2Fmedia&parent=1105"}],"wp:term":[{"taxonomy":"product_brand","embeddable":true,"href":"https:\/\/vetaustral.com.ar\/index.php?rest_route=%2Fwp%2Fv2%2Fproduct_brand&post=1105"},{"taxonomy":"product_cat","embeddable":true,"href":"https:\/\/vetaustral.com.ar\/index.php?rest_route=%2Fwp%2Fv2%2Fproduct_cat&post=1105"},{"taxonomy":"product_tag","embeddable":true,"href":"https:\/\/vetaustral.com.ar\/index.php?rest_route=%2Fwp%2Fv2%2Fproduct_tag&post=1105"}],"curies":[{"name":"wp","href":"https:\/\/api.w.org\/{rel}","templated":true}]}}