{"id":1102,"date":"2025-10-21T19:26:50","date_gmt":"2025-10-21T19:26:50","guid":{"rendered":"https:\/\/vetaustral.com.ar\/?post_type=product&#038;p=1102"},"modified":"2026-01-28T19:13:57","modified_gmt":"2026-01-28T19:13:57","slug":"furofield-x-25-ml-chinfield","status":"publish","type":"product","link":"https:\/\/vetaustral.com.ar\/?product=furofield-x-25-ml-chinfield","title":{"rendered":"Furofield x 25 ml &#8211; Chinfield"},"content":{"rendered":"<p>Contiene 1 frasco ampolla de 25 ml.<\/p>\n<ul>\n<li>Diur\u00e9tico<\/li>\n<li>Antiinflamatorio<\/li>\n<\/ul>\n<h3 class=\"wp-block-heading\">F\u00f3rmula:<\/h3>\n<p>Furosemida \u2026\u2026\u2026\u2026\u2026\u2026\u2026\u2026\u2026\u2026\u2026\u2026\u2026\u2026\u2026\u2026\u2026 5 g<br \/>\nDexametasona 21 fosfato \u2026\u2026\u2026\u2026\u2026\u2026\u2026\u2026. 0,2 g<br \/>\nAgentes de formulaci\u00f3n c.s.p. \u2026\u2026\u2026\u2026\u2026 100 ml<\/p>\n<h3 class=\"wp-block-heading\">Beneficios:<\/h3>\n<p>La furosemida inhibe la reabsorci\u00f3n de sodio en los t\u00fabulos contorneados proximales y en la parte gruesa ascendente del Asa de Henle. El hecho de bloquear el crucial mecanismo de transporte de sodio en esta porci\u00f3n del nefr\u00f3n consigue inhibir la reabsorci\u00f3n de aproximadamente el 25% del sodio filtrado en el glom\u00e9rulo. Los segmentos localizados m\u00e1s all\u00e1 de este punto del Asa son incapaces de reabsorber la sobrecarga del i\u00f3n sodio provocada, lo que es responsable de una potente natri\u00faresis y consecuente diuresis.<br \/>\nPromueve la excreci\u00f3n del Cloro y Potasio. Su efecto diur\u00e9tico es independiente del estado de equilibrio \u00e1cido b\u00e1sico del paciente. La dexametasona posee una actividad antiinflamatoria y antiestr\u00e9s. La experiencia cl\u00ednica demuestra que los edemas se ven notablemente disminuidos por esta droga. La combinaci\u00f3n diur\u00e9tica de furosemida con la acci\u00f3n antiinflamatoria del corticoide presenta una actividad efectiva en la reducci\u00f3n del edema fisiol\u00f3gico del parto en la gl\u00e1ndula mamaria y la reducci\u00f3n de condiciones edematosas acompa\u00f1adas de inflamaci\u00f3n o no.<\/p>\n<h3 class=\"wp-block-heading\">Indicaciones:<\/h3>\n<p>Es un producto destinado al tratamiento de la reducci\u00f3n del edema en forma general: congesti\u00f3n y edema pulmonar, edema cerebral, edema renal, edema de gestaci\u00f3n, edema peric\u00e1rdico, edema prepucial, anasarca, ascitis, hidrotorax, edema de ubre pre y postparto del bovino.<\/p>\n<h3 class=\"wp-block-heading\">Especies de destino:<\/h3>\n<p>E<strong>quinos deportivos<\/strong> y de trabajo no destinados a consumo alimentario humano, <strong>bovinos<\/strong>,\u00a0<strong> caninos<\/strong> y<strong> felinos<\/strong>.<\/p>\n<p>Chinfield<\/p>\n","protected":false},"excerpt":{"rendered":"<p>Contiene 1 frasco ampolla de 25 ml. Diur\u00e9tico Antiinflamatorio F\u00f3rmula: Furosemida \u2026\u2026\u2026\u2026\u2026\u2026\u2026\u2026\u2026\u2026\u2026\u2026\u2026\u2026\u2026\u2026\u2026 5 g Dexametasona 21 fosfato \u2026\u2026\u2026\u2026\u2026\u2026\u2026\u2026. 0,2 g Agentes de formulaci\u00f3n c.s.p. \u2026\u2026\u2026\u2026\u2026 100 ml Beneficios: La furosemida inhibe la reabsorci\u00f3n de sodio en los t\u00fabulos contorneados proximales y en la parte gruesa ascendente del Asa de Henle. El hecho de bloquear el &#8230; <a title=\"Furofield x 25 ml &#8211; Chinfield\" class=\"read-more\" href=\"https:\/\/vetaustral.com.ar\/?product=furofield-x-25-ml-chinfield\" aria-label=\"Leer m\u00e1s sobre Furofield x 25 ml &#8211; Chinfield\">Leer m\u00e1s<\/a><\/p>\n","protected":false},"featured_media":1103,"comment_status":"open","ping_status":"closed","template":"","meta":[],"product_brand":[114],"product_cat":[36,33,32,52],"product_tag":[44,111,48],"class_list":{"0":"post-1102","1":"product","2":"type-product","3":"status-publish","4":"has-post-thumbnail","6":"product_brand-chinfield","7":"product_cat-animales-de-compania","8":"product_cat-equinos","9":"product_cat-farmacia","10":"product_cat-grandes-animales","11":"product_tag-antiinflamatorio","12":"product_tag-diuretico","13":"product_tag-esteroide","14":"sales-flash-overlay","15":"woocommerce-text-align-center","16":"woocommerce-image-align-center","17":"do-quantity-buttons","19":"first","20":"outofstock","21":"taxable","22":"shipping-taxable","23":"purchasable","24":"product-type-simple"},"jetpack_sharing_enabled":true,"_links":{"self":[{"href":"https:\/\/vetaustral.com.ar\/index.php?rest_route=\/wp\/v2\/product\/1102","targetHints":{"allow":["GET"]}}],"collection":[{"href":"https:\/\/vetaustral.com.ar\/index.php?rest_route=\/wp\/v2\/product"}],"about":[{"href":"https:\/\/vetaustral.com.ar\/index.php?rest_route=\/wp\/v2\/types\/product"}],"replies":[{"embeddable":true,"href":"https:\/\/vetaustral.com.ar\/index.php?rest_route=%2Fwp%2Fv2%2Fcomments&post=1102"}],"wp:featuredmedia":[{"embeddable":true,"href":"https:\/\/vetaustral.com.ar\/index.php?rest_route=\/wp\/v2\/media\/1103"}],"wp:attachment":[{"href":"https:\/\/vetaustral.com.ar\/index.php?rest_route=%2Fwp%2Fv2%2Fmedia&parent=1102"}],"wp:term":[{"taxonomy":"product_brand","embeddable":true,"href":"https:\/\/vetaustral.com.ar\/index.php?rest_route=%2Fwp%2Fv2%2Fproduct_brand&post=1102"},{"taxonomy":"product_cat","embeddable":true,"href":"https:\/\/vetaustral.com.ar\/index.php?rest_route=%2Fwp%2Fv2%2Fproduct_cat&post=1102"},{"taxonomy":"product_tag","embeddable":true,"href":"https:\/\/vetaustral.com.ar\/index.php?rest_route=%2Fwp%2Fv2%2Fproduct_tag&post=1102"}],"curies":[{"name":"wp","href":"https:\/\/api.w.org\/{rel}","templated":true}]}}