{"id":1100,"date":"2025-10-21T19:22:03","date_gmt":"2025-10-21T19:22:03","guid":{"rendered":"https:\/\/vetaustral.com.ar\/?post_type=product&#038;p=1100"},"modified":"2026-01-28T19:13:04","modified_gmt":"2026-01-28T19:13:04","slug":"glucosa-vitaminada-d-x-250-ml-chinfield","status":"publish","type":"product","link":"https:\/\/vetaustral.com.ar\/?product=glucosa-vitaminada-d-x-250-ml-chinfield","title":{"rendered":"Glucosa vitaminada D x 250 ml &#8211; Chinfield"},"content":{"rendered":"<p>Contiene 1 frasco ampolla de 250 ml.<\/p>\n<ul>\n<li>Desintoxicante<\/li>\n<li>Hepatoprotector<\/li>\n<li>Antian\u00e9mico y Antineur\u00edtico<\/li>\n<\/ul>\n<h3 class=\"wp-block-heading\">F\u00f3rmula:<\/h3>\n<p>Vitamina B1 \u2026\u2026\u2026\u2026\u2026\u2026\u2026\u2026\u2026\u2026\u2026\u2026\u2026\u2026\u2026\u2026\u2026. 50 mg<br \/>\nVitamina B2 \u2026\u2026\u2026\u2026\u2026\u2026\u2026\u2026\u2026\u2026\u2026\u2026\u2026\u2026\u2026\u2026\u2026. 50 mg<br \/>\nVitamina B6 \u2026\u2026\u2026\u2026\u2026\u2026\u2026\u2026\u2026\u2026\u2026\u2026\u2026\u2026\u2026\u2026.. 22,5 mg<br \/>\nVitamina B12 \u2026\u2026\u2026\u2026\u2026\u2026\u2026\u2026\u2026\u2026\u2026\u2026\u2026\u2026\u2026\u2026 200 \u03bcg<br \/>\nNicotinamida \u2026\u2026\u2026\u2026\u2026\u2026\u2026\u2026\u2026\u2026\u2026\u2026\u2026\u2026\u2026\u2026 500 mg<br \/>\nFosfato de Sodio \u2026\u2026\u2026\u2026\u2026\u2026\u2026\u2026\u2026\u2026\u2026\u2026\u2026\u2026 100 mg<br \/>\nGlucosa Inyectable \u2026\u2026\u2026\u2026\u2026\u2026\u2026\u2026\u2026\u2026\u2026\u2026\u2026\u2026 25 g<br \/>\nAgentes de formulaci\u00f3n c.s.p. \u2026\u2026\u2026\u2026\u2026\u2026 100 ml<\/p>\n<h3 class=\"wp-block-heading\">Beneficios:<\/h3>\n<p>El h\u00edgado cumple en el organismo una important\u00edsima acci\u00f3n desintoxicante frente a las toxinas que se producen en el metabolismo mediante mecanismos hoy bastante bien conocidos. <strong>GLUCOSA VITAMINADA D<\/strong>, por aporte de glucosa, vitaminas del grupo B y el fosfato de sodio, coloca al h\u00edgado en las mejores condiciones fisiol\u00f3gicas para cumplir con su funci\u00f3n desintoxicante, optimizando sus otras m\u00faltiples funciones (digestivas, metab\u00f3licas.). Con su administraci\u00f3n se alcanzan resultados altamente positivos, sobre todo cuando la injuria hep\u00e1tica es significativa.<\/p>\n<h3 class=\"wp-block-heading\">Indicaciones:<\/h3>\n<p>Hepatoprotector. Stress. Deshidrataci\u00f3n. Post-operatorios. Intoxicaciones. Energ\u00e9tico y Reconstituyente. Para obtener r\u00e1pida recuperaci\u00f3n.<\/p>\n<h3 class=\"wp-block-heading\">Especies de destino:<\/h3>\n<p><strong>Equinos deportivos<\/strong> y de trabajo no destinados al consumo alimentario humano.<\/p>\n<p>Chinfield<\/p>\n<p>&nbsp;<\/p>\n","protected":false},"excerpt":{"rendered":"<p>Contiene 1 frasco ampolla de 250 ml. Desintoxicante Hepatoprotector Antian\u00e9mico y Antineur\u00edtico F\u00f3rmula: Vitamina B1 \u2026\u2026\u2026\u2026\u2026\u2026\u2026\u2026\u2026\u2026\u2026\u2026\u2026\u2026\u2026\u2026\u2026. 50 mg Vitamina B2 \u2026\u2026\u2026\u2026\u2026\u2026\u2026\u2026\u2026\u2026\u2026\u2026\u2026\u2026\u2026\u2026\u2026. 50 mg Vitamina B6 \u2026\u2026\u2026\u2026\u2026\u2026\u2026\u2026\u2026\u2026\u2026\u2026\u2026\u2026\u2026\u2026.. 22,5 mg Vitamina B12 \u2026\u2026\u2026\u2026\u2026\u2026\u2026\u2026\u2026\u2026\u2026\u2026\u2026\u2026\u2026\u2026 200 \u03bcg Nicotinamida \u2026\u2026\u2026\u2026\u2026\u2026\u2026\u2026\u2026\u2026\u2026\u2026\u2026\u2026\u2026\u2026 500 mg Fosfato de Sodio \u2026\u2026\u2026\u2026\u2026\u2026\u2026\u2026\u2026\u2026\u2026\u2026\u2026\u2026 100 mg Glucosa Inyectable \u2026\u2026\u2026\u2026\u2026\u2026\u2026\u2026\u2026\u2026\u2026\u2026\u2026\u2026 25 g Agentes de formulaci\u00f3n c.s.p. \u2026\u2026\u2026\u2026\u2026\u2026 100 ml &#8230; <a title=\"Glucosa vitaminada D x 250 ml &#8211; Chinfield\" class=\"read-more\" href=\"https:\/\/vetaustral.com.ar\/?product=glucosa-vitaminada-d-x-250-ml-chinfield\" aria-label=\"Leer m\u00e1s sobre Glucosa vitaminada D x 250 ml &#8211; Chinfield\">Leer m\u00e1s<\/a><\/p>\n","protected":false},"featured_media":1101,"comment_status":"open","ping_status":"closed","template":"","meta":[],"product_brand":[114],"product_cat":[33,32],"product_tag":[59,118,58,113,84,116],"class_list":{"0":"post-1100","1":"product","2":"type-product","3":"status-publish","4":"has-post-thumbnail","6":"product_brand-chinfield","7":"product_cat-equinos","8":"product_cat-farmacia","9":"product_tag-desintoxicante","10":"product_tag-equino","11":"product_tag-equinos","12":"product_tag-hepatoprotector","13":"product_tag-minerales","14":"product_tag-vitaminico","15":"sales-flash-overlay","16":"woocommerce-text-align-center","17":"woocommerce-image-align-center","18":"do-quantity-buttons","20":"first","21":"instock","22":"taxable","23":"shipping-taxable","24":"purchasable","25":"product-type-simple"},"jetpack_sharing_enabled":true,"_links":{"self":[{"href":"https:\/\/vetaustral.com.ar\/index.php?rest_route=\/wp\/v2\/product\/1100","targetHints":{"allow":["GET"]}}],"collection":[{"href":"https:\/\/vetaustral.com.ar\/index.php?rest_route=\/wp\/v2\/product"}],"about":[{"href":"https:\/\/vetaustral.com.ar\/index.php?rest_route=\/wp\/v2\/types\/product"}],"replies":[{"embeddable":true,"href":"https:\/\/vetaustral.com.ar\/index.php?rest_route=%2Fwp%2Fv2%2Fcomments&post=1100"}],"wp:featuredmedia":[{"embeddable":true,"href":"https:\/\/vetaustral.com.ar\/index.php?rest_route=\/wp\/v2\/media\/1101"}],"wp:attachment":[{"href":"https:\/\/vetaustral.com.ar\/index.php?rest_route=%2Fwp%2Fv2%2Fmedia&parent=1100"}],"wp:term":[{"taxonomy":"product_brand","embeddable":true,"href":"https:\/\/vetaustral.com.ar\/index.php?rest_route=%2Fwp%2Fv2%2Fproduct_brand&post=1100"},{"taxonomy":"product_cat","embeddable":true,"href":"https:\/\/vetaustral.com.ar\/index.php?rest_route=%2Fwp%2Fv2%2Fproduct_cat&post=1100"},{"taxonomy":"product_tag","embeddable":true,"href":"https:\/\/vetaustral.com.ar\/index.php?rest_route=%2Fwp%2Fv2%2Fproduct_tag&post=1100"}],"curies":[{"name":"wp","href":"https:\/\/api.w.org\/{rel}","templated":true}]}}