{"id":1098,"date":"2025-10-21T19:12:04","date_gmt":"2025-10-21T19:12:04","guid":{"rendered":"https:\/\/vetaustral.com.ar\/?post_type=product&#038;p=1098"},"modified":"2026-01-28T19:12:09","modified_gmt":"2026-01-28T19:12:09","slug":"gasint-x-100-ml-chinfield","status":"publish","type":"product","link":"https:\/\/vetaustral.com.ar\/?product=gasint-x-100-ml-chinfield","title":{"rendered":"Gasint x 100 ml &#8211; Chinfield"},"content":{"rendered":"<p>Contiene 1 frasco ampolla de 100 ml.<\/p>\n<ul>\n<li>Eliminador de gases intestinales.<\/li>\n<li>Terapia del empaste.<\/li>\n<li>Timpanismo<\/li>\n<\/ul>\n<h3 class=\"wp-block-heading\">F\u00f3rmula:<\/h3>\n<p>Sorbitol \u2026\u2026\u2026\u2026\u2026\u2026\u2026\u2026\u2026\u2026\u2026\u2026\u2026\u2026\u2026\u2026\u2026\u2026\u2026\u2026 50 g<br \/>\nAgentes de formulaci\u00f3n c.s.p. \u2026\u2026\u2026\u2026\u2026\u2026.. 100 ml<\/p>\n<h3 class=\"wp-block-heading\">Beneficios:<\/h3>\n<p>GASINT\u00ae disminuye la tensi\u00f3n superficial del contenido gastroent\u00e9rico. De esta manera los gases formados se re\u00fanen en burbujas grandes y son f\u00e1cilmente eliminados.<br \/>\nGASINT\u00ae puede ser empleado en el preoperatorio y post-operatorio en forma preventiva para eliminar la formaci\u00f3n de gases o cuando aparecen los primeros s\u00edntomas de distensi\u00f3n abdominal.<\/p>\n<h3 class=\"wp-block-heading\">Indicaciones:<\/h3>\n<p>Producci\u00f3n y retenci\u00f3n de gases en todo el tracto gastroent\u00e9rico, meteorismo, timpanismo, pre y post-operatorio abdominal.<\/p>\n<h3 class=\"wp-block-heading\">Especies de destino:<\/h3>\n<p><strong>Equinos deportivos<\/strong> y de trabajo no destinados al consumo alimentario humano.<\/p>\n<p>Chinfield<\/p>\n","protected":false},"excerpt":{"rendered":"<p>Contiene 1 frasco ampolla de 100 ml. Eliminador de gases intestinales. Terapia del empaste. Timpanismo F\u00f3rmula: Sorbitol \u2026\u2026\u2026\u2026\u2026\u2026\u2026\u2026\u2026\u2026\u2026\u2026\u2026\u2026\u2026\u2026\u2026\u2026\u2026\u2026 50 g Agentes de formulaci\u00f3n c.s.p. \u2026\u2026\u2026\u2026\u2026\u2026.. 100 ml Beneficios: GASINT\u00ae disminuye la tensi\u00f3n superficial del contenido gastroent\u00e9rico. De esta manera los gases formados se re\u00fanen en burbujas grandes y son f\u00e1cilmente eliminados. GASINT\u00ae puede ser empleado &#8230; <a title=\"Gasint x 100 ml &#8211; Chinfield\" class=\"read-more\" href=\"https:\/\/vetaustral.com.ar\/?product=gasint-x-100-ml-chinfield\" aria-label=\"Leer m\u00e1s sobre Gasint x 100 ml &#8211; Chinfield\">Leer m\u00e1s<\/a><\/p>\n","protected":false},"featured_media":1099,"comment_status":"open","ping_status":"closed","template":"","meta":[],"product_brand":[114],"product_cat":[33,32],"product_tag":[117,58,61],"class_list":{"0":"post-1098","1":"product","2":"type-product","3":"status-publish","4":"has-post-thumbnail","6":"product_brand-chinfield","7":"product_cat-equinos","8":"product_cat-farmacia","9":"product_tag-antimeteorismo","10":"product_tag-equinos","11":"product_tag-equinos-deportivos","12":"sales-flash-overlay","13":"woocommerce-text-align-center","14":"woocommerce-image-align-center","15":"do-quantity-buttons","17":"first","18":"instock","19":"taxable","20":"shipping-taxable","21":"purchasable","22":"product-type-simple"},"jetpack_sharing_enabled":true,"_links":{"self":[{"href":"https:\/\/vetaustral.com.ar\/index.php?rest_route=\/wp\/v2\/product\/1098","targetHints":{"allow":["GET"]}}],"collection":[{"href":"https:\/\/vetaustral.com.ar\/index.php?rest_route=\/wp\/v2\/product"}],"about":[{"href":"https:\/\/vetaustral.com.ar\/index.php?rest_route=\/wp\/v2\/types\/product"}],"replies":[{"embeddable":true,"href":"https:\/\/vetaustral.com.ar\/index.php?rest_route=%2Fwp%2Fv2%2Fcomments&post=1098"}],"wp:featuredmedia":[{"embeddable":true,"href":"https:\/\/vetaustral.com.ar\/index.php?rest_route=\/wp\/v2\/media\/1099"}],"wp:attachment":[{"href":"https:\/\/vetaustral.com.ar\/index.php?rest_route=%2Fwp%2Fv2%2Fmedia&parent=1098"}],"wp:term":[{"taxonomy":"product_brand","embeddable":true,"href":"https:\/\/vetaustral.com.ar\/index.php?rest_route=%2Fwp%2Fv2%2Fproduct_brand&post=1098"},{"taxonomy":"product_cat","embeddable":true,"href":"https:\/\/vetaustral.com.ar\/index.php?rest_route=%2Fwp%2Fv2%2Fproduct_cat&post=1098"},{"taxonomy":"product_tag","embeddable":true,"href":"https:\/\/vetaustral.com.ar\/index.php?rest_route=%2Fwp%2Fv2%2Fproduct_tag&post=1098"}],"curies":[{"name":"wp","href":"https:\/\/api.w.org\/{rel}","templated":true}]}}