{"id":1096,"date":"2025-10-20T21:48:59","date_gmt":"2025-10-20T21:48:59","guid":{"rendered":"https:\/\/vetaustral.com.ar\/?post_type=product&#038;p=1096"},"modified":"2026-01-28T19:11:22","modified_gmt":"2026-01-28T19:11:22","slug":"hemofield-x-50-ml-chinfield","status":"publish","type":"product","link":"https:\/\/vetaustral.com.ar\/?product=hemofield-x-50-ml-chinfield","title":{"rendered":"Hemofield x 50 ml &#8211; Chinfield"},"content":{"rendered":"<p>Contiene 1 frasco ampolla de 50 ml.<\/p>\n<ul>\n<li>Antian\u00e9mico.<\/li>\n<li>Antineur\u00edtico.<\/li>\n<li>Vitaminoterapias.<\/li>\n<li>Animales expuestos a enfermedades infecciosas o parasitarias anemizantes.<\/li>\n<\/ul>\n<h3 class=\"wp-block-heading\">F\u00f3rmula:<\/h3>\n<p>\u00c1cido f\u00f3lico \u2026\u2026\u2026\u2026\u2026\u2026\u2026\u2026\u2026\u2026\u2026\u2026\u2026\u2026\u2026\u2026\u2026\u2026.. 0,1 g<br \/>\nVitamina B1 \u2026\u2026\u2026\u2026\u2026\u2026\u2026\u2026\u2026\u2026\u2026\u2026\u2026\u2026\u2026\u2026\u2026\u2026. 10 g<br \/>\nVitamina B12 \u2026\u2026\u2026\u2026\u2026\u2026\u2026\u2026\u2026\u2026\u2026\u2026\u2026\u2026\u2026\u2026\u2026. 0,2 g<br \/>\nAgentes de formulaci\u00f3n c.s.p. \u2026\u2026\u2026\u2026\u2026\u2026.. 100 ml<\/p>\n<h3 class=\"wp-block-heading\">Beneficios:<\/h3>\n<p>Antian\u00e9mico y Antineur\u00edtico, son una eficaz vitaminoterapia para lograr r\u00e1pida recuperaci\u00f3n en anemias no ferrop\u00e9nicas. La eficiente combinaci\u00f3n en su f\u00f3rmula del \u00c1cido F\u00f3lico, fundamental en la s\u00edntesis del \u00e1cido desoxirribonucleico y por lo tanto de la eritropoyesis lo que lo convierte en un factor esencial de crecimiento y maduraci\u00f3n eritroc\u00edtica, junto a Vitamina B12, la vitamina \u201cantian\u00e9mica\u201d y Vitamina B1, la vitamina antineur\u00edtica por excelencia, hacen de HEMOFIELD la terapia de elecci\u00f3n cuando baja el rendimiento del atleta equino sin causas aparentes que lo justifiquen, cuando se sospecha sobreentrenamiento o cuando el hemograma arroja valores subnormales en el recuento de gl\u00f3bulos rojos.<\/p>\n<h3 class=\"wp-block-heading\">Especies de destino:<\/h3>\n<p><strong>Equinos deportivos<\/strong> y de trabajo no destinados al consumo alimentario<br \/>\nhumano, <strong>caninos<\/strong>.<\/p>\n<p>Chinfield<\/p>\n","protected":false},"excerpt":{"rendered":"<p>Contiene 1 frasco ampolla de 50 ml. Antian\u00e9mico. Antineur\u00edtico. Vitaminoterapias. Animales expuestos a enfermedades infecciosas o parasitarias anemizantes. F\u00f3rmula: \u00c1cido f\u00f3lico \u2026\u2026\u2026\u2026\u2026\u2026\u2026\u2026\u2026\u2026\u2026\u2026\u2026\u2026\u2026\u2026\u2026\u2026.. 0,1 g Vitamina B1 \u2026\u2026\u2026\u2026\u2026\u2026\u2026\u2026\u2026\u2026\u2026\u2026\u2026\u2026\u2026\u2026\u2026\u2026. 10 g Vitamina B12 \u2026\u2026\u2026\u2026\u2026\u2026\u2026\u2026\u2026\u2026\u2026\u2026\u2026\u2026\u2026\u2026\u2026. 0,2 g Agentes de formulaci\u00f3n c.s.p. \u2026\u2026\u2026\u2026\u2026\u2026.. 100 ml Beneficios: Antian\u00e9mico y Antineur\u00edtico, son una eficaz vitaminoterapia para lograr r\u00e1pida recuperaci\u00f3n en anemias &#8230; <a title=\"Hemofield x 50 ml &#8211; Chinfield\" class=\"read-more\" href=\"https:\/\/vetaustral.com.ar\/?product=hemofield-x-50-ml-chinfield\" aria-label=\"Leer m\u00e1s sobre Hemofield x 50 ml &#8211; Chinfield\">Leer m\u00e1s<\/a><\/p>\n","protected":false},"featured_media":1097,"comment_status":"open","ping_status":"closed","template":"","meta":[],"product_brand":[114],"product_cat":[36,33,32],"product_tag":[115,116],"class_list":{"0":"post-1096","1":"product","2":"type-product","3":"status-publish","4":"has-post-thumbnail","6":"product_brand-chinfield","7":"product_cat-animales-de-compania","8":"product_cat-equinos","9":"product_cat-farmacia","10":"product_tag-antianemico","11":"product_tag-vitaminico","12":"sales-flash-overlay","13":"woocommerce-text-align-center","14":"woocommerce-image-align-center","15":"do-quantity-buttons","17":"first","18":"instock","19":"taxable","20":"shipping-taxable","21":"purchasable","22":"product-type-simple"},"jetpack_sharing_enabled":true,"_links":{"self":[{"href":"https:\/\/vetaustral.com.ar\/index.php?rest_route=\/wp\/v2\/product\/1096","targetHints":{"allow":["GET"]}}],"collection":[{"href":"https:\/\/vetaustral.com.ar\/index.php?rest_route=\/wp\/v2\/product"}],"about":[{"href":"https:\/\/vetaustral.com.ar\/index.php?rest_route=\/wp\/v2\/types\/product"}],"replies":[{"embeddable":true,"href":"https:\/\/vetaustral.com.ar\/index.php?rest_route=%2Fwp%2Fv2%2Fcomments&post=1096"}],"wp:featuredmedia":[{"embeddable":true,"href":"https:\/\/vetaustral.com.ar\/index.php?rest_route=\/wp\/v2\/media\/1097"}],"wp:attachment":[{"href":"https:\/\/vetaustral.com.ar\/index.php?rest_route=%2Fwp%2Fv2%2Fmedia&parent=1096"}],"wp:term":[{"taxonomy":"product_brand","embeddable":true,"href":"https:\/\/vetaustral.com.ar\/index.php?rest_route=%2Fwp%2Fv2%2Fproduct_brand&post=1096"},{"taxonomy":"product_cat","embeddable":true,"href":"https:\/\/vetaustral.com.ar\/index.php?rest_route=%2Fwp%2Fv2%2Fproduct_cat&post=1096"},{"taxonomy":"product_tag","embeddable":true,"href":"https:\/\/vetaustral.com.ar\/index.php?rest_route=%2Fwp%2Fv2%2Fproduct_tag&post=1096"}],"curies":[{"name":"wp","href":"https:\/\/api.w.org\/{rel}","templated":true}]}}