{"id":1093,"date":"2025-10-20T20:19:54","date_gmt":"2025-10-20T20:19:54","guid":{"rendered":"https:\/\/vetaustral.com.ar\/?post_type=product&#038;p=1093"},"modified":"2025-12-30T19:52:28","modified_gmt":"2025-12-30T19:52:28","slug":"meltra-endectocida-x-50-ml-brouwer","status":"publish","type":"product","link":"https:\/\/vetaustral.com.ar\/?product=meltra-endectocida-x-50-ml-brouwer","title":{"rendered":"Meltra endectocida x 50 ml &#8211; Brouwer"},"content":{"rendered":"<p>Contiene 1 frasco ampolla de 50 ml.<\/p>\n<ul>\n<li>Antiparasitario externo e interno.<\/li>\n<li>Para bovinos.<\/li>\n<li>Soluci\u00f3n inyectable est\u00e9ril<\/li>\n<\/ul>\n<dl class=\"col-xs-12 p0 mbottom20\">\n<dt class=\"formula active\">F\u00f3rmula<\/dt>\n<dd class=\"cont conformula active\">Ivermectina \u2026\u2026\u2026\u2026\u2026\u2026\u2026\u2026.. 1 g<br \/>\nExcipientes c.s.p. \u2026\u2026\u2026\u2026\u2026 100 mL<\/dd>\n<\/dl>\n<dl class=\"col-xs-12 p0 mbottom20\">\n<dt class=\"indicaciones active\">Indicaciones<\/dt>\n<dd class=\"cont conindicaciones active\">Tratamiento y control de par\u00e1sitos gastrointestinales:\u00a0<em>Ostertagia ostertagi:<\/em>\u00a0adultos, L3, L4 (incluyendo estad\u00edos inhibidos de\u00a0<em>Ostertagia spp), Ostertagia lyrata<\/em>: adultos y L4,\u00a0<em>Haemonchus placei:<\/em>\u00a0adultos L3 y L4,\u00a0<em>Trichostrongylus axei<\/em>: adultos y L4,\u00a0<em>T. colubriformis<\/em>: adultos y L4,\u00a0<em>Cooperia oncophora<\/em>: adultos y L4,\u00a0<em>C. puntacta<\/em>: adultos, L3 y L4,\u00a0<em>Oesophagostomum radiatum<\/em>: adultos, L3 y L4,\u00a0<em>Nematodirus helvetianus<\/em>: adultos,\u00a0<em>N. spathiger<\/em>: adultos,\u00a0<em>Strongyloides papillosus<\/em>: adultos,\u00a0<em>Bunostomum phlebotomum<\/em>: adultos, L3 y L4,\u00a0<em>Toxocara vitulorum<\/em>: adultos.<\/p>\n<p>Tratamiento y control de par\u00e1sitos pulmonares:\u00a0<em>Dictyocaulus viviparus<\/em>\u00a0(adultos, L4 y estad\u00edos inhibidos).<\/p>\n<p>Tratamiento y control de \u00e1caros de la sarna:\u00a0<em>Psoroptes ovis<\/em>\u00a0(variedad\u00a0<em>bovis<\/em>), sin\u00f3nimo:\u00a0<em>Psoroptes comunis var. bovis.<\/em><\/p>\n<p>Tratamiento y control piojos:\u00a0<em>Linognathus vituli, Haematopinus eurysternus, Solenopotes capillat<\/em>us.<\/p>\n<p>Tratamiento y control de ura:\u00a0<em>Dermatobia hominis, Hypoderma spp<\/em>.<\/p>\n<p>Tartamiento y control de miasis: ayuda en el control de\u00a0<em>Cochliomya hominivorax.<\/em><\/dd>\n<\/dl>\n<p>Brouwer<\/p>\n","protected":false},"excerpt":{"rendered":"<p>Contiene 1 frasco ampolla de 50 ml. Antiparasitario externo e interno. Para bovinos. Soluci\u00f3n inyectable est\u00e9ril F\u00f3rmula Ivermectina \u2026\u2026\u2026\u2026\u2026\u2026\u2026\u2026.. 1 g Excipientes c.s.p. \u2026\u2026\u2026\u2026\u2026 100 mL Indicaciones Tratamiento y control de par\u00e1sitos gastrointestinales:\u00a0Ostertagia ostertagi:\u00a0adultos, L3, L4 (incluyendo estad\u00edos inhibidos de\u00a0Ostertagia spp), Ostertagia lyrata: adultos y L4,\u00a0Haemonchus placei:\u00a0adultos L3 y L4,\u00a0Trichostrongylus axei: adultos y L4,\u00a0T. colubriformis: &#8230; <a title=\"Meltra endectocida x 50 ml &#8211; Brouwer\" class=\"read-more\" href=\"https:\/\/vetaustral.com.ar\/?product=meltra-endectocida-x-50-ml-brouwer\" aria-label=\"Leer m\u00e1s sobre Meltra endectocida x 50 ml &#8211; Brouwer\">Leer m\u00e1s<\/a><\/p>\n","protected":false},"featured_media":1094,"comment_status":"open","ping_status":"closed","template":"","meta":[],"product_brand":[72],"product_cat":[36,32,52],"product_tag":[65,71,66,70,105],"class_list":{"0":"post-1093","1":"product","2":"type-product","3":"status-publish","4":"has-post-thumbnail","6":"product_brand-brouwer","7":"product_cat-animales-de-compania","8":"product_cat-farmacia","9":"product_cat-grandes-animales","10":"product_tag-antiparasitario-externo","11":"product_tag-antiparasitario-interno","12":"product_tag-antisarnico","13":"product_tag-garrapaticida","14":"product_tag-piojicida","15":"sales-flash-overlay","16":"woocommerce-text-align-center","17":"woocommerce-image-align-center","18":"do-quantity-buttons","20":"first","21":"outofstock","22":"taxable","23":"shipping-taxable","24":"purchasable","25":"product-type-simple"},"jetpack_sharing_enabled":true,"_links":{"self":[{"href":"https:\/\/vetaustral.com.ar\/index.php?rest_route=\/wp\/v2\/product\/1093","targetHints":{"allow":["GET"]}}],"collection":[{"href":"https:\/\/vetaustral.com.ar\/index.php?rest_route=\/wp\/v2\/product"}],"about":[{"href":"https:\/\/vetaustral.com.ar\/index.php?rest_route=\/wp\/v2\/types\/product"}],"replies":[{"embeddable":true,"href":"https:\/\/vetaustral.com.ar\/index.php?rest_route=%2Fwp%2Fv2%2Fcomments&post=1093"}],"wp:featuredmedia":[{"embeddable":true,"href":"https:\/\/vetaustral.com.ar\/index.php?rest_route=\/wp\/v2\/media\/1094"}],"wp:attachment":[{"href":"https:\/\/vetaustral.com.ar\/index.php?rest_route=%2Fwp%2Fv2%2Fmedia&parent=1093"}],"wp:term":[{"taxonomy":"product_brand","embeddable":true,"href":"https:\/\/vetaustral.com.ar\/index.php?rest_route=%2Fwp%2Fv2%2Fproduct_brand&post=1093"},{"taxonomy":"product_cat","embeddable":true,"href":"https:\/\/vetaustral.com.ar\/index.php?rest_route=%2Fwp%2Fv2%2Fproduct_cat&post=1093"},{"taxonomy":"product_tag","embeddable":true,"href":"https:\/\/vetaustral.com.ar\/index.php?rest_route=%2Fwp%2Fv2%2Fproduct_tag&post=1093"}],"curies":[{"name":"wp","href":"https:\/\/api.w.org\/{rel}","templated":true}]}}