{"id":1087,"date":"2025-10-20T20:04:06","date_gmt":"2025-10-20T20:04:06","guid":{"rendered":"https:\/\/vetaustral.com.ar\/?post_type=product&#038;p=1087"},"modified":"2026-03-02T13:20:27","modified_gmt":"2026-03-02T13:20:27","slug":"meltra-equinos-x-20-ml-brouwer","status":"publish","type":"product","link":"https:\/\/vetaustral.com.ar\/?product=meltra-equinos-x-20-ml-brouwer","title":{"rendered":"Meltra equinos x 20 ml &#8211; Brouwer"},"content":{"rendered":"<p>Contiene 1 jeringa dosificadora para <strong>500 kg<\/strong> con 20 mL.<\/p>\n<ul>\n<li>Antiparasitario interno de amplio espectro.<\/li>\n<li>Para equinos.<\/li>\n<li>En pasta.<\/li>\n<\/ul>\n<dl class=\"col-xs-12 p0 mbottom20\">\n<dt class=\"formula active\">F\u00f3rmula<\/dt>\n<dd class=\"cont conformula active\">Fenbendazol \u2026\u2026\u2026\u2026\u2026\u2026. 18,75 g<br \/>\nClosantel \u2026\u2026\u2026\u2026\u2026\u2026\u2026\u2026 18,75 g<br \/>\nExcipientes c.s.p. \u2026\u2026\u2026\u2026\u2026.100 mL<\/dd>\n<\/dl>\n<p><strong>Meltra equinos<\/strong> est\u00e1 indicado para el tratamiento y control de las formas maduras e inmaduras de los siguientes par\u00e1sitos: <em>Parascaris equorum, Habronema sp, Oxyuris equi. Grandes estrongil\u00eddeos migratorios: Strongylus vulgaris, Strongylus equinus, Strongylus edentatus.<\/em>\u00a0Peque\u00f1os estrongil\u00eddeos no migratorios:\u00a0<em>Triodontophorus sp, Trichonema sp<\/em>\u00a0y formas juveniles de\u00a0<em>Gasterophilus nasalis y Gasterophilus intestinalis<\/em>\u00a0(gusanos del cuajo).<\/p>\n<p><strong>Meltra Equinos<\/strong> est\u00e1 indicado para el tratamiento preventivo del aneurisma verminoso, producido por las larvas migratorias del\u00a0<em>Strongylus vulgaris<\/em>.<\/p>\n<p>Dosis: El contenido de la jeringa de 20 mL de Meltra alcanza para el tratamiento de un equino de 500 kilos. Para<br \/>\ndosificar, usar la escala impresa en el \u00e9mbolo, indicando dicha numeraci\u00f3n el peso del animal a tratar.<\/p>\n<p>Brouwer<\/p>\n<p>&nbsp;<\/p>\n","protected":false},"excerpt":{"rendered":"<p>Contiene 1 jeringa dosificadora para 500 kg con 20 mL. Antiparasitario interno de amplio espectro. Para equinos. En pasta. F\u00f3rmula Fenbendazol \u2026\u2026\u2026\u2026\u2026\u2026. 18,75 g Closantel \u2026\u2026\u2026\u2026\u2026\u2026\u2026\u2026 18,75 g Excipientes c.s.p. \u2026\u2026\u2026\u2026\u2026.100 mL Meltra equinos est\u00e1 indicado para el tratamiento y control de las formas maduras e inmaduras de los siguientes par\u00e1sitos: Parascaris equorum, Habronema sp, &#8230; <a title=\"Meltra equinos x 20 ml &#8211; Brouwer\" class=\"read-more\" href=\"https:\/\/vetaustral.com.ar\/?product=meltra-equinos-x-20-ml-brouwer\" aria-label=\"Leer m\u00e1s sobre Meltra equinos x 20 ml &#8211; Brouwer\">Leer m\u00e1s<\/a><\/p>\n","protected":false},"featured_media":1088,"comment_status":"open","ping_status":"closed","template":"","meta":[],"product_brand":[72],"product_cat":[33,32],"product_tag":[71,61,112],"class_list":{"0":"post-1087","1":"product","2":"type-product","3":"status-publish","4":"has-post-thumbnail","6":"product_brand-brouwer","7":"product_cat-equinos","8":"product_cat-farmacia","9":"product_tag-antiparasitario-interno","10":"product_tag-equinos-deportivos","11":"product_tag-toma","12":"sales-flash-overlay","13":"woocommerce-text-align-center","14":"woocommerce-image-align-center","15":"do-quantity-buttons","17":"first","18":"instock","19":"taxable","20":"shipping-taxable","21":"purchasable","22":"product-type-simple"},"jetpack_sharing_enabled":true,"_links":{"self":[{"href":"https:\/\/vetaustral.com.ar\/index.php?rest_route=\/wp\/v2\/product\/1087","targetHints":{"allow":["GET"]}}],"collection":[{"href":"https:\/\/vetaustral.com.ar\/index.php?rest_route=\/wp\/v2\/product"}],"about":[{"href":"https:\/\/vetaustral.com.ar\/index.php?rest_route=\/wp\/v2\/types\/product"}],"replies":[{"embeddable":true,"href":"https:\/\/vetaustral.com.ar\/index.php?rest_route=%2Fwp%2Fv2%2Fcomments&post=1087"}],"wp:featuredmedia":[{"embeddable":true,"href":"https:\/\/vetaustral.com.ar\/index.php?rest_route=\/wp\/v2\/media\/1088"}],"wp:attachment":[{"href":"https:\/\/vetaustral.com.ar\/index.php?rest_route=%2Fwp%2Fv2%2Fmedia&parent=1087"}],"wp:term":[{"taxonomy":"product_brand","embeddable":true,"href":"https:\/\/vetaustral.com.ar\/index.php?rest_route=%2Fwp%2Fv2%2Fproduct_brand&post=1087"},{"taxonomy":"product_cat","embeddable":true,"href":"https:\/\/vetaustral.com.ar\/index.php?rest_route=%2Fwp%2Fv2%2Fproduct_cat&post=1087"},{"taxonomy":"product_tag","embeddable":true,"href":"https:\/\/vetaustral.com.ar\/index.php?rest_route=%2Fwp%2Fv2%2Fproduct_tag&post=1087"}],"curies":[{"name":"wp","href":"https:\/\/api.w.org\/{rel}","templated":true}]}}