{"id":1085,"date":"2025-10-20T19:56:57","date_gmt":"2025-10-20T19:56:57","guid":{"rendered":"https:\/\/vetaustral.com.ar\/?post_type=product&#038;p=1085"},"modified":"2026-03-02T13:20:43","modified_gmt":"2026-03-02T13:20:43","slug":"anfotropina-x-100-ml-brouwer","status":"publish","type":"product","link":"https:\/\/vetaustral.com.ar\/?product=anfotropina-x-100-ml-brouwer","title":{"rendered":"Anfotropina x 100 ml &#8211; Brouwer"},"content":{"rendered":"<p>Contiene 1 frasco ampolla de 100 ml.<\/p>\n<ul>\n<li>Antis\u00e9ptico general de acci\u00f3n sist\u00e9mica. Bacteriost\u00e1tico, bactericida, antis\u00e9ptico y antiflog\u00edstico<\/li>\n<li>Para equinos.<\/li>\n<li>Soluci\u00f3n inyectable est\u00e9ril.<\/li>\n<\/ul>\n<dl class=\"col-xs-12 p0 mbottom20\">\n<dt class=\"formula active\">F\u00f3rmula<\/dt>\n<dd class=\"cont conformula active\">Hexametilentetramina \u2026\u2026\u2026\u2026\u2026\u2026. 40.00 g<\/p>\n<p>\u00c1cido canf\u00f3rico \u2026\u2026\u2026\u2026\u2026\u2026\u2026\u2026\u2026.. 2.00 g<\/p>\n<p>Agentes de formulaci\u00f3n c.s.p. \u2026\u2026. 100.00 ml<\/dd>\n<\/dl>\n<p>Indicaciones:<\/p>\n<ul>\n<li>En claudicaciones del caballo de carrera. La inyecci\u00f3n diaria o cada 2 d\u00edas de 20 ml por v\u00eda endovenosa hace desaparecer las claudicaciones, la hiperfosfaturia y la excesiva sudoraci\u00f3n.<\/li>\n<li>Diur\u00e9tico y antis\u00e9ptico de las v\u00edas urinarias. En afecciones bacterianas cr\u00f3nicas e inespec\u00edficas de las v\u00edas urinarias, incluidas las causadas por\u00a0<em>E. coli<\/em>\u00a0y\u00a0<em>S. aureus<\/em>.<\/li>\n<\/ul>\n<p>Brouwer<\/p>\n<p>&nbsp;<\/p>\n","protected":false},"excerpt":{"rendered":"<p>Contiene 1 frasco ampolla de 100 ml. Antis\u00e9ptico general de acci\u00f3n sist\u00e9mica. Bacteriost\u00e1tico, bactericida, antis\u00e9ptico y antiflog\u00edstico Para equinos. Soluci\u00f3n inyectable est\u00e9ril. F\u00f3rmula Hexametilentetramina \u2026\u2026\u2026\u2026\u2026\u2026. 40.00 g \u00c1cido canf\u00f3rico \u2026\u2026\u2026\u2026\u2026\u2026\u2026\u2026\u2026.. 2.00 g Agentes de formulaci\u00f3n c.s.p. \u2026\u2026. 100.00 ml Indicaciones: En claudicaciones del caballo de carrera. La inyecci\u00f3n diaria o cada 2 d\u00edas de 20 &#8230; <a title=\"Anfotropina x 100 ml &#8211; Brouwer\" class=\"read-more\" href=\"https:\/\/vetaustral.com.ar\/?product=anfotropina-x-100-ml-brouwer\" aria-label=\"Leer m\u00e1s sobre Anfotropina x 100 ml &#8211; Brouwer\">Leer m\u00e1s<\/a><\/p>\n","protected":false},"featured_media":1086,"comment_status":"open","ping_status":"closed","template":"","meta":[],"product_brand":[72],"product_cat":[33,32],"product_tag":[60,111,61],"class_list":{"0":"post-1085","1":"product","2":"type-product","3":"status-publish","4":"has-post-thumbnail","6":"product_brand-brouwer","7":"product_cat-equinos","8":"product_cat-farmacia","9":"product_tag-antiseptico-urinario","10":"product_tag-diuretico","11":"product_tag-equinos-deportivos","12":"sales-flash-overlay","13":"woocommerce-text-align-center","14":"woocommerce-image-align-center","15":"do-quantity-buttons","17":"first","18":"instock","19":"sale","20":"featured","21":"taxable","22":"shipping-taxable","23":"purchasable","24":"product-type-simple"},"jetpack_sharing_enabled":true,"_links":{"self":[{"href":"https:\/\/vetaustral.com.ar\/index.php?rest_route=\/wp\/v2\/product\/1085","targetHints":{"allow":["GET"]}}],"collection":[{"href":"https:\/\/vetaustral.com.ar\/index.php?rest_route=\/wp\/v2\/product"}],"about":[{"href":"https:\/\/vetaustral.com.ar\/index.php?rest_route=\/wp\/v2\/types\/product"}],"replies":[{"embeddable":true,"href":"https:\/\/vetaustral.com.ar\/index.php?rest_route=%2Fwp%2Fv2%2Fcomments&post=1085"}],"wp:featuredmedia":[{"embeddable":true,"href":"https:\/\/vetaustral.com.ar\/index.php?rest_route=\/wp\/v2\/media\/1086"}],"wp:attachment":[{"href":"https:\/\/vetaustral.com.ar\/index.php?rest_route=%2Fwp%2Fv2%2Fmedia&parent=1085"}],"wp:term":[{"taxonomy":"product_brand","embeddable":true,"href":"https:\/\/vetaustral.com.ar\/index.php?rest_route=%2Fwp%2Fv2%2Fproduct_brand&post=1085"},{"taxonomy":"product_cat","embeddable":true,"href":"https:\/\/vetaustral.com.ar\/index.php?rest_route=%2Fwp%2Fv2%2Fproduct_cat&post=1085"},{"taxonomy":"product_tag","embeddable":true,"href":"https:\/\/vetaustral.com.ar\/index.php?rest_route=%2Fwp%2Fv2%2Fproduct_tag&post=1085"}],"curies":[{"name":"wp","href":"https:\/\/api.w.org\/{rel}","templated":true}]}}