{"id":1083,"date":"2025-10-20T19:52:03","date_gmt":"2025-10-20T19:52:03","guid":{"rendered":"https:\/\/vetaustral.com.ar\/?post_type=product&#038;p=1083"},"modified":"2026-03-02T13:21:07","modified_gmt":"2026-03-02T13:21:07","slug":"prius-x-50-ml-brouwer","status":"publish","type":"product","link":"https:\/\/vetaustral.com.ar\/?product=prius-x-50-ml-brouwer","title":{"rendered":"Prius x 50 ml &#8211; Brouwer"},"content":{"rendered":"<p>Contiene 1 frasco ampolla con 50 ml.<\/p>\n<ul>\n<li>Antiparasitario externo e interno.<\/li>\n<li>Para<strong> bovinos<\/strong>.<\/li>\n<li>Soluci\u00f3n inyectable est\u00e9ril.<\/li>\n<\/ul>\n<dl class=\"col-xs-12 p0 mbottom20\">\n<dt class=\"formula active\">F\u00f3rmula<\/dt>\n<dd class=\"cont conformula active\">Doramectina \u2026\u2026\u2026\u2026\u2026\u2026\u2026\u2026. 1 g<br \/>\nExcipientes c.s.p. \u2026\u2026\u2026\u2026\u2026 100 mL<\/dd>\n<\/dl>\n<dl class=\"col-xs-12 p0 mbottom20\">\n<dt class=\"indicaciones active\">Indicaciones<\/dt>\n<dd class=\"cont conindicaciones active\">Par\u00e1sitos Gastrointestinales:\u00a0<em>Ostertagia ostertagi:<\/em>\u00a0adultos, L3, L4 (incluyendo estados inhibidos de\u00a0<em>Ostertagia spp); Ostertagia lyrata:<\/em>\u00a0adultos y L4;\u00a0<em>Haemonchus placei:<\/em>\u00a0adultos L3 y L4;\u00a0<em>Trichostrongylus axei:<\/em>\u00a0adultos y L4;\u00a0<em>T. colubriformis<\/em>: adultos y L4;\u00a0<em>T. longispicularis; Cooperia oncophora:<\/em>\u00a0adultos y L4;\u00a0<em>C. pectinata<\/em>: adultos, L4;\u00a0<em>C. puntacta<\/em>: adultos L4;\u00a0<em>C. surnabada (syn. C. mcmasteri); Oesophagostomum radiatum:<\/em>\u00a0adultos, L3 y L4;\u00a0<em>Nematodirus helvetianus:<\/em>\u00a0adultos;\u00a0<em>N. spathiger:<\/em>\u00a0adultos;\u00a0<em>Strongyloides papillosus<\/em>: adultos;\u00a0<em>Bunostomum phlebotomum:<\/em>\u00a0adultos, L3 y L4;\u00a0<em>Trichuris spp; Thelazia spp.<\/em><\/p>\n<p>Par\u00e1sitos Pulmonares:\u00a0<em>Dictyocaulus viviparus<\/em>: adultos, L4 y estados inhibidos.<\/p>\n<p>Ura (T\u00f3rsalo, Nuche, Berne):\u00a0<em>Dermatobia hominis, Hypoderma bovis.<\/em><\/p>\n<p>Piojos:\u00a0<em>Linognathus vituli, Haematopinus eurysternus, Solenopotes capillatus.<\/em><\/p>\n<p>\u00c1caros:\u00a0<em>Psoroptes ovis<\/em>\u00a0(sin.\u00a0<em>P. comunis variedad bovis); Sarcoptes scabiei var. bovis.<\/em>\u00a0Ayuda en el control del\u00a0<em>Chorioptes bovis.<\/em><\/p>\n<p>Miasis:\u00a0<em>Cochliomya hominivorax.<\/em><\/dd>\n<\/dl>\n<p>Administrar por v\u00eda SUBCUT\u00c1NEA exclusivamente, en dosis \u00fanica.<\/p>\n<p>Brouwer<\/p>\n","protected":false},"excerpt":{"rendered":"<p>Contiene 1 frasco ampolla con 50 ml. Antiparasitario externo e interno. Para bovinos. Soluci\u00f3n inyectable est\u00e9ril. F\u00f3rmula Doramectina \u2026\u2026\u2026\u2026\u2026\u2026\u2026\u2026. 1 g Excipientes c.s.p. \u2026\u2026\u2026\u2026\u2026 100 mL Indicaciones Par\u00e1sitos Gastrointestinales:\u00a0Ostertagia ostertagi:\u00a0adultos, L3, L4 (incluyendo estados inhibidos de\u00a0Ostertagia spp); Ostertagia lyrata:\u00a0adultos y L4;\u00a0Haemonchus placei:\u00a0adultos L3 y L4;\u00a0Trichostrongylus axei:\u00a0adultos y L4;\u00a0T. colubriformis: adultos y L4;\u00a0T. longispicularis; Cooperia oncophora:\u00a0adultos &#8230; <a title=\"Prius x 50 ml &#8211; Brouwer\" class=\"read-more\" href=\"https:\/\/vetaustral.com.ar\/?product=prius-x-50-ml-brouwer\" aria-label=\"Leer m\u00e1s sobre Prius x 50 ml &#8211; Brouwer\">Leer m\u00e1s<\/a><\/p>\n","protected":false},"featured_media":1084,"comment_status":"open","ping_status":"closed","template":"","meta":[],"product_brand":[72],"product_cat":[32,52],"product_tag":[106,65,71,66,70,105],"class_list":{"0":"post-1083","1":"product","2":"type-product","3":"status-publish","4":"has-post-thumbnail","6":"product_brand-brouwer","7":"product_cat-farmacia","8":"product_cat-grandes-animales","9":"product_tag-acaricida","10":"product_tag-antiparasitario-externo","11":"product_tag-antiparasitario-interno","12":"product_tag-antisarnico","13":"product_tag-garrapaticida","14":"product_tag-piojicida","15":"sales-flash-overlay","16":"woocommerce-text-align-center","17":"woocommerce-image-align-center","18":"do-quantity-buttons","20":"first","21":"instock","22":"taxable","23":"shipping-taxable","24":"purchasable","25":"product-type-simple"},"jetpack_sharing_enabled":true,"_links":{"self":[{"href":"https:\/\/vetaustral.com.ar\/index.php?rest_route=\/wp\/v2\/product\/1083","targetHints":{"allow":["GET"]}}],"collection":[{"href":"https:\/\/vetaustral.com.ar\/index.php?rest_route=\/wp\/v2\/product"}],"about":[{"href":"https:\/\/vetaustral.com.ar\/index.php?rest_route=\/wp\/v2\/types\/product"}],"replies":[{"embeddable":true,"href":"https:\/\/vetaustral.com.ar\/index.php?rest_route=%2Fwp%2Fv2%2Fcomments&post=1083"}],"wp:featuredmedia":[{"embeddable":true,"href":"https:\/\/vetaustral.com.ar\/index.php?rest_route=\/wp\/v2\/media\/1084"}],"wp:attachment":[{"href":"https:\/\/vetaustral.com.ar\/index.php?rest_route=%2Fwp%2Fv2%2Fmedia&parent=1083"}],"wp:term":[{"taxonomy":"product_brand","embeddable":true,"href":"https:\/\/vetaustral.com.ar\/index.php?rest_route=%2Fwp%2Fv2%2Fproduct_brand&post=1083"},{"taxonomy":"product_cat","embeddable":true,"href":"https:\/\/vetaustral.com.ar\/index.php?rest_route=%2Fwp%2Fv2%2Fproduct_cat&post=1083"},{"taxonomy":"product_tag","embeddable":true,"href":"https:\/\/vetaustral.com.ar\/index.php?rest_route=%2Fwp%2Fv2%2Fproduct_tag&post=1083"}],"curies":[{"name":"wp","href":"https:\/\/api.w.org\/{rel}","templated":true}]}}