{"id":1077,"date":"2025-10-20T19:12:46","date_gmt":"2025-10-20T19:12:46","guid":{"rendered":"https:\/\/vetaustral.com.ar\/?post_type=product&#038;p=1077"},"modified":"2026-03-02T13:21:59","modified_gmt":"2026-03-02T13:21:59","slug":"terpan-1000-e-x-100-ml-brouwer","status":"publish","type":"product","link":"https:\/\/vetaustral.com.ar\/?product=terpan-1000-e-x-100-ml-brouwer","title":{"rendered":"Terpan 1000 E x 100 ml &#8211; Brouwer"},"content":{"rendered":"<p>Envase con 100 mL.<\/p>\n<ul>\n<li>Insecticida ambiental para el control de <strong>moscas, mosquitos, jejenes, fleb\u00f3tomos, garrapatas y pulgas<\/strong> que infestan los predios, instalaciones y dem\u00e1s sitios habitados y frecuentados por animales.<\/li>\n<li>En l\u00edquido.<\/li>\n<\/ul>\n<dl class=\"col-xs-12 p0 mbottom20\">\n<dt class=\"formula active\">\n<h4>F\u00f3rmula<\/h4>\n<\/dt>\n<dd class=\"cont conformula active\">Diclorv\u00f3s \u2026\u2026\u2026\u2026\u2026\u2026\u2026\u2026.. 100 g<br \/>\nExcipientes c.s.p. \u2026\u2026\u2026\u2026\u2026 100 mL<\/dd>\n<dd><\/dd>\n<\/dl>\n<p><strong>Terp\u00e1n 1000 E<\/strong> est\u00e1 indicado para el control de moscas (Musca domestica, Musca autumnales, Stomoxys<br \/>\ncalcitrans), mosquitos (Culex spp, Aedes spp, Anopheles spp), jejenes (Culicoides spp), fleb\u00f3tomos<br \/>\n(Phlebotomus spp, Lutzomya spp), garrapatas (Rhipicephalus sanguineus) y pulgas (Ctenocephalides canis,<br \/>\nCtenocephalides felis) que infestan los predios e instalaciones de granjas av\u00edcolas, granjas y criaderos de<br \/>\nporcinos, haras, studs, caballerizas, establos, tambos, caba\u00f1as, criaderos de caninos, cuchas, caniles y dem\u00e1s<br \/>\nsitios habitados y frecuentados por animales.<\/p>\n<p>Dosis: obtenci\u00f3n de la emulsi\u00f3n: diluir 5 mL de Terp\u00e1n 1000 E en un (1) litro de agua.<\/p>\n<p><em><strong>VENENO\u00a0<\/strong><\/em><\/p>\n<p>Brouwer<\/p>\n","protected":false},"excerpt":{"rendered":"<p>Envase con 100 mL. Insecticida ambiental para el control de moscas, mosquitos, jejenes, fleb\u00f3tomos, garrapatas y pulgas que infestan los predios, instalaciones y dem\u00e1s sitios habitados y frecuentados por animales. En l\u00edquido. F\u00f3rmula Diclorv\u00f3s \u2026\u2026\u2026\u2026\u2026\u2026\u2026\u2026.. 100 g Excipientes c.s.p. \u2026\u2026\u2026\u2026\u2026 100 mL Terp\u00e1n 1000 E est\u00e1 indicado para el control de moscas (Musca domestica, Musca &#8230; <a title=\"Terpan 1000 E x 100 ml &#8211; Brouwer\" class=\"read-more\" href=\"https:\/\/vetaustral.com.ar\/?product=terpan-1000-e-x-100-ml-brouwer\" aria-label=\"Leer m\u00e1s sobre Terpan 1000 E x 100 ml &#8211; Brouwer\">Leer m\u00e1s<\/a><\/p>\n","protected":false},"featured_media":1078,"comment_status":"open","ping_status":"closed","template":"","meta":[],"product_brand":[72],"product_cat":[218],"product_tag":[109,108,107,110],"class_list":{"0":"post-1077","1":"product","2":"type-product","3":"status-publish","4":"has-post-thumbnail","6":"product_brand-brouwer","7":"product_cat-ambientales","8":"product_tag-ambiental","9":"product_tag-insecticida","10":"product_tag-repelente-de-insectos","11":"product_tag-veneno","12":"sales-flash-overlay","13":"woocommerce-text-align-center","14":"woocommerce-image-align-center","15":"do-quantity-buttons","17":"first","18":"instock","19":"taxable","20":"shipping-taxable","21":"purchasable","22":"product-type-simple"},"jetpack_sharing_enabled":true,"_links":{"self":[{"href":"https:\/\/vetaustral.com.ar\/index.php?rest_route=\/wp\/v2\/product\/1077","targetHints":{"allow":["GET"]}}],"collection":[{"href":"https:\/\/vetaustral.com.ar\/index.php?rest_route=\/wp\/v2\/product"}],"about":[{"href":"https:\/\/vetaustral.com.ar\/index.php?rest_route=\/wp\/v2\/types\/product"}],"replies":[{"embeddable":true,"href":"https:\/\/vetaustral.com.ar\/index.php?rest_route=%2Fwp%2Fv2%2Fcomments&post=1077"}],"wp:featuredmedia":[{"embeddable":true,"href":"https:\/\/vetaustral.com.ar\/index.php?rest_route=\/wp\/v2\/media\/1078"}],"wp:attachment":[{"href":"https:\/\/vetaustral.com.ar\/index.php?rest_route=%2Fwp%2Fv2%2Fmedia&parent=1077"}],"wp:term":[{"taxonomy":"product_brand","embeddable":true,"href":"https:\/\/vetaustral.com.ar\/index.php?rest_route=%2Fwp%2Fv2%2Fproduct_brand&post=1077"},{"taxonomy":"product_cat","embeddable":true,"href":"https:\/\/vetaustral.com.ar\/index.php?rest_route=%2Fwp%2Fv2%2Fproduct_cat&post=1077"},{"taxonomy":"product_tag","embeddable":true,"href":"https:\/\/vetaustral.com.ar\/index.php?rest_route=%2Fwp%2Fv2%2Fproduct_tag&post=1077"}],"curies":[{"name":"wp","href":"https:\/\/api.w.org\/{rel}","templated":true}]}}