{"id":1075,"date":"2025-10-20T19:02:48","date_gmt":"2025-10-20T19:02:48","guid":{"rendered":"https:\/\/vetaustral.com.ar\/?post_type=product&#038;p=1075"},"modified":"2026-03-02T13:22:20","modified_gmt":"2026-03-02T13:22:20","slug":"derramin-nf-pour-on-x-1-litro-brouwer","status":"publish","type":"product","link":"https:\/\/vetaustral.com.ar\/?product=derramin-nf-pour-on-x-1-litro-brouwer","title":{"rendered":"Derramin NF pour-on x 1 litro &#8211; Brouwer"},"content":{"rendered":"<p>Envase dosificador con 1 litro.<\/p>\n<ul>\n<li>Mosquicida, control de la mosca del cuerno. Piojicida, acaricida, repelente de insectos.<\/li>\n<li>Para <strong>bovinos, equinos, ovinos y porcinos<\/strong>.<\/li>\n<li>Soluci\u00f3n lista para usar.<\/li>\n<\/ul>\n<dl class=\"col-xs-12 p0 mbottom20\">\n<dt class=\"formula active\">F\u00f3rmula<\/dt>\n<dd class=\"cont conformula active\">Cipermetrina \u2026\u2026\u2026\u2026\u2026\u2026\u2026\u2026 5 gr<br \/>\nExcipientes c.s.p. \u2026\u2026\u2026\u2026\u2026 100 mL<\/dd>\n<\/dl>\n<p>Indicaciones de uso<br \/>\nControl de la Mosca del cuerno (Haematobia irritans). Su acci\u00f3n insecticida es casi inmediata eliminando a las<br \/>\nmoscas a los pocos minutos de ser aplicado. Su poder residual las mantiene alejadas de los animales por 45<br \/>\nd\u00edas o m\u00e1s. Tratamiento y control de piojos chupadores y masticadores en bovinos, equinos, ovinos y<br \/>\nporcinos. Acaricida (Otobius megnini) en bovinos. Puede aplicarse en animales de cualquier edad y sexo, a\u00fan<br \/>\nen hembras pre\u00f1adas. Su administraci\u00f3n puede realizarse en cualquier \u00e9poca del a\u00f1o y por su particular<br \/>\nformulaci\u00f3n, no es afectado por las lluvias, salvo las de mucha intensidad. No mancha ni afecta a la lana.<\/p>\n<p>Dosis<br \/>\nMOSCA DEL CUERNO (Haematobia irritans)<br \/>\nBovinos de hasta 400 kilos: 10 mL distribuidos desde la nuca hasta la cola.<br \/>\nBovinos de m\u00e1s de 400 kilos: 20 mL distribuidos desde la nuca hasta la cola.<br \/>\nACARICIDA (Otobius megnini)<br \/>\nBovinos: 1 mL en cada oreja, en el conducto auditivo externo.<br \/>\nPIOJOS MASTICADORES Y CHUPADORES<br \/>\nBovinos y equinos: animales de hasta 400 kilos: 10 mL, en la cruz. Animales de m\u00e1s de 400 kilos: 20 mL, en la cruz.<br \/>\nOvinos: 5 mL, entre las esc\u00e1pulas.<br \/>\nPorcinos: 5 mL, en la cruz.<br \/>\nCon Derramin pour on la m\u00e1xima efectividad contra los piojos se alcanza entre la cuarta y la sexta semana<br \/>\ndesde su aplicaci\u00f3n.<\/p>\n<p>Brouwer<\/p>\n","protected":false},"excerpt":{"rendered":"<p>Envase dosificador con 1 litro. Mosquicida, control de la mosca del cuerno. Piojicida, acaricida, repelente de insectos. Para bovinos, equinos, ovinos y porcinos. Soluci\u00f3n lista para usar. F\u00f3rmula Cipermetrina \u2026\u2026\u2026\u2026\u2026\u2026\u2026\u2026 5 gr Excipientes c.s.p. \u2026\u2026\u2026\u2026\u2026 100 mL Indicaciones de uso Control de la Mosca del cuerno (Haematobia irritans). Su acci\u00f3n insecticida es casi inmediata eliminando &#8230; <a title=\"Derramin NF pour-on x 1 litro &#8211; Brouwer\" class=\"read-more\" href=\"https:\/\/vetaustral.com.ar\/?product=derramin-nf-pour-on-x-1-litro-brouwer\" aria-label=\"Leer m\u00e1s sobre Derramin NF pour-on x 1 litro &#8211; Brouwer\">Leer m\u00e1s<\/a><\/p>\n","protected":false},"featured_media":1076,"comment_status":"open","ping_status":"closed","template":"","meta":[],"product_brand":[72],"product_cat":[33,32,52],"product_tag":[106,65,102,105,104,103,107],"class_list":{"0":"post-1075","1":"product","2":"type-product","3":"status-publish","4":"has-post-thumbnail","6":"product_brand-brouwer","7":"product_cat-equinos","8":"product_cat-farmacia","9":"product_cat-grandes-animales","10":"product_tag-acaricida","11":"product_tag-antiparasitario-externo","12":"product_tag-mosca-del-cuerno","13":"product_tag-piojicida","14":"product_tag-pour-on","15":"product_tag-puron","16":"product_tag-repelente-de-insectos","17":"sales-flash-overlay","18":"woocommerce-text-align-center","19":"woocommerce-image-align-center","20":"do-quantity-buttons","22":"first","23":"instock","24":"taxable","25":"shipping-taxable","26":"purchasable","27":"product-type-simple"},"jetpack_sharing_enabled":true,"_links":{"self":[{"href":"https:\/\/vetaustral.com.ar\/index.php?rest_route=\/wp\/v2\/product\/1075","targetHints":{"allow":["GET"]}}],"collection":[{"href":"https:\/\/vetaustral.com.ar\/index.php?rest_route=\/wp\/v2\/product"}],"about":[{"href":"https:\/\/vetaustral.com.ar\/index.php?rest_route=\/wp\/v2\/types\/product"}],"replies":[{"embeddable":true,"href":"https:\/\/vetaustral.com.ar\/index.php?rest_route=%2Fwp%2Fv2%2Fcomments&post=1075"}],"wp:featuredmedia":[{"embeddable":true,"href":"https:\/\/vetaustral.com.ar\/index.php?rest_route=\/wp\/v2\/media\/1076"}],"wp:attachment":[{"href":"https:\/\/vetaustral.com.ar\/index.php?rest_route=%2Fwp%2Fv2%2Fmedia&parent=1075"}],"wp:term":[{"taxonomy":"product_brand","embeddable":true,"href":"https:\/\/vetaustral.com.ar\/index.php?rest_route=%2Fwp%2Fv2%2Fproduct_brand&post=1075"},{"taxonomy":"product_cat","embeddable":true,"href":"https:\/\/vetaustral.com.ar\/index.php?rest_route=%2Fwp%2Fv2%2Fproduct_cat&post=1075"},{"taxonomy":"product_tag","embeddable":true,"href":"https:\/\/vetaustral.com.ar\/index.php?rest_route=%2Fwp%2Fv2%2Fproduct_tag&post=1075"}],"curies":[{"name":"wp","href":"https:\/\/api.w.org\/{rel}","templated":true}]}}