{"id":1067,"date":"2025-10-17T22:31:20","date_gmt":"2025-10-17T22:31:20","guid":{"rendered":"https:\/\/vetaustral.com.ar\/?post_type=product&#038;p=1067"},"modified":"2026-03-02T13:23:00","modified_gmt":"2026-03-02T13:23:00","slug":"fluximin-x-50-ml-brouwer","status":"publish","type":"product","link":"https:\/\/vetaustral.com.ar\/?product=fluximin-x-50-ml-brouwer","title":{"rendered":"Fluximin x 50 ml &#8211; Brouwer"},"content":{"rendered":"<p>Contiene 1 frasco ampolla de 50 ml.<\/p>\n<ul>\n<li>Antiinflamatorio no esteroide<\/li>\n<li>Analgesico<\/li>\n<li>Antipiretico<\/li>\n<\/ul>\n<p>F\u00f3rmula<\/p>\n<p>Flunixin (meglumina)&#8230;&#8230;&#8230;&#8230;&#8230; 5.00 gr<\/p>\n<p>Vehiculo c.s.p&#8230;&#8230;&#8230;&#8230;&#8230;&#8230;&#8230;&#8230;&#8230;&#8230; 100.00 ml<\/p>\n<p><strong>Fluximin,<\/strong> en equinos es recomendado para el alivio de la inflamaci\u00f3n y el dolor asociados con des\u00f3rdenes m\u00fasculo-esquel\u00e9ticos. Tambi\u00e9n es recomendado para aliviar el dolor asociado al dolor abdominal (c\u00f3lico). En los bovinos se recomienda para el control de pirexia asociada a enfermedad respiratoria y endotoxemia y mastitis aguda. Tambi\u00e9n se indica para el control de la inflamaci\u00f3n en endotoxemia\u00a0 y para aliviar el dolor m\u00fasculo-esquel\u00e9tico.<\/p>\n<p>Brouwer<\/p>\n","protected":false},"excerpt":{"rendered":"<p>Contiene 1 frasco ampolla de 50 ml. Antiinflamatorio no esteroide Analgesico Antipiretico F\u00f3rmula Flunixin (meglumina)&#8230;&#8230;&#8230;&#8230;&#8230; 5.00 gr Vehiculo c.s.p&#8230;&#8230;&#8230;&#8230;&#8230;&#8230;&#8230;&#8230;&#8230;&#8230; 100.00 ml Fluximin, en equinos es recomendado para el alivio de la inflamaci\u00f3n y el dolor asociados con des\u00f3rdenes m\u00fasculo-esquel\u00e9ticos. Tambi\u00e9n es recomendado para aliviar el dolor asociado al dolor abdominal (c\u00f3lico). En los bovinos se &#8230; <a title=\"Fluximin x 50 ml &#8211; Brouwer\" class=\"read-more\" href=\"https:\/\/vetaustral.com.ar\/?product=fluximin-x-50-ml-brouwer\" aria-label=\"Leer m\u00e1s sobre Fluximin x 50 ml &#8211; Brouwer\">Leer m\u00e1s<\/a><\/p>\n","protected":false},"featured_media":1068,"comment_status":"open","ping_status":"closed","template":"","meta":[],"product_brand":[72],"product_cat":[33,32,52],"product_tag":[49,44,50,51],"class_list":{"0":"post-1067","1":"product","2":"type-product","3":"status-publish","4":"has-post-thumbnail","6":"product_brand-brouwer","7":"product_cat-equinos","8":"product_cat-farmacia","9":"product_cat-grandes-animales","10":"product_tag-analgesico","11":"product_tag-antiinflamatorio","12":"product_tag-antipiretico","13":"product_tag-no-esteroide","14":"sales-flash-overlay","15":"woocommerce-text-align-center","16":"woocommerce-image-align-center","17":"do-quantity-buttons","19":"first","20":"instock","21":"taxable","22":"shipping-taxable","23":"purchasable","24":"product-type-simple"},"jetpack_sharing_enabled":true,"_links":{"self":[{"href":"https:\/\/vetaustral.com.ar\/index.php?rest_route=\/wp\/v2\/product\/1067","targetHints":{"allow":["GET"]}}],"collection":[{"href":"https:\/\/vetaustral.com.ar\/index.php?rest_route=\/wp\/v2\/product"}],"about":[{"href":"https:\/\/vetaustral.com.ar\/index.php?rest_route=\/wp\/v2\/types\/product"}],"replies":[{"embeddable":true,"href":"https:\/\/vetaustral.com.ar\/index.php?rest_route=%2Fwp%2Fv2%2Fcomments&post=1067"}],"wp:featuredmedia":[{"embeddable":true,"href":"https:\/\/vetaustral.com.ar\/index.php?rest_route=\/wp\/v2\/media\/1068"}],"wp:attachment":[{"href":"https:\/\/vetaustral.com.ar\/index.php?rest_route=%2Fwp%2Fv2%2Fmedia&parent=1067"}],"wp:term":[{"taxonomy":"product_brand","embeddable":true,"href":"https:\/\/vetaustral.com.ar\/index.php?rest_route=%2Fwp%2Fv2%2Fproduct_brand&post=1067"},{"taxonomy":"product_cat","embeddable":true,"href":"https:\/\/vetaustral.com.ar\/index.php?rest_route=%2Fwp%2Fv2%2Fproduct_cat&post=1067"},{"taxonomy":"product_tag","embeddable":true,"href":"https:\/\/vetaustral.com.ar\/index.php?rest_route=%2Fwp%2Fv2%2Fproduct_tag&post=1067"}],"curies":[{"name":"wp","href":"https:\/\/api.w.org\/{rel}","templated":true}]}}