{"id":1065,"date":"2025-10-17T22:13:29","date_gmt":"2025-10-17T22:13:29","guid":{"rendered":"https:\/\/vetaustral.com.ar\/?post_type=product&#038;p=1065"},"modified":"2026-03-02T13:23:19","modified_gmt":"2026-03-02T13:23:19","slug":"kil-ag-x-440-ml-brouwer","status":"publish","type":"product","link":"https:\/\/vetaustral.com.ar\/?product=kil-ag-x-440-ml-brouwer","title":{"rendered":"Kil AG x 440 ml &#8211; Brouwer"},"content":{"rendered":"<p>Aerosol plateado de 260 gr (440 ml).<\/p>\n<ul>\n<li>Cicatrizante y antimi\u00e1sico.<\/li>\n<li>Para<strong> caninos, bovinos, equinos, ovinos, caprinos y porcinos<\/strong>.<\/li>\n<\/ul>\n<dl class=\"col-xs-12 p0 mbottom20\">\n<dt class=\"formula active\">F\u00f3rmula<\/dt>\n<dd class=\"cont conformula active\">Clorpirif\u00f3s \u2026\u2026\u2026\u2026\u2026\u2026\u2026\u2026\u2026.. 2g<br \/>\nCipermetrina \u2026\u2026\u2026\u2026\u2026\u2026\u2026.. 0,4g<br \/>\nSulfadiazina de plata\u2026\u2026\u2026\u2026.. 0,1g<br \/>\nAluminio micronizado \u2026\u2026\u2026\u2026.. 5g<br \/>\nExcipientes c.s.p. \u2026\u2026\u2026\u2026\u2026.. 100g<\/dd>\n<\/dl>\n<p>Kil AG est\u00e1 indicado para el tratamiento y prevenci\u00f3n de miasis e infecciones en heridas cut\u00e1neas de bovinos,<br \/>\nequinos, ovinos, caprinos, porcinos y caninos. Es una formulaci\u00f3n eficaz para el tratamiento de miasis ya<br \/>\ninstaladas y, debido a su poder de repelencia, para la prevenci\u00f3n de las mismas en heridas accidentales o<br \/>\nquir\u00fargicas. Posee, adem\u00e1s, efectos bactericida, cicatrizante, astringente y hemost\u00e1tico que estimulan la<br \/>\ncicatrizaci\u00f3n. El espectro de acci\u00f3n de la sulfadiazina de plata abarca la mayor parte de la flora bacteriana<br \/>\nbanal, sapr\u00f3fita y pat\u00f3gena que afecta com\u00fanmente las heridas, produciendo infecciones cut\u00e1neas (tanto<br \/>\nGram negativos como Gram positivos, algunas levaduras y hongos). Entre otros, est\u00e1 indicada para el<br \/>\ntratamiento de infecciones producidas por E. coli, Pseudomona spp., Proteus spp., Staphylococcus spp.<br \/>\n(incluyendo cepas pencilasa +), Streptococcus spp. (incluyendo enterococos y diplococos), Klebsiella<br \/>\npneumoniae, Enterococcus faecalis, Candida albicans. El clorpirif\u00f3s y la cipermetrina son antiparasitarios<br \/>\nexternos que permiten tratar las miasis cut\u00e1neas comunes producidas por Musca spp, Stomoxys calcitrans,<br \/>\nCallitroga hominivorax y otras especies de artr\u00f3podos que producen este tipo de patolog\u00eda. El aluminio<br \/>\nmicronizado tiene una probada capacidad bacteriost\u00e1tica y forma una pel\u00edcula protectora identificatoria en<br \/>\nlos animales tratados.<\/p>\n<p>Brouwer<\/p>\n<p>&nbsp;<\/p>\n<p>&nbsp;<\/p>\n<p>&nbsp;<\/p>\n","protected":false},"excerpt":{"rendered":"<p>Aerosol plateado de 260 gr (440 ml). Cicatrizante y antimi\u00e1sico. Para caninos, bovinos, equinos, ovinos, caprinos y porcinos. F\u00f3rmula Clorpirif\u00f3s \u2026\u2026\u2026\u2026\u2026\u2026\u2026\u2026\u2026.. 2g Cipermetrina \u2026\u2026\u2026\u2026\u2026\u2026\u2026.. 0,4g Sulfadiazina de plata\u2026\u2026\u2026\u2026.. 0,1g Aluminio micronizado \u2026\u2026\u2026\u2026.. 5g Excipientes c.s.p. \u2026\u2026\u2026\u2026\u2026.. 100g Kil AG est\u00e1 indicado para el tratamiento y prevenci\u00f3n de miasis e infecciones en heridas cut\u00e1neas de bovinos, &#8230; <a title=\"Kil AG x 440 ml &#8211; Brouwer\" class=\"read-more\" href=\"https:\/\/vetaustral.com.ar\/?product=kil-ag-x-440-ml-brouwer\" aria-label=\"Leer m\u00e1s sobre Kil AG x 440 ml &#8211; Brouwer\">Leer m\u00e1s<\/a><\/p>\n","protected":false},"featured_media":1066,"comment_status":"open","ping_status":"closed","template":"","meta":[],"product_brand":[72],"product_cat":[36,33,32,52],"product_tag":[100,97,77,98,99,101],"class_list":{"0":"post-1065","1":"product","2":"type-product","3":"status-publish","4":"has-post-thumbnail","6":"product_brand-brouwer","7":"product_cat-animales-de-compania","8":"product_cat-equinos","9":"product_cat-farmacia","10":"product_cat-grandes-animales","11":"product_tag-aerosol","12":"product_tag-antimiasico","13":"product_tag-cicatrizante","14":"product_tag-curabichera","15":"product_tag-hemostatico","16":"product_tag-plata","17":"sales-flash-overlay","18":"woocommerce-text-align-center","19":"woocommerce-image-align-center","20":"do-quantity-buttons","22":"first","23":"instock","24":"taxable","25":"shipping-taxable","26":"purchasable","27":"product-type-simple"},"jetpack_sharing_enabled":true,"_links":{"self":[{"href":"https:\/\/vetaustral.com.ar\/index.php?rest_route=\/wp\/v2\/product\/1065","targetHints":{"allow":["GET"]}}],"collection":[{"href":"https:\/\/vetaustral.com.ar\/index.php?rest_route=\/wp\/v2\/product"}],"about":[{"href":"https:\/\/vetaustral.com.ar\/index.php?rest_route=\/wp\/v2\/types\/product"}],"replies":[{"embeddable":true,"href":"https:\/\/vetaustral.com.ar\/index.php?rest_route=%2Fwp%2Fv2%2Fcomments&post=1065"}],"wp:featuredmedia":[{"embeddable":true,"href":"https:\/\/vetaustral.com.ar\/index.php?rest_route=\/wp\/v2\/media\/1066"}],"wp:attachment":[{"href":"https:\/\/vetaustral.com.ar\/index.php?rest_route=%2Fwp%2Fv2%2Fmedia&parent=1065"}],"wp:term":[{"taxonomy":"product_brand","embeddable":true,"href":"https:\/\/vetaustral.com.ar\/index.php?rest_route=%2Fwp%2Fv2%2Fproduct_brand&post=1065"},{"taxonomy":"product_cat","embeddable":true,"href":"https:\/\/vetaustral.com.ar\/index.php?rest_route=%2Fwp%2Fv2%2Fproduct_cat&post=1065"},{"taxonomy":"product_tag","embeddable":true,"href":"https:\/\/vetaustral.com.ar\/index.php?rest_route=%2Fwp%2Fv2%2Fproduct_tag&post=1065"}],"curies":[{"name":"wp","href":"https:\/\/api.w.org\/{rel}","templated":true}]}}