{"id":1034,"date":"2025-10-17T14:51:23","date_gmt":"2025-10-17T14:51:23","guid":{"rendered":"https:\/\/vetaustral.com.ar\/?post_type=product&#038;p=1034"},"modified":"2026-03-02T13:29:47","modified_gmt":"2026-03-02T13:29:47","slug":"opter-x-25-ml-brouwer","status":"publish","type":"product","link":"https:\/\/vetaustral.com.ar\/?product=opter-x-25-ml-brouwer","title":{"rendered":"Opter x 25 ml &#8211; Brouwer"},"content":{"rendered":"<p>Contiene 1 gotero de 25 ml.<\/p>\n<ul>\n<li>Antimic\u00f3tico, antibi\u00f3tico, antiparasitario externo, antiinflamatorio esteroide.<\/li>\n<li>Para caninos y felinos.<\/li>\n<li>Soluci\u00f3n \u00f3tica.<\/li>\n<\/ul>\n<dl class=\"col-xs-12 p0 mbottom20\">\n<dt class=\"formula active\">F\u00f3rmula<\/dt>\n<dd class=\"cont conformula active\">Cada 100 ml contiene:<br \/>\nEnrofloxacina \u2026\u2026\u2026\u2026\u2026\u2026. 0,50 g<br \/>\nClotrimazol \u2026\u2026\u2026\u2026\u2026\u2026\u2026\u2026.. 1 g<br \/>\nIvermectina \u2026\u2026\u2026\u2026\u2026\u2026\u2026. 0,03 g<br \/>\nBetametasona \u2026\u2026\u2026\u2026\u2026\u2026 0,10 g<br \/>\nExcipientes c.s.p. \u2026\u2026\u2026\u2026\u2026 100 mL<\/dd>\n<\/dl>\n<p><strong>Opter<\/strong> esta indicado para el tratamiento de otitis infecciosas, mic\u00f3ticas y parasitarias. Posee acci\u00f3n antiinflamatoria local, por lo cual calma el prurito y el dolor caracter\u00edsticos de estas patolog\u00edas.<\/p>\n<p>La presencia de <strong>clotrimazol<\/strong> lo hace efectivo para el tratamiento de infecciones mic\u00f3ticas y por levaduras<br \/>\ncomo: Microsporum spp, Candida albicans, Trichophyton spp y Malasesia spp.<br \/>\nLa <strong>enrofloxacina<\/strong> permitir\u00e1 combatir a los agentes bacterianos susceptibles, m\u00e1s com\u00fanmente asociados a<br \/>\notitis externas s\u00e9pticas como: Pseudomona spp, Proteus spp., Staphylococcus spp y Streptococus spp.<br \/>\nLa <strong>ivermectina<\/strong> ser\u00e1 activa para controlar las otitis parasitarias causadas por \u00e1caros como: Otodectes spp.<\/p>\n<p>Dosis<br \/>\nEl producto se aplica localmente en el conducto auditivo externo. Dependiendo del tama\u00f1o del animal a tratar<br \/>\nse deben instilar de 6 a 12 gotas dentro del mencionado conducto auditivo externo y masajear, de modo de<br \/>\npromover la adecuada difusi\u00f3n de los activos. Las aplicaciones deben repetirse una o dos veces por d\u00eda.<\/p>\n<p>Brouwer<\/p>\n","protected":false},"excerpt":{"rendered":"<p>Contiene 1 gotero de 25 ml. Antimic\u00f3tico, antibi\u00f3tico, antiparasitario externo, antiinflamatorio esteroide. Para caninos y felinos. Soluci\u00f3n \u00f3tica. F\u00f3rmula Cada 100 ml contiene: Enrofloxacina \u2026\u2026\u2026\u2026\u2026\u2026. 0,50 g Clotrimazol \u2026\u2026\u2026\u2026\u2026\u2026\u2026\u2026.. 1 g Ivermectina \u2026\u2026\u2026\u2026\u2026\u2026\u2026. 0,03 g Betametasona \u2026\u2026\u2026\u2026\u2026\u2026 0,10 g Excipientes c.s.p. \u2026\u2026\u2026\u2026\u2026 100 mL Opter esta indicado para el tratamiento de otitis infecciosas, mic\u00f3ticas y &#8230; <a title=\"Opter x 25 ml &#8211; Brouwer\" class=\"read-more\" href=\"https:\/\/vetaustral.com.ar\/?product=opter-x-25-ml-brouwer\" aria-label=\"Leer m\u00e1s sobre Opter x 25 ml &#8211; Brouwer\">Leer m\u00e1s<\/a><\/p>\n","protected":false},"featured_media":1035,"comment_status":"open","ping_status":"closed","template":"","meta":[],"product_brand":[72],"product_cat":[36,32],"product_tag":[45,53,44,65,48,93],"class_list":{"0":"post-1034","1":"product","2":"type-product","3":"status-publish","4":"has-post-thumbnail","6":"product_brand-brouwer","7":"product_cat-animales-de-compania","8":"product_cat-farmacia","9":"product_tag-alergias","10":"product_tag-antibiotico","11":"product_tag-antiinflamatorio","12":"product_tag-antiparasitario-externo","13":"product_tag-esteroide","14":"product_tag-gotas-oticas","15":"sales-flash-overlay","16":"woocommerce-text-align-center","17":"woocommerce-image-align-center","18":"do-quantity-buttons","20":"first","21":"instock","22":"taxable","23":"shipping-taxable","24":"purchasable","25":"product-type-simple"},"jetpack_sharing_enabled":true,"_links":{"self":[{"href":"https:\/\/vetaustral.com.ar\/index.php?rest_route=\/wp\/v2\/product\/1034","targetHints":{"allow":["GET"]}}],"collection":[{"href":"https:\/\/vetaustral.com.ar\/index.php?rest_route=\/wp\/v2\/product"}],"about":[{"href":"https:\/\/vetaustral.com.ar\/index.php?rest_route=\/wp\/v2\/types\/product"}],"replies":[{"embeddable":true,"href":"https:\/\/vetaustral.com.ar\/index.php?rest_route=%2Fwp%2Fv2%2Fcomments&post=1034"}],"wp:featuredmedia":[{"embeddable":true,"href":"https:\/\/vetaustral.com.ar\/index.php?rest_route=\/wp\/v2\/media\/1035"}],"wp:attachment":[{"href":"https:\/\/vetaustral.com.ar\/index.php?rest_route=%2Fwp%2Fv2%2Fmedia&parent=1034"}],"wp:term":[{"taxonomy":"product_brand","embeddable":true,"href":"https:\/\/vetaustral.com.ar\/index.php?rest_route=%2Fwp%2Fv2%2Fproduct_brand&post=1034"},{"taxonomy":"product_cat","embeddable":true,"href":"https:\/\/vetaustral.com.ar\/index.php?rest_route=%2Fwp%2Fv2%2Fproduct_cat&post=1034"},{"taxonomy":"product_tag","embeddable":true,"href":"https:\/\/vetaustral.com.ar\/index.php?rest_route=%2Fwp%2Fv2%2Fproduct_tag&post=1034"}],"curies":[{"name":"wp","href":"https:\/\/api.w.org\/{rel}","templated":true}]}}