{"id":1031,"date":"2025-10-16T22:37:23","date_gmt":"2025-10-16T22:37:23","guid":{"rendered":"https:\/\/vetaustral.com.ar\/?post_type=product&#038;p=1031"},"modified":"2026-03-02T13:30:44","modified_gmt":"2026-03-02T13:30:44","slug":"ocuflox-x-5-ml-brouwer","status":"publish","type":"product","link":"https:\/\/vetaustral.com.ar\/?product=ocuflox-x-5-ml-brouwer","title":{"rendered":"Ocuflox x 5 ml &#8211; Brouwer"},"content":{"rendered":"<p>Contiene 1 gotero de 5 ml.<\/p>\n<ul>\n<li>Colirio con antibi\u00f3tico de amplio espectro y principios activos cicatrizantes.<\/li>\n<li>Para <strong>caninos, felinos y equinos<\/strong>.<\/li>\n<li>En gotas.<\/li>\n<\/ul>\n<dl class=\"col-xs-12 p0 mbottom20\">\n<dt class=\"formula active\">F\u00f3rmula<\/dt>\n<dd class=\"cont conformula active\">\n<p class=\"style6\" align=\"justify\">Cada 100 mL contiene:<\/p>\n<p class=\"style6\" align=\"justify\">Ofloxacina \u2026\u2026\u2026\u2026\u2026\u2026\u2026\u2026 0,60 g<br \/>\nHialuronato de sodio \u2026\u2026\u2026. 0,30 g<br \/>\nCondroit\u00edn sulfato \u2026\u2026\u2026\u2026\u2026. 20 g<br \/>\nExcipientes c.s.p. \u2026\u2026\u2026\u2026\u2026 100 mL<\/p>\n<\/dd>\n<\/dl>\n<p><strong>Ocuflox<\/strong> esta indicado para el tratamiento de la queratitis bacterianas, conjuntivitis bacterianas agudas y cr\u00f3nicas, \u00falceras bacterianas, blefaritis, dacrioadenitis, dacriocistitis, y otras infecciones del ojo causadas por cepas susceptibles.<\/p>\n<p>Tambi\u00e9n est\u00e1 indicado en la profilaxis pre y posquir\u00fargica. La presencia de pol\u00edmeros naturales como el hialuronato de sodio y el condroit\u00edn sulfato favorecen los procesos de cicatrizaci\u00f3n de la c\u00f3rnea y las conjuntivas.<\/p>\n<p>La ofloxacina presenta un espectro antibacteriano que alcanza a los siguientes microorganismos: Bacterias grampositivas\u00a0<em>Staphylococcus aureus, Staphylococcus epidermidis, Streptococcus pneumoniae<\/em>. Bacterias gramnegativas:\u00a0<em>Enterobacter cloacae, Haemophilus influenzae, Proteus mirabilis, Pseudomonas aeruginosa, Serratia marcescens.<\/em><\/p>\n<p>Dosis<br \/>\nInstilar una gota de <strong>Ocuflox<\/strong> en cada ojo cada 24 horas.<\/p>\n<p>&nbsp;<\/p>\n<p>Brouwer<\/p>\n","protected":false},"excerpt":{"rendered":"<p>Contiene 1 gotero de 5 ml. Colirio con antibi\u00f3tico de amplio espectro y principios activos cicatrizantes. Para caninos, felinos y equinos. En gotas. F\u00f3rmula Cada 100 mL contiene: Ofloxacina \u2026\u2026\u2026\u2026\u2026\u2026\u2026\u2026 0,60 g Hialuronato de sodio \u2026\u2026\u2026. 0,30 g Condroit\u00edn sulfato \u2026\u2026\u2026\u2026\u2026. 20 g Excipientes c.s.p. \u2026\u2026\u2026\u2026\u2026 100 mL Ocuflox esta indicado para el tratamiento de &#8230; <a title=\"Ocuflox x 5 ml &#8211; Brouwer\" class=\"read-more\" href=\"https:\/\/vetaustral.com.ar\/?product=ocuflox-x-5-ml-brouwer\" aria-label=\"Leer m\u00e1s sobre Ocuflox x 5 ml &#8211; Brouwer\">Leer m\u00e1s<\/a><\/p>\n","protected":false},"featured_media":1032,"comment_status":"open","ping_status":"closed","template":"","meta":[],"product_brand":[72],"product_cat":[36,33,32],"product_tag":[53,92,77,81],"class_list":{"0":"post-1031","1":"product","2":"type-product","3":"status-publish","4":"has-post-thumbnail","6":"product_brand-brouwer","7":"product_cat-animales-de-compania","8":"product_cat-equinos","9":"product_cat-farmacia","10":"product_tag-antibiotico","11":"product_tag-antiulceroso-ocular","12":"product_tag-cicatrizante","13":"product_tag-colirio","14":"sales-flash-overlay","15":"woocommerce-text-align-center","16":"woocommerce-image-align-center","17":"do-quantity-buttons","19":"first","20":"instock","21":"taxable","22":"shipping-taxable","23":"purchasable","24":"product-type-simple"},"jetpack_sharing_enabled":true,"_links":{"self":[{"href":"https:\/\/vetaustral.com.ar\/index.php?rest_route=\/wp\/v2\/product\/1031","targetHints":{"allow":["GET"]}}],"collection":[{"href":"https:\/\/vetaustral.com.ar\/index.php?rest_route=\/wp\/v2\/product"}],"about":[{"href":"https:\/\/vetaustral.com.ar\/index.php?rest_route=\/wp\/v2\/types\/product"}],"replies":[{"embeddable":true,"href":"https:\/\/vetaustral.com.ar\/index.php?rest_route=%2Fwp%2Fv2%2Fcomments&post=1031"}],"wp:featuredmedia":[{"embeddable":true,"href":"https:\/\/vetaustral.com.ar\/index.php?rest_route=\/wp\/v2\/media\/1032"}],"wp:attachment":[{"href":"https:\/\/vetaustral.com.ar\/index.php?rest_route=%2Fwp%2Fv2%2Fmedia&parent=1031"}],"wp:term":[{"taxonomy":"product_brand","embeddable":true,"href":"https:\/\/vetaustral.com.ar\/index.php?rest_route=%2Fwp%2Fv2%2Fproduct_brand&post=1031"},{"taxonomy":"product_cat","embeddable":true,"href":"https:\/\/vetaustral.com.ar\/index.php?rest_route=%2Fwp%2Fv2%2Fproduct_cat&post=1031"},{"taxonomy":"product_tag","embeddable":true,"href":"https:\/\/vetaustral.com.ar\/index.php?rest_route=%2Fwp%2Fv2%2Fproduct_tag&post=1031"}],"curies":[{"name":"wp","href":"https:\/\/api.w.org\/{rel}","templated":true}]}}