{"id":1027,"date":"2025-10-16T20:17:47","date_gmt":"2025-10-16T20:17:47","guid":{"rendered":"https:\/\/vetaustral.com.ar\/?post_type=product&#038;p=1027"},"modified":"2026-03-02T13:31:27","modified_gmt":"2026-03-02T13:31:27","slug":"ocladerm-36mg-x-20-comp-brouwer","status":"publish","type":"product","link":"https:\/\/vetaustral.com.ar\/?product=ocladerm-36mg-x-20-comp-brouwer","title":{"rendered":"Ocladerm 3,6mg x 20 comp &#8211; Brouwer"},"content":{"rendered":"<p>Contiene 2 bl\u00edster de 10 comprimidos.<\/p>\n<ul>\n<li>Antipruriginoso<\/li>\n<li>Comprimidos ranurados<\/li>\n<li>Para <strong>caninos<\/strong><\/li>\n<\/ul>\n<dl class=\"col-xs-12 p0 mbottom20\">\n<dt class=\"formula active\">F\u00f3rmula<\/dt>\n<dd class=\"cont conformula active\">Cada comprimido de 103 mg contiene 3,6 mg de Oclacitinib como Oclacitinib maleato.<\/dd>\n<\/dl>\n<p><strong>Ocladerm<\/strong> est\u00e1 indicado para el tratamiento del prurito relacionado con dermatitis al\u00e9rgicas en perros (como\u00a0<strong>alergias por picaduras de pulgas, alimentarias, de contacto, al\u00e9rgenos ambientales como el polen, el moho o los \u00e1caros del polvo<\/strong>) y para el control de las manifestaciones cl\u00ednicas de la dermatitis at\u00f3pica en perros a partir de los 12 meses de edad.<\/p>\n<p>Dosificaci\u00f3n y modo de uso<br \/>\n<strong>Ocladerm<\/strong> debe administrarse a raz\u00f3n de 0,4 &#8211; 0,6 mg de oclacitinib\/ kg de peso corporal, por la v\u00eda oral, dos<br \/>\nveces por d\u00eda (cada 12 horas), por hasta 14 d\u00edas. Luego se debe pasar a una dosis de mantenimiento de una<br \/>\ntoma diaria (0,4 &#8211; 0,6 mg\/kg cada 24 horas). El comprimido se puede administrar con o sin el alimento.<\/p>\n<p>Contraindicaciones<br \/>\nNo usar en perros menores de 12 meses de edad o menores de 3 kg de peso corporal.<br \/>\nNo usar en perros con inmunosupresi\u00f3n a hiperadrenocorticismo.<br \/>\nNo usar en perras gestantes o en lactaci\u00f3n, pues no han sido estudiados las efectos de oclacitinib en estos<br \/>\nestados ni en machos destinados a la reproducci\u00f3n.<\/p>\n<p>Brouwer<\/p>\n<p>&nbsp;<\/p>\n","protected":false},"excerpt":{"rendered":"<p>Contiene 2 bl\u00edster de 10 comprimidos. Antipruriginoso Comprimidos ranurados Para caninos F\u00f3rmula Cada comprimido de 103 mg contiene 3,6 mg de Oclacitinib como Oclacitinib maleato. Ocladerm est\u00e1 indicado para el tratamiento del prurito relacionado con dermatitis al\u00e9rgicas en perros (como\u00a0alergias por picaduras de pulgas, alimentarias, de contacto, al\u00e9rgenos ambientales como el polen, el moho o &#8230; <a title=\"Ocladerm 3,6mg x 20 comp &#8211; Brouwer\" class=\"read-more\" href=\"https:\/\/vetaustral.com.ar\/?product=ocladerm-36mg-x-20-comp-brouwer\" aria-label=\"Leer m\u00e1s sobre Ocladerm 3,6mg x 20 comp &#8211; Brouwer\">Leer m\u00e1s<\/a><\/p>\n","protected":false},"featured_media":1028,"comment_status":"open","ping_status":"closed","template":"","meta":[],"product_brand":[72],"product_cat":[36,32],"product_tag":[45,74],"class_list":{"0":"post-1027","1":"product","2":"type-product","3":"status-publish","4":"has-post-thumbnail","6":"product_brand-brouwer","7":"product_cat-animales-de-compania","8":"product_cat-farmacia","9":"product_tag-alergias","10":"product_tag-antipruriginoso","11":"sales-flash-overlay","12":"woocommerce-text-align-center","13":"woocommerce-image-align-center","14":"do-quantity-buttons","16":"first","17":"instock","18":"taxable","19":"shipping-taxable","20":"purchasable","21":"product-type-simple"},"jetpack_sharing_enabled":true,"_links":{"self":[{"href":"https:\/\/vetaustral.com.ar\/index.php?rest_route=\/wp\/v2\/product\/1027","targetHints":{"allow":["GET"]}}],"collection":[{"href":"https:\/\/vetaustral.com.ar\/index.php?rest_route=\/wp\/v2\/product"}],"about":[{"href":"https:\/\/vetaustral.com.ar\/index.php?rest_route=\/wp\/v2\/types\/product"}],"replies":[{"embeddable":true,"href":"https:\/\/vetaustral.com.ar\/index.php?rest_route=%2Fwp%2Fv2%2Fcomments&post=1027"}],"wp:featuredmedia":[{"embeddable":true,"href":"https:\/\/vetaustral.com.ar\/index.php?rest_route=\/wp\/v2\/media\/1028"}],"wp:attachment":[{"href":"https:\/\/vetaustral.com.ar\/index.php?rest_route=%2Fwp%2Fv2%2Fmedia&parent=1027"}],"wp:term":[{"taxonomy":"product_brand","embeddable":true,"href":"https:\/\/vetaustral.com.ar\/index.php?rest_route=%2Fwp%2Fv2%2Fproduct_brand&post=1027"},{"taxonomy":"product_cat","embeddable":true,"href":"https:\/\/vetaustral.com.ar\/index.php?rest_route=%2Fwp%2Fv2%2Fproduct_cat&post=1027"},{"taxonomy":"product_tag","embeddable":true,"href":"https:\/\/vetaustral.com.ar\/index.php?rest_route=%2Fwp%2Fv2%2Fproduct_tag&post=1027"}],"curies":[{"name":"wp","href":"https:\/\/api.w.org\/{rel}","templated":true}]}}