{"id":1019,"date":"2025-10-16T15:33:44","date_gmt":"2025-10-16T15:33:44","guid":{"rendered":"https:\/\/vetaustral.com.ar\/?post_type=product&#038;p=1019"},"modified":"2026-03-02T13:32:57","modified_gmt":"2026-03-02T13:32:57","slug":"laxavet-x-40-gr-brouwer","status":"publish","type":"product","link":"https:\/\/vetaustral.com.ar\/?product=laxavet-x-40-gr-brouwer","title":{"rendered":"Laxavet x 40 gr &#8211; Brouwer"},"content":{"rendered":"<p>Contiene 1 pomo pasta palatable de 40 gr.<\/p>\n<ul>\n<li>Laxante.<\/li>\n<li>Para <strong>caninos y felinos<\/strong>.<\/li>\n<li>En pasta palatable.<\/li>\n<\/ul>\n<dl class=\"col-xs-12 p0 mbottom20\">\n<dt class=\"formula active\">F\u00f3rmula<\/dt>\n<dd class=\"cont conformula active\">Extracto de malta\u2026\u2026\u2026\u2026\u2026\u2026 47 g<br \/>\nAceite mineral denso\u2026\u2026\u2026\u2026.. 44 g<br \/>\nExcipientes \u00a0c.s.p. \u2026\u2026\u2026\u2026\u2026. 100 g<\/dd>\n<\/dl>\n<p><strong>Laxavet<\/strong> esta indicado como laxante y emoliente gastro-intestinal:<\/p>\n<ul>\n<li>Para facilitar la movilizaci\u00f3n de cuerpos extra\u00f1os intestinales.<\/li>\n<li>Para el tratamiento de la constipaci\u00f3n.<\/li>\n<li>Para la prevenci\u00f3n y tratamiento de obstrucciones gastro-intestinales producidas por los bolos de pelos en los gatos.<\/li>\n<\/ul>\n<p>Dosificaci\u00f3n<br \/>\nTanto en gatos como en perros administrar v\u00eda oral 1 cm lineal desde la boca del pomo por kilo de peso<br \/>\n(aproximadamente 1\/4 a 1\/2 cucharadita de t\u00e9).<\/p>\n<p>Brouwer<\/p>\n","protected":false},"excerpt":{"rendered":"<p>Contiene 1 pomo pasta palatable de 40 gr. Laxante. Para caninos y felinos. En pasta palatable. F\u00f3rmula Extracto de malta\u2026\u2026\u2026\u2026\u2026\u2026 47 g Aceite mineral denso\u2026\u2026\u2026\u2026.. 44 g Excipientes \u00a0c.s.p. \u2026\u2026\u2026\u2026\u2026. 100 g Laxavet esta indicado como laxante y emoliente gastro-intestinal: Para facilitar la movilizaci\u00f3n de cuerpos extra\u00f1os intestinales. Para el tratamiento de la constipaci\u00f3n. Para &#8230; <a title=\"Laxavet x 40 gr &#8211; Brouwer\" class=\"read-more\" href=\"https:\/\/vetaustral.com.ar\/?product=laxavet-x-40-gr-brouwer\" aria-label=\"Leer m\u00e1s sobre Laxavet x 40 gr &#8211; Brouwer\">Leer m\u00e1s<\/a><\/p>\n","protected":false},"featured_media":1020,"comment_status":"open","ping_status":"closed","template":"","meta":[],"product_brand":[72],"product_cat":[36,32],"product_tag":[86,67,87],"class_list":{"0":"post-1019","1":"product","2":"type-product","3":"status-publish","4":"has-post-thumbnail","6":"product_brand-brouwer","7":"product_cat-animales-de-compania","8":"product_cat-farmacia","9":"product_tag-laxante","10":"product_tag-palatable","11":"product_tag-purgante","12":"sales-flash-overlay","13":"woocommerce-text-align-center","14":"woocommerce-image-align-center","15":"do-quantity-buttons","17":"first","18":"instock","19":"taxable","20":"shipping-taxable","21":"purchasable","22":"product-type-simple"},"jetpack_sharing_enabled":true,"_links":{"self":[{"href":"https:\/\/vetaustral.com.ar\/index.php?rest_route=\/wp\/v2\/product\/1019","targetHints":{"allow":["GET"]}}],"collection":[{"href":"https:\/\/vetaustral.com.ar\/index.php?rest_route=\/wp\/v2\/product"}],"about":[{"href":"https:\/\/vetaustral.com.ar\/index.php?rest_route=\/wp\/v2\/types\/product"}],"replies":[{"embeddable":true,"href":"https:\/\/vetaustral.com.ar\/index.php?rest_route=%2Fwp%2Fv2%2Fcomments&post=1019"}],"wp:featuredmedia":[{"embeddable":true,"href":"https:\/\/vetaustral.com.ar\/index.php?rest_route=\/wp\/v2\/media\/1020"}],"wp:attachment":[{"href":"https:\/\/vetaustral.com.ar\/index.php?rest_route=%2Fwp%2Fv2%2Fmedia&parent=1019"}],"wp:term":[{"taxonomy":"product_brand","embeddable":true,"href":"https:\/\/vetaustral.com.ar\/index.php?rest_route=%2Fwp%2Fv2%2Fproduct_brand&post=1019"},{"taxonomy":"product_cat","embeddable":true,"href":"https:\/\/vetaustral.com.ar\/index.php?rest_route=%2Fwp%2Fv2%2Fproduct_cat&post=1019"},{"taxonomy":"product_tag","embeddable":true,"href":"https:\/\/vetaustral.com.ar\/index.php?rest_route=%2Fwp%2Fv2%2Fproduct_tag&post=1019"}],"curies":[{"name":"wp","href":"https:\/\/api.w.org\/{rel}","templated":true}]}}